{"id":4194,"date":"2019-09-18T14:48:43","date_gmt":"2019-09-18T14:48:43","guid":{"rendered":"http:\/\/www.agnilaser.de\/?page_id=1486"},"modified":"2019-09-18T14:48:43","modified_gmt":"2019-09-18T14:48:43","slug":"laserstrahlschneiden-von-metall","status":"publish","type":"page","link":"https:\/\/form-klar.de\/agnilaser2025\/laserstrahlschneiden-von-metall\/","title":{"rendered":"Laserstrahlschneiden von Metall"},"content":{"rendered":"<h1>Infos zu Laserstrahlschneiden von Metall?<\/h1>\n<p>Gern stellen wir Ihnen Informationen zum <strong>Laserstrahlschneiden von Metall<\/strong> zur Verf\u00fcgung. Mit hoher Effizienz und Qualit\u00e4t sind wir dabei! Unsere Leistungsbreite \u00fcberzeugt schon seit Jahren unsere Kunden. Mit Fug und Recht kann man sagen: <strong>Laserstrahlschneiden von Metall<\/strong> ist aus dem ganzen Bereich <strong>Maschinen- und Apparatebau<\/strong> nicht mehr wegzudenken. Dabei ist diese Aussage sicher auch noch untertrieben. Denn es gibt fast keine Branche f\u00fcr die <a title=\"Das Unternehmen Laserzentrum Th\u00fcringen - form-klar.de\/agnilaser2025\" href=\"https:\/\/form-klar.de\/agnilaser2025\/\/unternehmen-laserzentrum-thueringen\/\"><strong>Unternehmen wie Laserzentrum Schorcht GmbH<\/strong><\/a> nicht schon Lohnauftr\u00e4ge bearbeitet haben.<\/p>\n<h3>Wenn Erfahrung z\u00e4hlt \u2013 die besten L\u00f6sungen f\u00fcr hohe Genauigkeit und Qualit\u00e4t<\/h3>\n<p>Als <strong>effektive Materialbearbeitung<\/strong> ist das Schneiden von Metall mit Lasern heute die Basis der Werkzeugherstellung und Bearbeitung in der Industrie. Auch <strong>Laserzentrum Schorcht GmbH arbeitet bereits erfolgreich seit 20 Jahren mit dieser Technologie<\/strong>.<\/p>\n<p><img class=\"lazyload\" decoding=\"async\" src=\"https:\/\/form-klar.de\/agnilaser2025\/wp-content\/uploads\/100_0369-1024x768.jpg\" data-orig-src=\"https:\/\/form-klar.de\/agnilaser2025\/wp-content\/uploads\/100_0369-1024x768.jpg\" data-sizes=\"auto\" data-orig-sizes=\"(max-width: 1024px) 100vw, 1024px\" srcset=\"data:image\/svg+xml,%3Csvg%20xmlns%3D%27http%3A%2F%2Fwww.w3.org%2F2000%2Fsvg%27%20width%3D%271024%27%20height%3D%27768%27%20viewBox%3D%270%200%201024%20768%27%3E%3Crect%20width%3D%271024%27%20height%3D%27768%27%20fill-opacity%3D%220%22%2F%3E%3C%2Fsvg%3E\" data-srcset=\"https:\/\/form-klar.de\/agnilaser2025\/wp-content\/uploads\/100_0369-1024x768.jpg 1024w, https:\/\/form-klar.de\/agnilaser2025\/wp-content\/uploads\/100_0369-300x225.jpg 300w, https:\/\/form-klar.de\/agnilaser2025\/wp-content\/uploads\/100_0369-768x576.jpg 768w, https:\/\/form-klar.de\/agnilaser2025\/wp-content\/uploads\/100_0369.jpg 1920w\" alt=\"Laserstrahlschneiden von Metall\" width=\"1024\" height=\"768\"><\/p>\n<p>Den Fokus legt das Unternehmen dabei auf die Laserlohnfertigung. Was muss ein Unternehmen wie wir bieten, damit man in diesem Bereich erfolgreich wirtschaften kann? Zum einen sollte das Unternehmen sehr breit technologisch aufgestellt sein. Es geh\u00f6rt schon ein umfassender Technologiepark dazu, um alle Leistungen, die der Kunde w\u00fcnscht, zeitnah liefern zu k\u00f6nnen.<\/p>\n<h3>Breite Anwendungsbereiche \u2013 wir halten modernste Laser-Technologie vor<\/h3>\n<p>Ob <a title=\"Markieraufgaben\" href=\"https:\/\/form-klar.de\/agnilaser2025\/\/laserprogramm\/\"><strong>Markieraufgaben<\/strong><\/a>, <strong>Beschriften<\/strong>, <a title=\"Laserschwei\u00dfen von Metall\" href=\"https:\/\/form-klar.de\/agnilaser2025\/\/laserschweissen-fuer-metalle\/\"><strong>Laserschwei\u00dfen von Metall<\/strong><\/a> oder das <strong>Laserstrahlschneiden von Metall<\/strong> \u2013 ob Reparaturschwei\u00dfen oder Laserbohren \u2013 f\u00fcr jeden Arbeitsschritt sind spezielle Laser durch das Unternehmen vorzuhalten. Insgesamt 14 Laseranlagen bis zu 4.000 Watt stellen wir dem Markt zur Verf\u00fcgung. Dabei stellen wir Ihnen gern die modernen Laseranlagen vor, die wir f\u00fcr Sie zum Einsatz bringen. Ob <strong>CO<sub>2<\/sub> Laser<\/strong>, <strong>Faserlaser<\/strong> oder <strong>ND:YAG-Laser<\/strong> \u2013 f\u00fcr das <strong>Laserstrahlschneiden von Metall<\/strong> kommt es auch auf gute Beratung im Vorfeld an. Denn durch eine kompetente Beratung k\u00f6nnen wir Ihnen den effektiven Weg zum erfolgreichen Produkt ebnen.<\/p>\n<h3>Laserstrahlschneiden von Metall: Neue M\u00f6glichkeiten beim Laserschneiden!<\/h3>\n<p><strong>Die industrielle Lasertechnologie<\/strong> hat die <strong>Metallbearbeitung<\/strong> in den letzten Jahrzehnten sehr ver\u00e4ndert. Immer kleinere und kompliziertere Geometrien k\u00f6nnen bearbeitet werden. Wir beraten Sie zu den Methoden und <strong>M\u00f6glichkeiten beim Laserstrahlschneiden von Metall<\/strong>. Ob <strong>Mikroschneiden<\/strong> oder <strong>3D-Schneiden<\/strong> \u2013 setzen Sie Vertrauen in die Effizienz und Genauigkeit unserer Laseranlagen.<\/p>\n<p><a title=\"Kontakt\" href=\"https:\/\/form-klar.de\/agnilaser2025\/\/kontakt\/\"><strong>Willkommen bei Laserzentrum Schorcht GmbH<\/strong><\/a>!<\/p>\n","protected":false},"excerpt":{"rendered":"<p>Infos zu Laserstrahlschneiden von Metall? Gern stellen wir Ihnen Informationen zum Laserstrahlschneiden von Metall zur Verf\u00fcgung. Mit hoher Effizienz und Qualit\u00e4t sind wir dabei! Unsere [&hellip;]<\/p>\n","protected":false},"author":10,"featured_media":0,"parent":0,"menu_order":0,"comment_status":"closed","ping_status":"closed","template":"","meta":{"ngg_post_thumbnail":0,"footnotes":"","_links_to":"","_links_to_target":""},"class_list":["post-4194","page","type-page","status-publish","hentry"],"yoast_head":"<!-- This site is optimized with the Yoast SEO plugin v24.6 - https:\/\/yoast.com\/wordpress\/plugins\/seo\/ -->\n<title>Laserstrahlschneiden | Laserlohnfertigung | form-klar.de\/agnilaser2025<\/title>\n<meta name=\"description\" content=\"Laserstrahlschneiden von Metall: Lohnfertigung \u2705 Breites Angebot an Laseranlagen \u2705 kompetente Beratung \u2705 flexibel \u2705 g\u00fcnstig und effektiv \u2705 form-klar.de\/agnilaser2025\" \/>\n<meta name=\"robots\" content=\"index, follow, max-snippet:-1, max-image-preview:large, max-video-preview:-1\" \/>\n<link rel=\"canonical\" href=\"https:\/\/form-klar.de\/agnilaser2025\/laserstrahlschneiden-von-metall\/\" \/>\n<meta property=\"og:locale\" content=\"de_DE\" \/>\n<meta property=\"og:type\" content=\"article\" \/>\n<meta property=\"og:title\" content=\"Laserstrahlschneiden | Laserlohnfertigung | form-klar.de\/agnilaser2025\" \/>\n<meta property=\"og:description\" content=\"Laserstrahlschneiden von Metall: Lohnfertigung \u2705 Breites Angebot an Laseranlagen \u2705 kompetente Beratung \u2705 flexibel \u2705 g\u00fcnstig und effektiv \u2705 form-klar.de\/agnilaser2025\" \/>\n<meta property=\"og:url\" content=\"https:\/\/form-klar.de\/agnilaser2025\/laserstrahlschneiden-von-metall\/\" \/>\n<meta property=\"og:site_name\" content=\"Laserzentrum Schorcht GmbH\" \/>\n<meta property=\"og:image\" content=\"https:\/\/form-klar.de\/agnilaser2025\/wp-content\/uploads\/100_0369-1024x768.jpg\" \/>\n<meta name=\"twitter:label1\" content=\"Gesch\u00e4tzte Lesezeit\" \/>\n\t<meta name=\"twitter:data1\" content=\"2\u00a0Minuten\" \/>\n<script type=\"application\/ld+json\" class=\"yoast-schema-graph\">{\"@context\":\"https:\/\/schema.org\",\"@graph\":[{\"@type\":\"WebPage\",\"@id\":\"https:\/\/form-klar.de\/agnilaser2025\/laserstrahlschneiden-von-metall\/\",\"url\":\"https:\/\/form-klar.de\/agnilaser2025\/laserstrahlschneiden-von-metall\/\",\"name\":\"Laserstrahlschneiden | Laserlohnfertigung | form-klar.de\/agnilaser2025\",\"isPartOf\":{\"@id\":\"https:\/\/form-klar.de\/agnilaser2025\/#website\"},\"primaryImageOfPage\":{\"@id\":\"https:\/\/form-klar.de\/agnilaser2025\/laserstrahlschneiden-von-metall\/#primaryimage\"},\"image\":{\"@id\":\"https:\/\/form-klar.de\/agnilaser2025\/laserstrahlschneiden-von-metall\/#primaryimage\"},\"thumbnailUrl\":\"https:\/\/form-klar.de\/agnilaser2025\/wp-content\/uploads\/100_0369-1024x768.jpg\",\"datePublished\":\"2019-09-18T14:48:43+00:00\",\"description\":\"Laserstrahlschneiden von Metall: Lohnfertigung \u2705 Breites Angebot an Laseranlagen \u2705 kompetente Beratung \u2705 flexibel \u2705 g\u00fcnstig und effektiv \u2705 form-klar.de\/agnilaser2025\",\"inLanguage\":\"de\",\"potentialAction\":[{\"@type\":\"ReadAction\",\"target\":[\"https:\/\/form-klar.de\/agnilaser2025\/laserstrahlschneiden-von-metall\/\"]}]},{\"@type\":\"ImageObject\",\"inLanguage\":\"de\",\"@id\":\"https:\/\/form-klar.de\/agnilaser2025\/laserstrahlschneiden-von-metall\/#primaryimage\",\"url\":\"https:\/\/form-klar.de\/agnilaser2025\/wp-content\/uploads\/100_0369.jpg\",\"contentUrl\":\"https:\/\/form-klar.de\/agnilaser2025\/wp-content\/uploads\/100_0369.jpg\",\"width\":1920,\"height\":1440,\"caption\":\"Das Laserstrahlschneiden von Metall\"},{\"@type\":\"WebSite\",\"@id\":\"https:\/\/form-klar.de\/agnilaser2025\/#website\",\"url\":\"https:\/\/form-klar.de\/agnilaser2025\/\",\"name\":\"Laserzentrum Schorcht GmbH\",\"description\":\"\",\"potentialAction\":[{\"@type\":\"SearchAction\",\"target\":{\"@type\":\"EntryPoint\",\"urlTemplate\":\"https:\/\/form-klar.de\/agnilaser2025\/?s={search_term_string}\"},\"query-input\":{\"@type\":\"PropertyValueSpecification\",\"valueRequired\":true,\"valueName\":\"search_term_string\"}}],\"inLanguage\":\"de\"}]}<\/script>\n<!-- \/ Yoast SEO plugin. -->","yoast_head_json":{"title":"Laserstrahlschneiden | Laserlohnfertigung | form-klar.de\/agnilaser2025","description":"Laserstrahlschneiden von Metall: Lohnfertigung \u2705 Breites Angebot an Laseranlagen \u2705 kompetente Beratung \u2705 flexibel \u2705 g\u00fcnstig und effektiv \u2705 form-klar.de\/agnilaser2025","robots":{"index":"index","follow":"follow","max-snippet":"max-snippet:-1","max-image-preview":"max-image-preview:large","max-video-preview":"max-video-preview:-1"},"canonical":"https:\/\/form-klar.de\/agnilaser2025\/laserstrahlschneiden-von-metall\/","og_locale":"de_DE","og_type":"article","og_title":"Laserstrahlschneiden | Laserlohnfertigung | form-klar.de\/agnilaser2025","og_description":"Laserstrahlschneiden von Metall: Lohnfertigung \u2705 Breites Angebot an Laseranlagen \u2705 kompetente Beratung \u2705 flexibel \u2705 g\u00fcnstig und effektiv \u2705 form-klar.de\/agnilaser2025","og_url":"https:\/\/form-klar.de\/agnilaser2025\/laserstrahlschneiden-von-metall\/","og_site_name":"Laserzentrum Schorcht GmbH","og_image":[{"url":"https:\/\/form-klar.de\/agnilaser2025\/wp-content\/uploads\/100_0369-1024x768.jpg","type":"","width":"","height":""}],"twitter_misc":{"Gesch\u00e4tzte Lesezeit":"2\u00a0Minuten"},"schema":{"@context":"https:\/\/schema.org","@graph":[{"@type":"WebPage","@id":"https:\/\/form-klar.de\/agnilaser2025\/laserstrahlschneiden-von-metall\/","url":"https:\/\/form-klar.de\/agnilaser2025\/laserstrahlschneiden-von-metall\/","name":"Laserstrahlschneiden | Laserlohnfertigung | form-klar.de\/agnilaser2025","isPartOf":{"@id":"https:\/\/form-klar.de\/agnilaser2025\/#website"},"primaryImageOfPage":{"@id":"https:\/\/form-klar.de\/agnilaser2025\/laserstrahlschneiden-von-metall\/#primaryimage"},"image":{"@id":"https:\/\/form-klar.de\/agnilaser2025\/laserstrahlschneiden-von-metall\/#primaryimage"},"thumbnailUrl":"https:\/\/form-klar.de\/agnilaser2025\/wp-content\/uploads\/100_0369-1024x768.jpg","datePublished":"2019-09-18T14:48:43+00:00","description":"Laserstrahlschneiden von Metall: Lohnfertigung \u2705 Breites Angebot an Laseranlagen \u2705 kompetente Beratung \u2705 flexibel \u2705 g\u00fcnstig und effektiv \u2705 form-klar.de\/agnilaser2025","inLanguage":"de","potentialAction":[{"@type":"ReadAction","target":["https:\/\/form-klar.de\/agnilaser2025\/laserstrahlschneiden-von-metall\/"]}]},{"@type":"ImageObject","inLanguage":"de","@id":"https:\/\/form-klar.de\/agnilaser2025\/laserstrahlschneiden-von-metall\/#primaryimage","url":"https:\/\/form-klar.de\/agnilaser2025\/wp-content\/uploads\/100_0369.jpg","contentUrl":"https:\/\/form-klar.de\/agnilaser2025\/wp-content\/uploads\/100_0369.jpg","width":1920,"height":1440,"caption":"Das Laserstrahlschneiden von Metall"},{"@type":"WebSite","@id":"https:\/\/form-klar.de\/agnilaser2025\/#website","url":"https:\/\/form-klar.de\/agnilaser2025\/","name":"Laserzentrum Schorcht GmbH","description":"","potentialAction":[{"@type":"SearchAction","target":{"@type":"EntryPoint","urlTemplate":"https:\/\/form-klar.de\/agnilaser2025\/?s={search_term_string}"},"query-input":{"@type":"PropertyValueSpecification","valueRequired":true,"valueName":"search_term_string"}}],"inLanguage":"de"}]}},"_links":{"self":[{"href":"https:\/\/form-klar.de\/agnilaser2025\/wp-json\/wp\/v2\/pages\/4194","targetHints":{"allow":["GET"]}}],"collection":[{"href":"https:\/\/form-klar.de\/agnilaser2025\/wp-json\/wp\/v2\/pages"}],"about":[{"href":"https:\/\/form-klar.de\/agnilaser2025\/wp-json\/wp\/v2\/types\/page"}],"author":[{"embeddable":true,"href":"https:\/\/form-klar.de\/agnilaser2025\/wp-json\/wp\/v2\/users\/10"}],"replies":[{"embeddable":true,"href":"https:\/\/form-klar.de\/agnilaser2025\/wp-json\/wp\/v2\/comments?post=4194"}],"version-history":[{"count":0,"href":"https:\/\/form-klar.de\/agnilaser2025\/wp-json\/wp\/v2\/pages\/4194\/revisions"}],"wp:attachment":[{"href":"https:\/\/form-klar.de\/agnilaser2025\/wp-json\/wp\/v2\/media?parent=4194"}],"curies":[{"name":"wp","href":"https:\/\/api.w.org\/{rel}","templated":true}]}}