{"id":4193,"date":"2019-08-27T11:39:07","date_gmt":"2019-08-27T11:39:07","guid":{"rendered":"http:\/\/www.agnilaser.de\/?page_id=1475"},"modified":"2019-08-27T11:39:07","modified_gmt":"2019-08-27T11:39:07","slug":"laserschneiden-von-edelstahl","status":"publish","type":"page","link":"https:\/\/form-klar.de\/agnilaser2025\/laserschneiden-von-edelstahl\/","title":{"rendered":"Laserschneiden von Edelstahl"},"content":{"rendered":"<h2><strong>Laserschneiden von Edelstahl<\/strong><\/h2>\n<p>Wir sind der <strong>Lohnfertiger f\u00fcr Laserschneiden von Edelstahl<\/strong>. Komplexe Umrisse \u2013 2D oder 3D geh\u00f6ren zu unseren Leistungsspektrum. Dabei arbeiten wir pr\u00e4zise, aber auch schnell. Ob Mikroschneiden oder gro\u00dfe Losgr\u00f6\u00dfen \u2013 wir sind Ihr Ansprechpartner!<\/p>\n<h3>Besonderheiten Laserschneiden Edelstahl<\/h3>\n<p><strong>Laserschneiden<\/strong> ist die pr\u00e4zise Art und Weise, um Edelstahl zu schneiden. Daneben gibt es \u00fcbrigens noch Plasmaschneiden und Wasserschneiden. Wir verf\u00fcgen \u00fcber einen abgestimmten Maschinenpark f\u00fcr Ihre Anforderungen. Beispielsweise verwenden wir CO<sub>2 <\/sub>Laser f\u00fcr h\u00f6here Materialst\u00e4rke oder Festk\u00f6rperlaser, wie zum Beispiel <strong>Faserlaser<\/strong> oder <strong>gepulste Nd:YAG<\/strong> \u2013 f\u00fcr <strong>Mikroschneiden<\/strong>.<\/p>\n<h2>Laserschneiden Edelstahl<\/h2>\n<p>Edelstahl ist selbstverst\u00e4ndlich ein Material, dass wir f\u00fcr Sie <strong>schneiden \u2013 in 2D und 3D<\/strong>. Alle Teile werden exakt nach Ihren Vorgaben gefertigt. Denn mit der kraftfreien Bearbeitung und dem geringen W\u00e4rmeeintrag haben Sie den Vorteil, so gut wie keinen Verzug im Werkst\u00fcck zu erhalten. Im Lohnbetrieb arbeiten wir auch daf\u00fcr, Ihre Produktion mit h\u00f6chster Effizienz f\u00fcr Sie wirtschaftlich zu machen. Verzichten Sie auf die <strong>Anschaffung teurer Technologien<\/strong> und optimal ausgebildeter Mitarbeiter. Daf\u00fcr sind wir da, Ihnen diese beiden Erfolgsfaktoren vorzuhalten.<\/p>\n<h3>Guter Service \u2013 hohe Kundenzufriedenheit \u2013 g\u00fcnstige Fertigung<\/h3>\n<p><strong>Laserschneiden von Edelstahl<\/strong> bieten wir Ihnen von 0,5 bis 10 mm Materialdicke an. F\u00fcr jeden Auftrag haben wir die passende Lasertechnologie parat. Insgesamt stehen Ihnen sogar 14 Laseranlagen zur Verf\u00fcgung. Diese Leistung dieser Anlagen bel\u00e4uft sich insgesamt auf 20.000 Watt.<\/p>\n<p><img class=\"lazyload\" decoding=\"async\" src=\"https:\/\/form-klar.de\/agnilaser2025\/\/wp-content\/uploads\/Laserschneiden-683x1024.jpg\" data-orig-src=\"https:\/\/form-klar.de\/agnilaser2025\/\/wp-content\/uploads\/Laserschneiden-683x1024.jpg\" data-sizes=\"auto\" data-orig-sizes=\"(max-width: 683px) 100vw, 683px\" srcset=\"data:image\/svg+xml,%3Csvg%20xmlns%3D%27http%3A%2F%2Fwww.w3.org%2F2000%2Fsvg%27%20width%3D%27683%27%20height%3D%271024%27%20viewBox%3D%270%200%20683%201024%27%3E%3Crect%20width%3D%27683%27%20height%3D%271024%27%20fill-opacity%3D%220%22%2F%3E%3C%2Fsvg%3E\" data-srcset=\"https:\/\/form-klar.de\/agnilaser2025\/\/wp-content\/uploads\/Laserschneiden-683x1024.jpg 683w, https:\/\/form-klar.de\/agnilaser2025\/\/wp-content\/uploads\/Laserschneiden-200x300.jpg 200w, https:\/\/form-klar.de\/agnilaser2025\/\/wp-content\/uploads\/Laserschneiden-768x1152.jpg 768w, https:\/\/form-klar.de\/agnilaser2025\/\/wp-content\/uploads\/Laserschneiden.jpg 1920w\" alt=\"Laserschneiden von Edelstahl\" width=\"683\" height=\"1024\"><\/p>\n<h4><strong>Vorteile von Laserschneiden<\/strong> durch Laserzentrum Schorcht GmbH<\/h4>\n<p>Die Vorteile f\u00fcr Sie sind, dass wir in kurzer Zeit und mit einem guten Preis liefern k\u00f6nnen. Zum Anfang ist zudem die Beratung wichtig. Denn damit erreichen wir die <a title=\"UNSERE LEISTUNGEN F\u00dcR SIE\" href=\"https:\/\/form-klar.de\/agnilaser2025\/\/laserprogramm\/\"><strong>besten Ergebnisse f\u00fcr unsere Kunden<\/strong><\/a>.<\/p>\n<h4>Edelstahl, Stahlblech oder Aluminium \u2013 Laserschneiden f\u00fcr Musterfertigung<\/h4>\n<p>F\u00fcr sehr unterschiedliche Branchen ist es unsere Aufgabe, immer die besten Ergebnisse zu liefern. Ob Maschinenbau, Elektroindustrie, Medizintechnik oder Automotive \u2013 wir m\u00fcssen immer perfekte Ergebnisse bringen.<\/p>\n<h3>Markieraufgaben \u2013 Laserlohnfertigung &#8211; Laserschneiden<\/h3>\n<p>Besonders bei der <a title=\"Applikationslabor Th\u00fcringen\" href=\"https:\/\/form-klar.de\/agnilaser2025\/\/service\/applikationslabor-thueringen\/\"><strong>Musterfertigung<\/strong><\/a> bedienen wir die W\u00fcnsche unserer Kunden zielgerichtet. Unser hauseigenes Applikationslabor bietet Ihnen die optimale L\u00f6sung f\u00fcr Ihre Anforderungen. Wir beantworten alle Fragen unserer Kunden im Vorfeld. Auf diese Weise wissen Sie genau, welche Leistungen wir umsetzen k\u00f6nnen. Insbesondere bei Beschriftungen kommt es darauf an, alle Kundenw\u00fcnsche m\u00f6glich zu machen.<\/p>\n<p><a title=\"Mehr Infos \u00fcber das Unternehmen Laserzentrum Schorcht GmbH\" href=\"https:\/\/form-klar.de\/agnilaser2025\/\/unternehmen-laserzentrum-thueringen\/\"><strong>Laserzentrum Schorcht GmbH<\/strong><\/a> \u2013 <strong>Bei uns erhalten Sie alle Leistungen rund um die Laserbearbeitung aus einer Hand<\/strong><\/p>\n","protected":false},"excerpt":{"rendered":"<p>Laserschneiden von Edelstahl Wir sind der Lohnfertiger f\u00fcr Laserschneiden von Edelstahl. Komplexe Umrisse \u2013 2D oder 3D geh\u00f6ren zu unseren Leistungsspektrum. Dabei arbeiten wir pr\u00e4zise, [&hellip;]<\/p>\n","protected":false},"author":10,"featured_media":0,"parent":0,"menu_order":0,"comment_status":"closed","ping_status":"closed","template":"","meta":{"ngg_post_thumbnail":0,"footnotes":"","_links_to":"","_links_to_target":""},"class_list":["post-4193","page","type-page","status-publish","hentry"],"yoast_head":"<!-- This site is optimized with the Yoast SEO plugin v24.6 - https:\/\/yoast.com\/wordpress\/plugins\/seo\/ -->\n<title>Laserschneiden von Edelstahl &amp; Lohnfertigung - form-klar.de\/agnilaser2025<\/title>\n<meta name=\"description\" content=\"Laserschneiden von Edelstahl \u2705 Lohnfertigung \u2705 Markieraufgaben \u2705 Laserschwei\u00dfen, Laserbohren, Laserbeschriften &amp; Laseranwendungen \u2705 - form-klar.de\/agnilaser2025\" \/>\n<meta name=\"robots\" content=\"index, follow, max-snippet:-1, max-image-preview:large, max-video-preview:-1\" \/>\n<link rel=\"canonical\" href=\"https:\/\/form-klar.de\/agnilaser2025\/laserschneiden-von-edelstahl\/\" \/>\n<meta property=\"og:locale\" content=\"de_DE\" \/>\n<meta property=\"og:type\" content=\"article\" \/>\n<meta property=\"og:title\" content=\"Laserschneiden von Edelstahl &amp; Lohnfertigung - form-klar.de\/agnilaser2025\" \/>\n<meta property=\"og:description\" content=\"Laserschneiden von Edelstahl \u2705 Lohnfertigung \u2705 Markieraufgaben \u2705 Laserschwei\u00dfen, Laserbohren, Laserbeschriften &amp; Laseranwendungen \u2705 - form-klar.de\/agnilaser2025\" \/>\n<meta property=\"og:url\" content=\"https:\/\/form-klar.de\/agnilaser2025\/laserschneiden-von-edelstahl\/\" \/>\n<meta property=\"og:site_name\" content=\"Laserzentrum Schorcht GmbH\" \/>\n<meta property=\"og:image\" content=\"https:\/\/form-klar.de\/agnilaser2025\/\/wp-content\/uploads\/Laserschneiden-683x1024.jpg\" \/>\n<meta name=\"twitter:label1\" content=\"Gesch\u00e4tzte Lesezeit\" \/>\n\t<meta name=\"twitter:data1\" content=\"2\u00a0Minuten\" \/>\n<script type=\"application\/ld+json\" class=\"yoast-schema-graph\">{\"@context\":\"https:\/\/schema.org\",\"@graph\":[{\"@type\":\"WebPage\",\"@id\":\"https:\/\/form-klar.de\/agnilaser2025\/laserschneiden-von-edelstahl\/\",\"url\":\"https:\/\/form-klar.de\/agnilaser2025\/laserschneiden-von-edelstahl\/\",\"name\":\"Laserschneiden von Edelstahl & Lohnfertigung - form-klar.de\/agnilaser2025\",\"isPartOf\":{\"@id\":\"https:\/\/form-klar.de\/agnilaser2025\/#website\"},\"primaryImageOfPage\":{\"@id\":\"https:\/\/form-klar.de\/agnilaser2025\/laserschneiden-von-edelstahl\/#primaryimage\"},\"image\":{\"@id\":\"https:\/\/form-klar.de\/agnilaser2025\/laserschneiden-von-edelstahl\/#primaryimage\"},\"thumbnailUrl\":\"https:\/\/form-klar.de\/agnilaser2025\/\/wp-content\/uploads\/Laserschneiden-683x1024.jpg\",\"datePublished\":\"2019-08-27T11:39:07+00:00\",\"description\":\"Laserschneiden von Edelstahl \u2705 Lohnfertigung \u2705 Markieraufgaben \u2705 Laserschwei\u00dfen, Laserbohren, Laserbeschriften & Laseranwendungen \u2705 - form-klar.de\/agnilaser2025\",\"inLanguage\":\"de\",\"potentialAction\":[{\"@type\":\"ReadAction\",\"target\":[\"https:\/\/form-klar.de\/agnilaser2025\/laserschneiden-von-edelstahl\/\"]}]},{\"@type\":\"ImageObject\",\"inLanguage\":\"de\",\"@id\":\"https:\/\/form-klar.de\/agnilaser2025\/laserschneiden-von-edelstahl\/#primaryimage\",\"url\":\"https:\/\/form-klar.de\/agnilaser2025\/\/wp-content\/uploads\/Laserschneiden-683x1024.jpg\",\"contentUrl\":\"https:\/\/form-klar.de\/agnilaser2025\/\/wp-content\/uploads\/Laserschneiden-683x1024.jpg\"},{\"@type\":\"WebSite\",\"@id\":\"https:\/\/form-klar.de\/agnilaser2025\/#website\",\"url\":\"https:\/\/form-klar.de\/agnilaser2025\/\",\"name\":\"Laserzentrum Schorcht GmbH\",\"description\":\"\",\"potentialAction\":[{\"@type\":\"SearchAction\",\"target\":{\"@type\":\"EntryPoint\",\"urlTemplate\":\"https:\/\/form-klar.de\/agnilaser2025\/?s={search_term_string}\"},\"query-input\":{\"@type\":\"PropertyValueSpecification\",\"valueRequired\":true,\"valueName\":\"search_term_string\"}}],\"inLanguage\":\"de\"}]}<\/script>\n<!-- \/ Yoast SEO plugin. -->","yoast_head_json":{"title":"Laserschneiden von Edelstahl & Lohnfertigung - form-klar.de\/agnilaser2025","description":"Laserschneiden von Edelstahl \u2705 Lohnfertigung \u2705 Markieraufgaben \u2705 Laserschwei\u00dfen, Laserbohren, Laserbeschriften & Laseranwendungen \u2705 - form-klar.de\/agnilaser2025","robots":{"index":"index","follow":"follow","max-snippet":"max-snippet:-1","max-image-preview":"max-image-preview:large","max-video-preview":"max-video-preview:-1"},"canonical":"https:\/\/form-klar.de\/agnilaser2025\/laserschneiden-von-edelstahl\/","og_locale":"de_DE","og_type":"article","og_title":"Laserschneiden von Edelstahl & Lohnfertigung - form-klar.de\/agnilaser2025","og_description":"Laserschneiden von Edelstahl \u2705 Lohnfertigung \u2705 Markieraufgaben \u2705 Laserschwei\u00dfen, Laserbohren, Laserbeschriften & Laseranwendungen \u2705 - form-klar.de\/agnilaser2025","og_url":"https:\/\/form-klar.de\/agnilaser2025\/laserschneiden-von-edelstahl\/","og_site_name":"Laserzentrum Schorcht GmbH","og_image":[{"url":"https:\/\/form-klar.de\/agnilaser2025\/\/wp-content\/uploads\/Laserschneiden-683x1024.jpg","type":"","width":"","height":""}],"twitter_misc":{"Gesch\u00e4tzte Lesezeit":"2\u00a0Minuten"},"schema":{"@context":"https:\/\/schema.org","@graph":[{"@type":"WebPage","@id":"https:\/\/form-klar.de\/agnilaser2025\/laserschneiden-von-edelstahl\/","url":"https:\/\/form-klar.de\/agnilaser2025\/laserschneiden-von-edelstahl\/","name":"Laserschneiden von Edelstahl & Lohnfertigung - form-klar.de\/agnilaser2025","isPartOf":{"@id":"https:\/\/form-klar.de\/agnilaser2025\/#website"},"primaryImageOfPage":{"@id":"https:\/\/form-klar.de\/agnilaser2025\/laserschneiden-von-edelstahl\/#primaryimage"},"image":{"@id":"https:\/\/form-klar.de\/agnilaser2025\/laserschneiden-von-edelstahl\/#primaryimage"},"thumbnailUrl":"https:\/\/form-klar.de\/agnilaser2025\/\/wp-content\/uploads\/Laserschneiden-683x1024.jpg","datePublished":"2019-08-27T11:39:07+00:00","description":"Laserschneiden von Edelstahl \u2705 Lohnfertigung \u2705 Markieraufgaben \u2705 Laserschwei\u00dfen, Laserbohren, Laserbeschriften & Laseranwendungen \u2705 - form-klar.de\/agnilaser2025","inLanguage":"de","potentialAction":[{"@type":"ReadAction","target":["https:\/\/form-klar.de\/agnilaser2025\/laserschneiden-von-edelstahl\/"]}]},{"@type":"ImageObject","inLanguage":"de","@id":"https:\/\/form-klar.de\/agnilaser2025\/laserschneiden-von-edelstahl\/#primaryimage","url":"https:\/\/form-klar.de\/agnilaser2025\/\/wp-content\/uploads\/Laserschneiden-683x1024.jpg","contentUrl":"https:\/\/form-klar.de\/agnilaser2025\/\/wp-content\/uploads\/Laserschneiden-683x1024.jpg"},{"@type":"WebSite","@id":"https:\/\/form-klar.de\/agnilaser2025\/#website","url":"https:\/\/form-klar.de\/agnilaser2025\/","name":"Laserzentrum Schorcht GmbH","description":"","potentialAction":[{"@type":"SearchAction","target":{"@type":"EntryPoint","urlTemplate":"https:\/\/form-klar.de\/agnilaser2025\/?s={search_term_string}"},"query-input":{"@type":"PropertyValueSpecification","valueRequired":true,"valueName":"search_term_string"}}],"inLanguage":"de"}]}},"_links":{"self":[{"href":"https:\/\/form-klar.de\/agnilaser2025\/wp-json\/wp\/v2\/pages\/4193","targetHints":{"allow":["GET"]}}],"collection":[{"href":"https:\/\/form-klar.de\/agnilaser2025\/wp-json\/wp\/v2\/pages"}],"about":[{"href":"https:\/\/form-klar.de\/agnilaser2025\/wp-json\/wp\/v2\/types\/page"}],"author":[{"embeddable":true,"href":"https:\/\/form-klar.de\/agnilaser2025\/wp-json\/wp\/v2\/users\/10"}],"replies":[{"embeddable":true,"href":"https:\/\/form-klar.de\/agnilaser2025\/wp-json\/wp\/v2\/comments?post=4193"}],"version-history":[{"count":0,"href":"https:\/\/form-klar.de\/agnilaser2025\/wp-json\/wp\/v2\/pages\/4193\/revisions"}],"wp:attachment":[{"href":"https:\/\/form-klar.de\/agnilaser2025\/wp-json\/wp\/v2\/media?parent=4193"}],"curies":[{"name":"wp","href":"https:\/\/api.w.org\/{rel}","templated":true}]}}