{"id":4190,"date":"2019-05-10T09:07:51","date_gmt":"2019-05-10T09:07:51","guid":{"rendered":"http:\/\/www.agnilaser.de\/?page_id=1438"},"modified":"2019-05-10T09:07:51","modified_gmt":"2019-05-10T09:07:51","slug":"laserschneiden-bleche","status":"publish","type":"page","link":"https:\/\/form-klar.de\/agnilaser2025\/laserschneiden-bleche\/","title":{"rendered":"Laserschneiden Bleche"},"content":{"rendered":"<h2>Laserschneiden Bleche \u2013 Laserlohnfertigung<\/h2>\n<p><strong>Laserschneiden Bleche<\/strong>: <strong>Sie suchen einen Experten f\u00fcr die <a href=\"https:\/\/form-klar.de\/agnilaser2025\/\/lohnfertigung\/\">Laserlohnfertigung<\/a><\/strong>? Sprechen Sie uns an. Unser Thema ist das Laserschneiden. Bleche und Blechzuschnitte bieten wir Ihnen in kurzer Zeit an. Denn wir sind auf viele m\u00f6gliche Anfragen gut vorbereitet.<\/p>\n<p>Als erfahrene Hersteller setzen wir voll auf Ihre Kundenzufriedenheit. Dazu kommen zudem <strong>20 Jahre Erfahrung<\/strong>. W\u00e4hlen Sie aus unseren individuell ver\u00e4nderbaren Angebotsbausteine f\u00fcr Bleche aller Art. Ob <strong>Kupfer<\/strong>, <strong>Stahl<\/strong> oder <a href=\"https:\/\/form-klar.de\/agnilaser2025\/\/laserschneiden-mit-alu\/\"><strong>Aluminium<\/strong><\/a> \u2013 wir sind Ihre Partner.<\/p>\n<h3>Laserbearbeitung &amp; Laserschneiden<\/h3>\n<p><strong>Greifen Sie doch auf unser Know-how in der <a href=\"https:\/\/form-klar.de\/agnilaser2025\/\/blechbearbeitung\/\">Laserbearbeitung<\/a> zur\u00fcck<\/strong>. Auch bei EU-weiten Entwicklungsarbeiten f\u00fcr Brennstoffzellentechnik waren wir in den letzten Jahren beteiligt. Neben Laserschneiden bieten wir Ihnen zudem Markieraufgaben und die Leistungen unseres Applikationslabors an.<\/p>\n<h3>Bauen Sie auf unsere Erfahrungen \u2013 f\u00fcr Ihr Projekt<\/h3>\n<p><strong>Unsere Kundenstruktur ist breit gef\u00e4chert<\/strong>. Ob <strong>Flugzeugbau<\/strong>, <strong>Automotive<\/strong> oder <strong>Schiffbau<\/strong> \u2013 unsere Erfahrungen sind vielf\u00e4ltig. Denn es gibt noch weit mehr Branchen die von unserer Lasermaterial-bearbeitung profitieren k\u00f6nnen.<\/p>\n<p>Sogar <strong>Kunden aus der Textilindustrie<\/strong> oder die <strong>Verpackungstechnik<\/strong> greifen aus unseren <a href=\"https:\/\/form-klar.de\/agnilaser2025\/\/aktuelles\/tuev-zertifizierungen\/\"><strong>Service<\/strong><\/a> zur\u00fcck. Auch aus dem <strong>Maschinenbau<\/strong> und der <strong>Medizintechnik<\/strong> konnten wir viele interessante Aufgaben generieren.<\/p>\n<h3>Bleche \u2013 perfekt zugeschnitten mit Lasercut &#8211; Laserschneiden Bleche<\/h3>\n<p><strong>Thema Laserschneiden Bleche<\/strong> &#8211; <strong>Fassen wir uns nun kurz<\/strong>: Sie brauchen Laserteile? Wir liefern Sie zuverl\u00e4ssig. Bestellen Sie einfach Ihren speziellen Lasercut. Unser Unternehmen finden Sie in Peterberg in Th\u00fcringen. Was bieten wir Ihnen? Zum einen Effektivit\u00e4t.<\/p>\n<p>Andererseits geht es um innovative Technik und top ausgebildete Mitarbeiter. In der Steigerung der Effizienz steckt eine gro\u00dfe Chance f\u00fcr deutsche Unternehmen. <a href=\"https:\/\/form-klar.de\/agnilaser2025\/\/unternehmen-laserzentrum-thueringen\/\"><strong>Wir leisten unseren Beitrag f\u00fcr Ihren Erfolg<\/strong><\/a>!<\/p>\n","protected":false},"excerpt":{"rendered":"<p>Laserschneiden Bleche \u2013 Laserlohnfertigung Laserschneiden Bleche: Sie suchen einen Experten f\u00fcr die Laserlohnfertigung? Sprechen Sie uns an. Unser Thema ist das Laserschneiden. Bleche und Blechzuschnitte [&hellip;]<\/p>\n","protected":false},"author":10,"featured_media":0,"parent":0,"menu_order":0,"comment_status":"closed","ping_status":"closed","template":"","meta":{"ngg_post_thumbnail":0,"footnotes":"","_links_to":"","_links_to_target":""},"class_list":["post-4190","page","type-page","status-publish","hentry"],"yoast_head":"<!-- This site is optimized with the Yoast SEO plugin v24.6 - https:\/\/yoast.com\/wordpress\/plugins\/seo\/ -->\n<title>Laserschneiden Bleche | Der Spezialist f\u00fcr Lohnfertigung | Laserzentrum Schorcht GmbH<\/title>\n<meta name=\"description\" content=\"Laserschneiden Bleche: Laserbearbeitung, Blechzuschnitte und Lohnfertigung \u2705 Markieraufgaben \u2705 Laser Anwendungen \u2705 Applikationslabor \u2705\" \/>\n<meta name=\"robots\" content=\"index, follow, max-snippet:-1, max-image-preview:large, max-video-preview:-1\" \/>\n<link rel=\"canonical\" href=\"https:\/\/form-klar.de\/agnilaser2025\/laserschneiden-bleche\/\" \/>\n<meta property=\"og:locale\" content=\"de_DE\" \/>\n<meta property=\"og:type\" content=\"article\" \/>\n<meta property=\"og:title\" content=\"Laserschneiden Bleche | Der Spezialist f\u00fcr Lohnfertigung | Laserzentrum Schorcht GmbH\" \/>\n<meta property=\"og:description\" content=\"Laserschneiden Bleche: Laserbearbeitung, Blechzuschnitte und Lohnfertigung \u2705 Markieraufgaben \u2705 Laser Anwendungen \u2705 Applikationslabor \u2705\" \/>\n<meta property=\"og:url\" content=\"https:\/\/form-klar.de\/agnilaser2025\/laserschneiden-bleche\/\" \/>\n<meta property=\"og:site_name\" content=\"Laserzentrum Schorcht GmbH\" \/>\n<meta name=\"twitter:label1\" content=\"Gesch\u00e4tzte Lesezeit\" \/>\n\t<meta name=\"twitter:data1\" content=\"1\u00a0Minute\" \/>\n<script type=\"application\/ld+json\" class=\"yoast-schema-graph\">{\"@context\":\"https:\/\/schema.org\",\"@graph\":[{\"@type\":\"WebPage\",\"@id\":\"https:\/\/form-klar.de\/agnilaser2025\/laserschneiden-bleche\/\",\"url\":\"https:\/\/form-klar.de\/agnilaser2025\/laserschneiden-bleche\/\",\"name\":\"Laserschneiden Bleche | Der Spezialist f\u00fcr Lohnfertigung | Laserzentrum Schorcht GmbH\",\"isPartOf\":{\"@id\":\"https:\/\/form-klar.de\/agnilaser2025\/#website\"},\"datePublished\":\"2019-05-10T09:07:51+00:00\",\"description\":\"Laserschneiden Bleche: Laserbearbeitung, Blechzuschnitte und Lohnfertigung \u2705 Markieraufgaben \u2705 Laser Anwendungen \u2705 Applikationslabor \u2705\",\"inLanguage\":\"de\",\"potentialAction\":[{\"@type\":\"ReadAction\",\"target\":[\"https:\/\/form-klar.de\/agnilaser2025\/laserschneiden-bleche\/\"]}]},{\"@type\":\"WebSite\",\"@id\":\"https:\/\/form-klar.de\/agnilaser2025\/#website\",\"url\":\"https:\/\/form-klar.de\/agnilaser2025\/\",\"name\":\"Laserzentrum Schorcht GmbH\",\"description\":\"\",\"potentialAction\":[{\"@type\":\"SearchAction\",\"target\":{\"@type\":\"EntryPoint\",\"urlTemplate\":\"https:\/\/form-klar.de\/agnilaser2025\/?s={search_term_string}\"},\"query-input\":{\"@type\":\"PropertyValueSpecification\",\"valueRequired\":true,\"valueName\":\"search_term_string\"}}],\"inLanguage\":\"de\"}]}<\/script>\n<!-- \/ Yoast SEO plugin. -->","yoast_head_json":{"title":"Laserschneiden Bleche | Der Spezialist f\u00fcr Lohnfertigung | Laserzentrum Schorcht GmbH","description":"Laserschneiden Bleche: Laserbearbeitung, Blechzuschnitte und Lohnfertigung \u2705 Markieraufgaben \u2705 Laser Anwendungen \u2705 Applikationslabor \u2705","robots":{"index":"index","follow":"follow","max-snippet":"max-snippet:-1","max-image-preview":"max-image-preview:large","max-video-preview":"max-video-preview:-1"},"canonical":"https:\/\/form-klar.de\/agnilaser2025\/laserschneiden-bleche\/","og_locale":"de_DE","og_type":"article","og_title":"Laserschneiden Bleche | Der Spezialist f\u00fcr Lohnfertigung | Laserzentrum Schorcht GmbH","og_description":"Laserschneiden Bleche: Laserbearbeitung, Blechzuschnitte und Lohnfertigung \u2705 Markieraufgaben \u2705 Laser Anwendungen \u2705 Applikationslabor \u2705","og_url":"https:\/\/form-klar.de\/agnilaser2025\/laserschneiden-bleche\/","og_site_name":"Laserzentrum Schorcht GmbH","twitter_misc":{"Gesch\u00e4tzte Lesezeit":"1\u00a0Minute"},"schema":{"@context":"https:\/\/schema.org","@graph":[{"@type":"WebPage","@id":"https:\/\/form-klar.de\/agnilaser2025\/laserschneiden-bleche\/","url":"https:\/\/form-klar.de\/agnilaser2025\/laserschneiden-bleche\/","name":"Laserschneiden Bleche | Der Spezialist f\u00fcr Lohnfertigung | Laserzentrum Schorcht GmbH","isPartOf":{"@id":"https:\/\/form-klar.de\/agnilaser2025\/#website"},"datePublished":"2019-05-10T09:07:51+00:00","description":"Laserschneiden Bleche: Laserbearbeitung, Blechzuschnitte und Lohnfertigung \u2705 Markieraufgaben \u2705 Laser Anwendungen \u2705 Applikationslabor \u2705","inLanguage":"de","potentialAction":[{"@type":"ReadAction","target":["https:\/\/form-klar.de\/agnilaser2025\/laserschneiden-bleche\/"]}]},{"@type":"WebSite","@id":"https:\/\/form-klar.de\/agnilaser2025\/#website","url":"https:\/\/form-klar.de\/agnilaser2025\/","name":"Laserzentrum Schorcht GmbH","description":"","potentialAction":[{"@type":"SearchAction","target":{"@type":"EntryPoint","urlTemplate":"https:\/\/form-klar.de\/agnilaser2025\/?s={search_term_string}"},"query-input":{"@type":"PropertyValueSpecification","valueRequired":true,"valueName":"search_term_string"}}],"inLanguage":"de"}]}},"_links":{"self":[{"href":"https:\/\/form-klar.de\/agnilaser2025\/wp-json\/wp\/v2\/pages\/4190","targetHints":{"allow":["GET"]}}],"collection":[{"href":"https:\/\/form-klar.de\/agnilaser2025\/wp-json\/wp\/v2\/pages"}],"about":[{"href":"https:\/\/form-klar.de\/agnilaser2025\/wp-json\/wp\/v2\/types\/page"}],"author":[{"embeddable":true,"href":"https:\/\/form-klar.de\/agnilaser2025\/wp-json\/wp\/v2\/users\/10"}],"replies":[{"embeddable":true,"href":"https:\/\/form-klar.de\/agnilaser2025\/wp-json\/wp\/v2\/comments?post=4190"}],"version-history":[{"count":0,"href":"https:\/\/form-klar.de\/agnilaser2025\/wp-json\/wp\/v2\/pages\/4190\/revisions"}],"wp:attachment":[{"href":"https:\/\/form-klar.de\/agnilaser2025\/wp-json\/wp\/v2\/media?parent=4190"}],"curies":[{"name":"wp","href":"https:\/\/api.w.org\/{rel}","templated":true}]}}