{"id":4186,"date":"2018-11-07T10:09:20","date_gmt":"2018-11-07T10:09:20","guid":{"rendered":"http:\/\/www.agnilaser.de\/?page_id=1327"},"modified":"2025-02-26T09:45:52","modified_gmt":"2025-02-26T09:45:52","slug":"laserschneiden-mit-alu","status":"publish","type":"page","link":"https:\/\/form-klar.de\/agnilaser2025\/laserschneiden-mit-alu\/","title":{"rendered":"Laserschneiden mit Alu"},"content":{"rendered":"<div class=\"fusion-fullwidth fullwidth-box fusion-builder-row-1 fusion-flex-container nonhundred-percent-fullwidth non-hundred-percent-height-scrolling\" style=\"--awb-border-radius-top-left:0px;--awb-border-radius-top-right:0px;--awb-border-radius-bottom-right:0px;--awb-border-radius-bottom-left:0px;--awb-flex-wrap:wrap;\" ><div class=\"fusion-builder-row fusion-row fusion-flex-align-items-flex-start fusion-flex-content-wrap\" style=\"max-width:calc( 1600px + 60px );margin-left: calc(-60px \/ 2 );margin-right: calc(-60px \/ 2 );\"><div class=\"fusion-layout-column fusion_builder_column fusion-builder-column-0 fusion_builder_column_1_2 1_2 fusion-flex-column\" style=\"--awb-bg-size:cover;--awb-width-large:50%;--awb-margin-top-large:0px;--awb-spacing-right-large:30px;--awb-margin-bottom-large:0px;--awb-spacing-left-large:30px;--awb-width-medium:50%;--awb-spacing-right-medium:30px;--awb-spacing-left-medium:30px;--awb-width-small:100%;--awb-spacing-right-small:30px;--awb-spacing-left-small:30px;\"><div class=\"fusion-column-wrapper fusion-flex-justify-content-flex-start fusion-content-layout-column\"><div class=\"fusion-text fusion-text-1\"><h1><strong>Laserschneiden mit Alu <\/strong><\/h1>\n<p>Das <strong>Laserschneiden mit Alu<\/strong>: F\u00fcr das <strong>Laserschneiden<\/strong> von <strong>Alu-Blechen<\/strong> und anderen <strong>Nichteisenmetallen<\/strong> setzen viele auf <strong>externe Profis<\/strong>.<\/p>\n<p>Wir bei der <strong>Laserzentrum Schorcht GmbH<\/strong> haben uns beispielsweise auf solche <b>Auftr\u00e4ge<\/b> <strong>spezialisiert<\/strong>. Wir halten einen gro\u00dfen <strong>Maschinenpark<\/strong> vor, um auf alle Eventualit\u00e4ten vorbereitet zu sein.<\/p>\n<p><a href=\"https:\/\/form-klar.de\/agnilaser2025\/\/kontakt\/\">Fragen <b>Sie uns<\/b><\/a> zum <strong>Laserschneiden<\/strong> von Alu an!<\/p>\n<h3>Warum Alu-Bleche?<\/h3>\n<p><strong>Alu-Blech<\/strong> ist bekannterweise ein <strong>Nichteisenmetall<\/strong>. Au\u00dferdem ist es der wichtigste <strong>Werkstoff<\/strong>, um <strong>Konstruktionen<\/strong> besonders leicht zu machen.<\/p>\n<p>Es ist tats\u00e4chlich nur halb so schwer wie <strong>Eisen<\/strong>. <strong>Autos<\/strong> und <strong>Flugzeuge<\/strong> w\u00e4ren ohne <strong>Aluminium<\/strong> kaum noch denkbar. Warum?<\/p>\n<p><strong>Aluminium<\/strong> macht diese <strong>Fahrzeuge<\/strong> leicht und stabil \u2013 perfekt! Deshalb sind <strong>Alu-Bleche<\/strong> \u00fcberall gefragt. Wir bearbeiten <strong>Aluminium<\/strong> optimal. <strong>Laserzentrum Schorcht GmbH<\/strong> ist <strong>Ihr Partner<\/strong> f\u00fcr das <strong>Alu Laserschneiden<\/strong>!<\/p>\n<h3>Aluminium Laserschneiden \u2013 was ist zu beachten?<\/h3>\n<p><strong>Aluminium<\/strong> hat noch viele andere Vorteile. Es ist nicht nur leicht, es l\u00e4sst sich auch leicht bearbeiten. Ob <strong>Laserschneiden<\/strong>, zerspanen oder umformen \u2013 setzen Sie auf <strong>Qualit\u00e4t<\/strong> und <strong>Lohnfertigung<\/strong>.<\/p>\n<p>Denn wir haben die <strong>optimale Lasertechnik<\/strong> f\u00fcr das <strong>Laserschneiden von Aluminium<\/strong>.<\/p>\n<h3><\/h3>\n<\/div><\/div><\/div><div class=\"fusion-layout-column fusion_builder_column fusion-builder-column-1 fusion_builder_column_1_2 1_2 fusion-flex-column\" style=\"--awb-bg-size:cover;--awb-width-large:50%;--awb-margin-top-large:0px;--awb-spacing-right-large:30px;--awb-margin-bottom-large:0px;--awb-spacing-left-large:30px;--awb-width-medium:50%;--awb-spacing-right-medium:30px;--awb-spacing-left-medium:30px;--awb-width-small:100%;--awb-spacing-right-small:30px;--awb-spacing-left-small:30px;\"><div class=\"fusion-column-wrapper fusion-flex-justify-content-flex-start fusion-content-layout-column\"><div class=\"fusion-text fusion-text-2\"><h3>Was macht das Laserschneiden von Alu Blechen so besonders?<\/h3>\n<p>Wo umformen kein Problem darstellt, ist das <strong>Laserschneiden<\/strong> schon erheblich schwieriger. Denn <strong>Alu reflektiert Licht<\/strong>.<\/p>\n<p>Wir ben\u00f6tigen also viel mehr <strong>Energie<\/strong> um das <strong>Material<\/strong> aufzuschmelzen, als beispielsweise bei anderen <strong>Metallblechen<\/strong>.<\/p>\n<p><strong>Alubleche<\/strong> k\u00f6nnen deshalb nicht grenzenlos dick werden, um Sie zu schneiden.<\/p>\n<p>Die Grenze liegt etwa bei 15 mm. In diesem Bereichen sind mit <strong>gepulste<\/strong>n <strong>Laser<\/strong>n sehr genaue Schnitte m\u00f6glich.<\/p>\n<h3>Individuelle Fertigung Ihrer Teile in Lohnarbeit<\/h3>\n<p>Sprechen Sie mit unseren <a href=\"https:\/\/form-klar.de\/agnilaser2025\/\/kontakt\/\"><strong>Inngenieuren<\/strong><\/a>. Wir m\u00f6chten f\u00fcr jeden <strong>Auftrag<\/strong> die <strong>optimalen Ergebnisse<\/strong> liefern.<\/p>\n<p>Ob <strong>CO<sub>2<\/sub> Laser<\/strong> oder <strong>Nd:YAG Laser<\/strong> \u2013 unsere <strong>Anlagen<\/strong> sind auf dem neuesten <strong>Stand<\/strong>!<\/p>\n<p>Fragen sie uns auch f\u00fcr das <strong>Microschneiden<\/strong> an.<\/p>\n<h3>Laserzentrum Schorcht GmbH als Ihr zuverl\u00e4ssiger Lohnbetrieb!<\/h3>\n<p>Au\u00dferdem leisten wir noch viele <a href=\"https:\/\/form-klar.de\/agnilaser2025\/\/leistungen\/\"><strong>andere Services<\/strong><\/a>. Dazu geh\u00f6ren <a href=\"https:\/\/form-klar.de\/agnilaser2025\/\/lohnfertigung\/laser-schweissen-laserschweissen\/\" class=\"broken_link\"><strong>Laserschwei\u00dfen<\/strong><\/a> sowie das <a href=\"https:\/\/form-klar.de\/agnilaser2025\/\/laserprogramm\/\"><strong>Markieren von Werkzeugen<\/strong><\/a>.<\/p>\n<p>Ob <strong>2D<\/strong> oder <a href=\"https:\/\/form-klar.de\/agnilaser2025\/\/cnc-laserschneiden\/\"><strong>3D Geometrien<\/strong><\/a> \u2013 wir <b>liefern zuverl\u00e4ssig<\/b>! In jedem Fall <b>arbeiten wir<\/b> eng <b>mit Ihnen zusammen<\/b>, um die <strong>beste<\/strong>n <strong>Ergebnisse<\/strong> f\u00fcr <b>Sie<\/b> zu liefern.<\/p>\n<p>Ob <strong>Laserbohren<\/strong> oder <strong>Reparatur Schwei\u00dfen<\/strong> \u2013 <b>wir sind an Ihrer Seite<\/b><\/p>\n<\/div><\/div><\/div><div class=\"fusion-layout-column fusion_builder_column fusion-builder-column-2 fusion_builder_column_1_1 1_1 fusion-flex-column\" style=\"--awb-bg-size:cover;--awb-width-large:100%;--awb-margin-top-large:0px;--awb-spacing-right-large:30px;--awb-margin-bottom-large:30px;--awb-spacing-left-large:30px;--awb-width-medium:100%;--awb-order-medium:0;--awb-spacing-right-medium:30px;--awb-spacing-left-medium:30px;--awb-width-small:100%;--awb-order-small:0;--awb-spacing-right-small:30px;--awb-spacing-left-small:30px;\"><div class=\"fusion-column-wrapper fusion-column-has-shadow fusion-flex-justify-content-flex-start fusion-content-layout-column\"><div class=\"fusion-separator fusion-has-icon fusion-full-width-sep sc-icon\" style=\"align-self: center;margin-left: auto;margin-right: auto;margin-top:0px;margin-bottom:0px;width:100%;max-width:100%;\"><div class=\"fusion-separator-border sep-single sep-solid\" style=\"--awb-height:20px;--awb-amount:20px;--awb-sep-color:hsla(var(--awb-color6-h),var(--awb-color6-s),var(--awb-color6-l),calc(var(--awb-color6-a) - 75%));border-color:hsla(var(--awb-color6-h),var(--awb-color6-s),var(--awb-color6-l),calc(var(--awb-color6-a) - 75%));border-top-width:1px;\"><\/div><span class=\"icon-wrapper\" style=\"border-color:transparent;font-size:64px;width: 1.75em; height: 1.75em;border-width:1px;padding:1px;margin-top:-0.5px\"><i class=\"icon-lasercutting-worker_2\" style=\"font-size: inherit;color:hsla(var(--awb-color8-h),var(--awb-color8-s),var(--awb-color8-l),calc(var(--awb-color8-a) - 85%));\" aria-hidden=\"true\"><\/i><\/span><div class=\"fusion-separator-border sep-single sep-solid\" style=\"--awb-height:20px;--awb-amount:20px;--awb-sep-color:hsla(var(--awb-color6-h),var(--awb-color6-s),var(--awb-color6-l),calc(var(--awb-color6-a) - 75%));border-color:hsla(var(--awb-color6-h),var(--awb-color6-s),var(--awb-color6-l),calc(var(--awb-color6-a) - 75%));border-top-width:1px;\"><\/div><\/div><div class=\"fusion-text fusion-text-3 awb-text-cols fusion-text-columns-2\" style=\"--awb-columns:2;--awb-column-spacing:30px;--awb-column-min-width:100px;\"><h2>Ob&nbsp;<strong>Laserbohren<\/strong>&nbsp;oder&nbsp;<strong>Reparatur Schwei\u00dfen<\/strong>&nbsp;<\/h2>\n<h3><b>wir sind an Ihrer Seite<\/b><\/h3>\n<p><img decoding=\"async\" class=\"lazyload size-full wp-image-4357 alignnone\" src=\"https:\/\/form-klar.de\/agnilaser2025\/wp-content\/uploads\/laserschneiden-einer-halbkugel.jpg.webp\" data-orig-src=\"https:\/\/form-klar.de\/agnilaser2025\/wp-content\/uploads\/laserschneiden-einer-halbkugel.jpg.webp\" alt=\"\" width=\"600\" height=\"450\" srcset=\"data:image\/svg+xml,%3Csvg%20xmlns%3D%27http%3A%2F%2Fwww.w3.org%2F2000%2Fsvg%27%20width%3D%27600%27%20height%3D%27450%27%20viewBox%3D%270%200%20600%20450%27%3E%3Crect%20width%3D%27600%27%20height%3D%27450%27%20fill-opacity%3D%220%22%2F%3E%3C%2Fsvg%3E\" data-srcset=\"https:\/\/form-klar.de\/agnilaser2025\/wp-content\/uploads\/laserschneiden-einer-halbkugel.jpg-200x150.webp 200w, https:\/\/form-klar.de\/agnilaser2025\/wp-content\/uploads\/laserschneiden-einer-halbkugel.jpg-300x225.webp 300w, https:\/\/form-klar.de\/agnilaser2025\/wp-content\/uploads\/laserschneiden-einer-halbkugel.jpg-400x300.webp 400w, https:\/\/form-klar.de\/agnilaser2025\/wp-content\/uploads\/laserschneiden-einer-halbkugel.jpg.webp 600w\" data-sizes=\"auto\" data-orig-sizes=\"(max-width: 600px) 100vw, 600px\" \/><\/p>\n<\/div><\/div><\/div><\/div><\/div>\n","protected":false},"excerpt":{"rendered":"","protected":false},"author":10,"featured_media":0,"parent":0,"menu_order":0,"comment_status":"closed","ping_status":"closed","template":"","meta":{"ngg_post_thumbnail":0,"footnotes":"","_links_to":"","_links_to_target":""},"class_list":["post-4186","page","type-page","status-publish","hentry"],"yoast_head":"<!-- This site is optimized with the Yoast SEO plugin v24.6 - https:\/\/yoast.com\/wordpress\/plugins\/seo\/ -->\n<title>Laserzentrum Schorcht GmbH | Laserschneiden | Lohnschneiden | Laserschneiden mit Alu<\/title>\n<meta name=\"description\" content=\"Laserschneiden mit Alu im Lohnbetrieb? Hier finden Sie den Dienstleister f\u00fcr Ihre Anspr\u00fcche. Laserzentrum Schorcht GmbH - wir arbeiten schnell, pr\u00e4zise und kompetent!\" \/>\n<meta name=\"robots\" content=\"index, follow, max-snippet:-1, max-image-preview:large, max-video-preview:-1\" \/>\n<link rel=\"canonical\" href=\"https:\/\/form-klar.de\/agnilaser2025\/laserschneiden-mit-alu\/\" \/>\n<meta property=\"og:locale\" content=\"de_DE\" \/>\n<meta property=\"og:type\" content=\"article\" \/>\n<meta property=\"og:title\" content=\"Laserzentrum Schorcht GmbH | Laserschneiden | Lohnschneiden | Laserschneiden mit Alu\" \/>\n<meta property=\"og:description\" content=\"Laserschneiden mit Alu im Lohnbetrieb? Hier finden Sie den Dienstleister f\u00fcr Ihre Anspr\u00fcche. Laserzentrum Schorcht GmbH - wir arbeiten schnell, pr\u00e4zise und kompetent!\" \/>\n<meta property=\"og:url\" content=\"https:\/\/form-klar.de\/agnilaser2025\/laserschneiden-mit-alu\/\" \/>\n<meta property=\"og:site_name\" content=\"Laserzentrum Schorcht GmbH\" \/>\n<meta property=\"article:modified_time\" content=\"2025-02-26T09:45:52+00:00\" \/>\n<meta property=\"og:image\" content=\"https:\/\/form-klar.de\/agnilaser2025\/wp-content\/uploads\/laserschneiden-einer-halbkugel.jpg.webp\" \/>\n<meta name=\"twitter:label1\" content=\"Gesch\u00e4tzte Lesezeit\" \/>\n\t<meta name=\"twitter:data1\" content=\"4\u00a0Minuten\" \/>\n<script type=\"application\/ld+json\" class=\"yoast-schema-graph\">{\"@context\":\"https:\/\/schema.org\",\"@graph\":[{\"@type\":\"WebPage\",\"@id\":\"https:\/\/form-klar.de\/agnilaser2025\/laserschneiden-mit-alu\/\",\"url\":\"https:\/\/form-klar.de\/agnilaser2025\/laserschneiden-mit-alu\/\",\"name\":\"Laserzentrum Schorcht GmbH | Laserschneiden | Lohnschneiden | Laserschneiden mit Alu\",\"isPartOf\":{\"@id\":\"https:\/\/form-klar.de\/agnilaser2025\/#website\"},\"primaryImageOfPage\":{\"@id\":\"https:\/\/form-klar.de\/agnilaser2025\/laserschneiden-mit-alu\/#primaryimage\"},\"image\":{\"@id\":\"https:\/\/form-klar.de\/agnilaser2025\/laserschneiden-mit-alu\/#primaryimage\"},\"thumbnailUrl\":\"https:\/\/form-klar.de\/agnilaser2025\/wp-content\/uploads\/laserschneiden-einer-halbkugel.jpg.webp\",\"datePublished\":\"2018-11-07T10:09:20+00:00\",\"dateModified\":\"2025-02-26T09:45:52+00:00\",\"description\":\"Laserschneiden mit Alu im Lohnbetrieb? Hier finden Sie den Dienstleister f\u00fcr Ihre Anspr\u00fcche. Laserzentrum Schorcht GmbH - wir arbeiten schnell, pr\u00e4zise und kompetent!\",\"inLanguage\":\"de\",\"potentialAction\":[{\"@type\":\"ReadAction\",\"target\":[\"https:\/\/form-klar.de\/agnilaser2025\/laserschneiden-mit-alu\/\"]}]},{\"@type\":\"ImageObject\",\"inLanguage\":\"de\",\"@id\":\"https:\/\/form-klar.de\/agnilaser2025\/laserschneiden-mit-alu\/#primaryimage\",\"url\":\"https:\/\/form-klar.de\/agnilaser2025\/wp-content\/uploads\/laserschneiden-einer-halbkugel.jpg.webp\",\"contentUrl\":\"https:\/\/form-klar.de\/agnilaser2025\/wp-content\/uploads\/laserschneiden-einer-halbkugel.jpg.webp\",\"width\":600,\"height\":450},{\"@type\":\"WebSite\",\"@id\":\"https:\/\/form-klar.de\/agnilaser2025\/#website\",\"url\":\"https:\/\/form-klar.de\/agnilaser2025\/\",\"name\":\"Laserzentrum Schorcht GmbH\",\"description\":\"\",\"potentialAction\":[{\"@type\":\"SearchAction\",\"target\":{\"@type\":\"EntryPoint\",\"urlTemplate\":\"https:\/\/form-klar.de\/agnilaser2025\/?s={search_term_string}\"},\"query-input\":{\"@type\":\"PropertyValueSpecification\",\"valueRequired\":true,\"valueName\":\"search_term_string\"}}],\"inLanguage\":\"de\"}]}<\/script>\n<!-- \/ Yoast SEO plugin. -->","yoast_head_json":{"title":"Laserzentrum Schorcht GmbH | Laserschneiden | Lohnschneiden | Laserschneiden mit Alu","description":"Laserschneiden mit Alu im Lohnbetrieb? Hier finden Sie den Dienstleister f\u00fcr Ihre Anspr\u00fcche. Laserzentrum Schorcht GmbH - wir arbeiten schnell, pr\u00e4zise und kompetent!","robots":{"index":"index","follow":"follow","max-snippet":"max-snippet:-1","max-image-preview":"max-image-preview:large","max-video-preview":"max-video-preview:-1"},"canonical":"https:\/\/form-klar.de\/agnilaser2025\/laserschneiden-mit-alu\/","og_locale":"de_DE","og_type":"article","og_title":"Laserzentrum Schorcht GmbH | Laserschneiden | Lohnschneiden | Laserschneiden mit Alu","og_description":"Laserschneiden mit Alu im Lohnbetrieb? Hier finden Sie den Dienstleister f\u00fcr Ihre Anspr\u00fcche. Laserzentrum Schorcht GmbH - wir arbeiten schnell, pr\u00e4zise und kompetent!","og_url":"https:\/\/form-klar.de\/agnilaser2025\/laserschneiden-mit-alu\/","og_site_name":"Laserzentrum Schorcht GmbH","article_modified_time":"2025-02-26T09:45:52+00:00","og_image":[{"url":"https:\/\/form-klar.de\/agnilaser2025\/wp-content\/uploads\/laserschneiden-einer-halbkugel.jpg.webp","type":"","width":"","height":""}],"twitter_misc":{"Gesch\u00e4tzte Lesezeit":"4\u00a0Minuten"},"schema":{"@context":"https:\/\/schema.org","@graph":[{"@type":"WebPage","@id":"https:\/\/form-klar.de\/agnilaser2025\/laserschneiden-mit-alu\/","url":"https:\/\/form-klar.de\/agnilaser2025\/laserschneiden-mit-alu\/","name":"Laserzentrum Schorcht GmbH | Laserschneiden | Lohnschneiden | Laserschneiden mit Alu","isPartOf":{"@id":"https:\/\/form-klar.de\/agnilaser2025\/#website"},"primaryImageOfPage":{"@id":"https:\/\/form-klar.de\/agnilaser2025\/laserschneiden-mit-alu\/#primaryimage"},"image":{"@id":"https:\/\/form-klar.de\/agnilaser2025\/laserschneiden-mit-alu\/#primaryimage"},"thumbnailUrl":"https:\/\/form-klar.de\/agnilaser2025\/wp-content\/uploads\/laserschneiden-einer-halbkugel.jpg.webp","datePublished":"2018-11-07T10:09:20+00:00","dateModified":"2025-02-26T09:45:52+00:00","description":"Laserschneiden mit Alu im Lohnbetrieb? Hier finden Sie den Dienstleister f\u00fcr Ihre Anspr\u00fcche. Laserzentrum Schorcht GmbH - wir arbeiten schnell, pr\u00e4zise und kompetent!","inLanguage":"de","potentialAction":[{"@type":"ReadAction","target":["https:\/\/form-klar.de\/agnilaser2025\/laserschneiden-mit-alu\/"]}]},{"@type":"ImageObject","inLanguage":"de","@id":"https:\/\/form-klar.de\/agnilaser2025\/laserschneiden-mit-alu\/#primaryimage","url":"https:\/\/form-klar.de\/agnilaser2025\/wp-content\/uploads\/laserschneiden-einer-halbkugel.jpg.webp","contentUrl":"https:\/\/form-klar.de\/agnilaser2025\/wp-content\/uploads\/laserschneiden-einer-halbkugel.jpg.webp","width":600,"height":450},{"@type":"WebSite","@id":"https:\/\/form-klar.de\/agnilaser2025\/#website","url":"https:\/\/form-klar.de\/agnilaser2025\/","name":"Laserzentrum Schorcht GmbH","description":"","potentialAction":[{"@type":"SearchAction","target":{"@type":"EntryPoint","urlTemplate":"https:\/\/form-klar.de\/agnilaser2025\/?s={search_term_string}"},"query-input":{"@type":"PropertyValueSpecification","valueRequired":true,"valueName":"search_term_string"}}],"inLanguage":"de"}]}},"_links":{"self":[{"href":"https:\/\/form-klar.de\/agnilaser2025\/wp-json\/wp\/v2\/pages\/4186","targetHints":{"allow":["GET"]}}],"collection":[{"href":"https:\/\/form-klar.de\/agnilaser2025\/wp-json\/wp\/v2\/pages"}],"about":[{"href":"https:\/\/form-klar.de\/agnilaser2025\/wp-json\/wp\/v2\/types\/page"}],"author":[{"embeddable":true,"href":"https:\/\/form-klar.de\/agnilaser2025\/wp-json\/wp\/v2\/users\/10"}],"replies":[{"embeddable":true,"href":"https:\/\/form-klar.de\/agnilaser2025\/wp-json\/wp\/v2\/comments?post=4186"}],"version-history":[{"count":5,"href":"https:\/\/form-klar.de\/agnilaser2025\/wp-json\/wp\/v2\/pages\/4186\/revisions"}],"predecessor-version":[{"id":4446,"href":"https:\/\/form-klar.de\/agnilaser2025\/wp-json\/wp\/v2\/pages\/4186\/revisions\/4446"}],"wp:attachment":[{"href":"https:\/\/form-klar.de\/agnilaser2025\/wp-json\/wp\/v2\/media?parent=4186"}],"curies":[{"name":"wp","href":"https:\/\/api.w.org\/{rel}","templated":true}]}}