{"id":4183,"date":"2019-11-13T14:48:55","date_gmt":"2019-11-13T14:48:55","guid":{"rendered":"http:\/\/www.agnilaser.de\/?page_id=1307"},"modified":"2019-11-13T14:48:55","modified_gmt":"2019-11-13T14:48:55","slug":"edelstahl-lasern","status":"publish","type":"page","link":"https:\/\/form-klar.de\/agnilaser2025\/edelstahl-lasern\/","title":{"rendered":"Edelstahl lasern"},"content":{"rendered":"<h1>Ihr Auftrag: Edelstahl lasern<\/h1>\n<p>Sie m\u00f6chten <strong>Laserzuschnitte<\/strong> aus <strong>Edelstahl lasern lassen<\/strong>? Wir stehen bereit. Nutzen Sie unsere Erfahrung. Wir haben uns auf Lohnfertigung spezialisiert. Zudem erledigen wir jeden Auftrag kunden- und l\u00f6sungsorientiert. Laserschneiden ist ein Verfahren, das besonders dort zum Einsatz kommt, wo geringer Verzug wichtig ist. Mit anderen Worten: Wir lasern Edelstahl, weil das Verfahren sehr genau ist. Au\u00dferdem m\u00fcssen wenig bis fast keine Nacharbeiten anfallen.<\/p>\n<h2>Komplexe Umrisse lasern &#8211; Edelstahl und andere Materialien<\/h2>\n<p>Sie m\u00f6chten komplexe Umrisse lasern? Wir setzen 2D und auch 3D-Auftr\u00e4ge um. Dabei stellen wir ebenfalls Durchbr\u00fcche in 3D her. Nutzen Sie die Vorteile der ber\u00fchrungslosen Bearbeitung. Saubere und sehr genaue Schnittkanten &#8211; so veredeln wir Edelstahl. Mit der Beauftragung von Laserzentrum Schorcht GmbH sichern Sie sich au\u00dferdem eine Effektivit\u00e4t. Lagern Sie Ihre Schneidauftr\u00e4ge an einen Laserspezialisten aus. Im Endeffekt sparen Sie Kosten.<\/p>\n<h3>Wann ist Laserschneiden wirtschaftlich?<\/h3>\n<p>F\u00fcr gro\u00dfe Losgr\u00f6\u00dfen hat das <strong><a href=\"https:\/\/form-klar.de\/agnilaser2025\/\/lohnfertigung\/laserschneiden-thueringen\/\">Lasern<\/a><\/strong> viele Vorteile. Durch CAD-Laser bieten wir Ihnen eine sehr pr\u00e4zise Verarbeitung. Dabei sind auch gr\u00f6\u00dfere Edelstahl Serien problemlos in kurzer Zeit lieferbar. Im Gegensatz dazu kommt es bei der Herstellung von Prototypen auf das Know-how der Mitarbeiter an. Au\u00dferdem z\u00e4hlt eine Top Auswahl an Lasertechnik. Wir bei Laserzentrum Schorcht GmbH bieten ab der Losgr\u00f6\u00dfe 1 effektive Services. Sprechen Sie mit unseren Ingenieuren.<\/p>\n<h3>Zum Edelstahl lasern &#8211; welche Laser kommen zum Einsatz?<\/h3>\n<p>Wichtig ist ebenso eine gro\u00dfe Bandbreite. Es kommt dabei immer auf den einzelnen Auftrag an. Beispielsweise kommen bei uns CO2-Laser zum Einsatz. Besonders effizient sind Faserlaser. Diese lassen sich besonders genau fokussieren. Im Bereich komplexer Geometrien Microcuts sind ND:YAG Laser zu empfehlen.Unser Unternehmen garantiert Ihnen bei allen Verfahren stets h\u00f6chste Qualit\u00e4t.<\/p>\n<p>Zudem sind wir auch in der Dicke von <strong><a href=\"https:\/\/form-klar.de\/agnilaser2025\/\/edelstahl-zuschnitt\/\">Edelstahl<\/a><\/strong> sehr flexibel. Ob 0,5 oder 15 mm Dicke &#8211; wir lasern zuverl\u00e4ssig. Vertrauen Sie auf eine Laser-Leistung von 20.000 Watt. Unsere 14 Anlagen stehen f\u00fcr Ihren Auftrag, Ihr Projekt zur Verf\u00fcgung.<\/p>\n<p>Mehr Service und Power &#8211; daf\u00fcr steht Laserzentrum Schorcht GmbH.<\/p>\n","protected":false},"excerpt":{"rendered":"<p>Ihr Auftrag: Edelstahl lasern Sie m\u00f6chten Laserzuschnitte aus Edelstahl lasern lassen? Wir stehen bereit. Nutzen Sie unsere Erfahrung. Wir haben uns auf Lohnfertigung spezialisiert. Zudem [&hellip;]<\/p>\n","protected":false},"author":10,"featured_media":0,"parent":0,"menu_order":0,"comment_status":"closed","ping_status":"closed","template":"","meta":{"ngg_post_thumbnail":0,"footnotes":"","_links_to":"","_links_to_target":""},"class_list":["post-4183","page","type-page","status-publish","hentry"],"yoast_head":"<!-- This site is optimized with the Yoast SEO plugin v24.6 - https:\/\/yoast.com\/wordpress\/plugins\/seo\/ -->\n<title>Edelstahl lasern in Lohnfertigung vom Fachmann - Laserzentrum Schorcht GmbH<\/title>\n<meta name=\"description\" content=\"Wir liefern schnell, zuverl\u00e4ssig und individuell. \u2705 Sie m\u00f6chten Edelstahl lasern in Lohnfertigung? Kontaktieren Sie Laserzentrum Schorcht GmbH. \u2705\" \/>\n<meta name=\"robots\" content=\"index, follow, max-snippet:-1, max-image-preview:large, max-video-preview:-1\" \/>\n<link rel=\"canonical\" href=\"https:\/\/form-klar.de\/agnilaser2025\/edelstahl-lasern\/\" \/>\n<meta property=\"og:locale\" content=\"de_DE\" \/>\n<meta property=\"og:type\" content=\"article\" \/>\n<meta property=\"og:title\" content=\"Edelstahl lasern in Lohnfertigung vom Fachmann - Laserzentrum Schorcht GmbH\" \/>\n<meta property=\"og:description\" content=\"Wir liefern schnell, zuverl\u00e4ssig und individuell. \u2705 Sie m\u00f6chten Edelstahl lasern in Lohnfertigung? Kontaktieren Sie Laserzentrum Schorcht GmbH. \u2705\" \/>\n<meta property=\"og:url\" content=\"https:\/\/form-klar.de\/agnilaser2025\/edelstahl-lasern\/\" \/>\n<meta property=\"og:site_name\" content=\"Laserzentrum Schorcht GmbH\" \/>\n<meta name=\"twitter:label1\" content=\"Gesch\u00e4tzte Lesezeit\" \/>\n\t<meta name=\"twitter:data1\" content=\"2\u00a0Minuten\" \/>\n<script type=\"application\/ld+json\" class=\"yoast-schema-graph\">{\"@context\":\"https:\/\/schema.org\",\"@graph\":[{\"@type\":\"WebPage\",\"@id\":\"https:\/\/form-klar.de\/agnilaser2025\/edelstahl-lasern\/\",\"url\":\"https:\/\/form-klar.de\/agnilaser2025\/edelstahl-lasern\/\",\"name\":\"Edelstahl lasern in Lohnfertigung vom Fachmann - Laserzentrum Schorcht GmbH\",\"isPartOf\":{\"@id\":\"https:\/\/form-klar.de\/agnilaser2025\/#website\"},\"datePublished\":\"2019-11-13T14:48:55+00:00\",\"description\":\"Wir liefern schnell, zuverl\u00e4ssig und individuell. \u2705 Sie m\u00f6chten Edelstahl lasern in Lohnfertigung? Kontaktieren Sie Laserzentrum Schorcht GmbH. \u2705\",\"inLanguage\":\"de\",\"potentialAction\":[{\"@type\":\"ReadAction\",\"target\":[\"https:\/\/form-klar.de\/agnilaser2025\/edelstahl-lasern\/\"]}]},{\"@type\":\"WebSite\",\"@id\":\"https:\/\/form-klar.de\/agnilaser2025\/#website\",\"url\":\"https:\/\/form-klar.de\/agnilaser2025\/\",\"name\":\"Laserzentrum Schorcht GmbH\",\"description\":\"\",\"potentialAction\":[{\"@type\":\"SearchAction\",\"target\":{\"@type\":\"EntryPoint\",\"urlTemplate\":\"https:\/\/form-klar.de\/agnilaser2025\/?s={search_term_string}\"},\"query-input\":{\"@type\":\"PropertyValueSpecification\",\"valueRequired\":true,\"valueName\":\"search_term_string\"}}],\"inLanguage\":\"de\"}]}<\/script>\n<!-- \/ Yoast SEO plugin. -->","yoast_head_json":{"title":"Edelstahl lasern in Lohnfertigung vom Fachmann - Laserzentrum Schorcht GmbH","description":"Wir liefern schnell, zuverl\u00e4ssig und individuell. \u2705 Sie m\u00f6chten Edelstahl lasern in Lohnfertigung? Kontaktieren Sie Laserzentrum Schorcht GmbH. \u2705","robots":{"index":"index","follow":"follow","max-snippet":"max-snippet:-1","max-image-preview":"max-image-preview:large","max-video-preview":"max-video-preview:-1"},"canonical":"https:\/\/form-klar.de\/agnilaser2025\/edelstahl-lasern\/","og_locale":"de_DE","og_type":"article","og_title":"Edelstahl lasern in Lohnfertigung vom Fachmann - Laserzentrum Schorcht GmbH","og_description":"Wir liefern schnell, zuverl\u00e4ssig und individuell. \u2705 Sie m\u00f6chten Edelstahl lasern in Lohnfertigung? Kontaktieren Sie Laserzentrum Schorcht GmbH. \u2705","og_url":"https:\/\/form-klar.de\/agnilaser2025\/edelstahl-lasern\/","og_site_name":"Laserzentrum Schorcht GmbH","twitter_misc":{"Gesch\u00e4tzte Lesezeit":"2\u00a0Minuten"},"schema":{"@context":"https:\/\/schema.org","@graph":[{"@type":"WebPage","@id":"https:\/\/form-klar.de\/agnilaser2025\/edelstahl-lasern\/","url":"https:\/\/form-klar.de\/agnilaser2025\/edelstahl-lasern\/","name":"Edelstahl lasern in Lohnfertigung vom Fachmann - Laserzentrum Schorcht GmbH","isPartOf":{"@id":"https:\/\/form-klar.de\/agnilaser2025\/#website"},"datePublished":"2019-11-13T14:48:55+00:00","description":"Wir liefern schnell, zuverl\u00e4ssig und individuell. \u2705 Sie m\u00f6chten Edelstahl lasern in Lohnfertigung? Kontaktieren Sie Laserzentrum Schorcht GmbH. \u2705","inLanguage":"de","potentialAction":[{"@type":"ReadAction","target":["https:\/\/form-klar.de\/agnilaser2025\/edelstahl-lasern\/"]}]},{"@type":"WebSite","@id":"https:\/\/form-klar.de\/agnilaser2025\/#website","url":"https:\/\/form-klar.de\/agnilaser2025\/","name":"Laserzentrum Schorcht GmbH","description":"","potentialAction":[{"@type":"SearchAction","target":{"@type":"EntryPoint","urlTemplate":"https:\/\/form-klar.de\/agnilaser2025\/?s={search_term_string}"},"query-input":{"@type":"PropertyValueSpecification","valueRequired":true,"valueName":"search_term_string"}}],"inLanguage":"de"}]}},"_links":{"self":[{"href":"https:\/\/form-klar.de\/agnilaser2025\/wp-json\/wp\/v2\/pages\/4183","targetHints":{"allow":["GET"]}}],"collection":[{"href":"https:\/\/form-klar.de\/agnilaser2025\/wp-json\/wp\/v2\/pages"}],"about":[{"href":"https:\/\/form-klar.de\/agnilaser2025\/wp-json\/wp\/v2\/types\/page"}],"author":[{"embeddable":true,"href":"https:\/\/form-klar.de\/agnilaser2025\/wp-json\/wp\/v2\/users\/10"}],"replies":[{"embeddable":true,"href":"https:\/\/form-klar.de\/agnilaser2025\/wp-json\/wp\/v2\/comments?post=4183"}],"version-history":[{"count":0,"href":"https:\/\/form-klar.de\/agnilaser2025\/wp-json\/wp\/v2\/pages\/4183\/revisions"}],"wp:attachment":[{"href":"https:\/\/form-klar.de\/agnilaser2025\/wp-json\/wp\/v2\/media?parent=4183"}],"curies":[{"name":"wp","href":"https:\/\/api.w.org\/{rel}","templated":true}]}}