{"id":4177,"date":"2017-10-27T12:11:18","date_gmt":"2017-10-27T12:11:18","guid":{"rendered":"http:\/\/www.agnilaser.de\/?page_id=865"},"modified":"2017-10-27T12:11:18","modified_gmt":"2017-10-27T12:11:18","slug":"laserschneiden-kupfer","status":"publish","type":"page","link":"https:\/\/form-klar.de\/agnilaser2025\/laserschneiden-kupfer\/","title":{"rendered":"Laserschneiden Kupfer"},"content":{"rendered":"<h2>Der Experte f\u00fcr Laserschneiden von Kupfer<\/h2>\n<p>Setzen Sie auf 20 Jahre Laser Kompetenz! Laserzentrum Schorcht GmbH ist Ihr Ansprechpartner f\u00fcr das <a href=\"https:\/\/form-klar.de\/agnilaser2025\/\/lohnfertigung\/laserschneiden-thueringen\/\">Laserschneiden<\/a> von Kupfer und anderen Materialien. Nicht nur verschiedene Stahlbleche und Metall-Legierungen sind optimal f\u00fcr das Laserschneiden geeignet. Auch verschiedene Metalle k\u00f6nnen wir mit modernen Anlagen zum Laserschneiden bearbeiten.<\/p>\n<h3>Bearbeiten Sie Kupfer pr\u00e4zise bei Laserzentrum Schorcht GmbH<\/h3>\n<p>Bei vielen Kunden h\u00e4ufen sich die Anfragen nach dem <a href=\"https:\/\/form-klar.de\/agnilaser2025\/\/buchstaben-laserschneiden\/\">Laserschneiden<\/a> von Kupfer. Verschiedene Industriezweige verarbeiten Materialien aus Kupfer mit steigender Tendenz. Denn Kupfer bietet immer vielf\u00e4ltigere Produkteigenschaften an. Sie ersetzen durch die geringen Produktionskosten Schritt f\u00fcr Schritt Metalle und Bleche. Laserschneiden ist ein Verfahren, mit dem Sie Metalle sehr pr\u00e4zise und mit geringen Kosten bearbeiten lassen k\u00f6nnen. Nat\u00fcrlich von uns \u2013 Laserzentrum Schorcht GmbH dem Spezialisten f\u00fcr Laserbearbeitung.<\/p>\n<h3>Was sind die Vorteile des Laserschneiden von Kupfer<\/h3>\n<p>Unsere modernen CNC-Anlagen zum Laserschneiden sichern Ihnen volle Flexibilit\u00e4t. Suchen Sie einen Partner, mit dem Sie eine deutliche Senkung der Kosten f\u00fcr gro\u00dfe St\u00fcckzahlen planen? Wir bei Laserzentrum Schorcht GmbH k\u00f6nnen Ihnen eine kompetente Beratung sichern. Lassen Sie sich von unseren g\u00fcnstigen Angeboten \u00fcberzeugen. Durch geringe R\u00fcstkosten und geringe R\u00fcstzeiten bieten wir Ihnen Einsparpotentiale in Ihrer Produktionskette. Wir bei Laserzentrum Schorcht GmbH sind schnell und effizient. Sparen Sie doch Kosten ein \u2013 mit dem CO<sub>2<\/sub> Laser bieten wir professionelles Laserschneiden f\u00fcr alle Spezifikationen. Wir liefern Kleinauflagen, Gro\u00dfserien und Einzelauftr\u00e4ge f\u00fcr die Entwicklung von Prototypen.<\/p>\n<h3>Laserschneiden: Den Kupfer sehr pr\u00e4zise und schonend &nbsp;bearbeiten<\/h3>\n<p>Laserschneiden ist f\u00fcr ber\u00fchrungslose und gratfreie Qualit\u00e4t schon beim Bearbeiten von Stahlblech bekannt. Die gleichen Eigenschaften sichert Laserschneiden beim Schneiden von Kupfer. Die Einflusszone f\u00fcr entstehende W\u00e4rme ist gering. Der Schnittspalt liegt bei 0,1mm Breite. Beste Voraussetzungen f\u00fcr den Werkstoff Kupfer. Kupfer ist meist d\u00fcnn. Hier ist ein sehr genaues Schneiden vorteilhaft. Wir beraten unsere Kunden im Vorfeld, f\u00fcr welchen Kupfer welches Verfahren passend ist. Das schonende Laserschneiden kommt ohne mechanische Belastungen am Kupfer aus.<\/p>\n<h3>Laserschneiden von verschiedenen&nbsp;Metallen<\/h3>\n<p>Wir schneiden verschiedene Formate \u2013 lassen Sie sich von unseren Experten beraten. &nbsp;Wir sind spezialisiert auf die Lohnfertigung im Bereich Laser. Setzen Sie auf schnellere und pr\u00e4zisere Verfahren als mit Schneidplotter- oder Stanzverfahren. &nbsp;Setzen Sie auf saubere Schnitte und kraftfreie Bearbeitung von verschiedenen Metallen durch uns. Kupfer stellt bei der Verarbeitung durch den laser keine Probleme dar.<\/p>\n<h3>Pers\u00f6nliche Beratung f\u00fcr Ihren Auftrag \u2013 fit in der Lohnfertigung<\/h3>\n<p>Wir beraten Sie pers\u00f6nlich rund um die M\u00f6glichkeiten, die Laserschneiden von Kupfer bietet. Gern informieren wir Sie auch zu den Leistungen Laserbeschriftung, Lasergravur, Reparaturschwei\u00dfen. Verlassen Sie sich auf unser Know-how in der Laser Lohnfertigung.<\/p>\n","protected":false},"excerpt":{"rendered":"<p>Der Experte f\u00fcr Laserschneiden von Kupfer Setzen Sie auf 20 Jahre Laser Kompetenz! Laserzentrum Schorcht GmbH ist Ihr Ansprechpartner f\u00fcr das Laserschneiden von Kupfer und [&hellip;]<\/p>\n","protected":false},"author":9,"featured_media":0,"parent":0,"menu_order":6,"comment_status":"closed","ping_status":"closed","template":"","meta":{"ngg_post_thumbnail":0,"footnotes":"","_links_to":"","_links_to_target":""},"class_list":["post-4177","page","type-page","status-publish","hentry"],"yoast_head":"<!-- This site is optimized with the Yoast SEO plugin v24.6 - https:\/\/yoast.com\/wordpress\/plugins\/seo\/ -->\n<title>Laserschneiden Kupfer vom Fachmann f\u00fcr Laserscheniden | Laserzentrum Schorcht GmbH<\/title>\n<meta name=\"description\" content=\"Laserschneiden Kupfer? Laserzentrum Schorcht GmbH ist Ihr Ansprechpartner f\u00fcr das Laserschneiden von Kupfer und anderen Materialien. Kontaktieren Sie uns.\" \/>\n<meta name=\"robots\" content=\"index, follow, max-snippet:-1, max-image-preview:large, max-video-preview:-1\" \/>\n<link rel=\"canonical\" href=\"https:\/\/form-klar.de\/agnilaser2025\/laserschneiden-kupfer\/\" \/>\n<meta property=\"og:locale\" content=\"de_DE\" \/>\n<meta property=\"og:type\" content=\"article\" \/>\n<meta property=\"og:title\" content=\"Laserschneiden Kupfer vom Fachmann f\u00fcr Laserscheniden | Laserzentrum Schorcht GmbH\" \/>\n<meta property=\"og:description\" content=\"Laserschneiden Kupfer? Laserzentrum Schorcht GmbH ist Ihr Ansprechpartner f\u00fcr das Laserschneiden von Kupfer und anderen Materialien. Kontaktieren Sie uns.\" \/>\n<meta property=\"og:url\" content=\"https:\/\/form-klar.de\/agnilaser2025\/laserschneiden-kupfer\/\" \/>\n<meta property=\"og:site_name\" content=\"Laserzentrum Schorcht GmbH\" \/>\n<meta name=\"twitter:label1\" content=\"Gesch\u00e4tzte Lesezeit\" \/>\n\t<meta name=\"twitter:data1\" content=\"2\u00a0Minuten\" \/>\n<script type=\"application\/ld+json\" class=\"yoast-schema-graph\">{\"@context\":\"https:\/\/schema.org\",\"@graph\":[{\"@type\":\"WebPage\",\"@id\":\"https:\/\/form-klar.de\/agnilaser2025\/laserschneiden-kupfer\/\",\"url\":\"https:\/\/form-klar.de\/agnilaser2025\/laserschneiden-kupfer\/\",\"name\":\"Laserschneiden Kupfer vom Fachmann f\u00fcr Laserscheniden | Laserzentrum Schorcht GmbH\",\"isPartOf\":{\"@id\":\"https:\/\/form-klar.de\/agnilaser2025\/#website\"},\"datePublished\":\"2017-10-27T12:11:18+00:00\",\"description\":\"Laserschneiden Kupfer? Laserzentrum Schorcht GmbH ist Ihr Ansprechpartner f\u00fcr das Laserschneiden von Kupfer und anderen Materialien. Kontaktieren Sie uns.\",\"inLanguage\":\"de\",\"potentialAction\":[{\"@type\":\"ReadAction\",\"target\":[\"https:\/\/form-klar.de\/agnilaser2025\/laserschneiden-kupfer\/\"]}]},{\"@type\":\"WebSite\",\"@id\":\"https:\/\/form-klar.de\/agnilaser2025\/#website\",\"url\":\"https:\/\/form-klar.de\/agnilaser2025\/\",\"name\":\"Laserzentrum Schorcht GmbH\",\"description\":\"\",\"potentialAction\":[{\"@type\":\"SearchAction\",\"target\":{\"@type\":\"EntryPoint\",\"urlTemplate\":\"https:\/\/form-klar.de\/agnilaser2025\/?s={search_term_string}\"},\"query-input\":{\"@type\":\"PropertyValueSpecification\",\"valueRequired\":true,\"valueName\":\"search_term_string\"}}],\"inLanguage\":\"de\"}]}<\/script>\n<!-- \/ Yoast SEO plugin. -->","yoast_head_json":{"title":"Laserschneiden Kupfer vom Fachmann f\u00fcr Laserscheniden | Laserzentrum Schorcht GmbH","description":"Laserschneiden Kupfer? Laserzentrum Schorcht GmbH ist Ihr Ansprechpartner f\u00fcr das Laserschneiden von Kupfer und anderen Materialien. Kontaktieren Sie uns.","robots":{"index":"index","follow":"follow","max-snippet":"max-snippet:-1","max-image-preview":"max-image-preview:large","max-video-preview":"max-video-preview:-1"},"canonical":"https:\/\/form-klar.de\/agnilaser2025\/laserschneiden-kupfer\/","og_locale":"de_DE","og_type":"article","og_title":"Laserschneiden Kupfer vom Fachmann f\u00fcr Laserscheniden | Laserzentrum Schorcht GmbH","og_description":"Laserschneiden Kupfer? Laserzentrum Schorcht GmbH ist Ihr Ansprechpartner f\u00fcr das Laserschneiden von Kupfer und anderen Materialien. Kontaktieren Sie uns.","og_url":"https:\/\/form-klar.de\/agnilaser2025\/laserschneiden-kupfer\/","og_site_name":"Laserzentrum Schorcht GmbH","twitter_misc":{"Gesch\u00e4tzte Lesezeit":"2\u00a0Minuten"},"schema":{"@context":"https:\/\/schema.org","@graph":[{"@type":"WebPage","@id":"https:\/\/form-klar.de\/agnilaser2025\/laserschneiden-kupfer\/","url":"https:\/\/form-klar.de\/agnilaser2025\/laserschneiden-kupfer\/","name":"Laserschneiden Kupfer vom Fachmann f\u00fcr Laserscheniden | Laserzentrum Schorcht GmbH","isPartOf":{"@id":"https:\/\/form-klar.de\/agnilaser2025\/#website"},"datePublished":"2017-10-27T12:11:18+00:00","description":"Laserschneiden Kupfer? Laserzentrum Schorcht GmbH ist Ihr Ansprechpartner f\u00fcr das Laserschneiden von Kupfer und anderen Materialien. Kontaktieren Sie uns.","inLanguage":"de","potentialAction":[{"@type":"ReadAction","target":["https:\/\/form-klar.de\/agnilaser2025\/laserschneiden-kupfer\/"]}]},{"@type":"WebSite","@id":"https:\/\/form-klar.de\/agnilaser2025\/#website","url":"https:\/\/form-klar.de\/agnilaser2025\/","name":"Laserzentrum Schorcht GmbH","description":"","potentialAction":[{"@type":"SearchAction","target":{"@type":"EntryPoint","urlTemplate":"https:\/\/form-klar.de\/agnilaser2025\/?s={search_term_string}"},"query-input":{"@type":"PropertyValueSpecification","valueRequired":true,"valueName":"search_term_string"}}],"inLanguage":"de"}]}},"_links":{"self":[{"href":"https:\/\/form-klar.de\/agnilaser2025\/wp-json\/wp\/v2\/pages\/4177","targetHints":{"allow":["GET"]}}],"collection":[{"href":"https:\/\/form-klar.de\/agnilaser2025\/wp-json\/wp\/v2\/pages"}],"about":[{"href":"https:\/\/form-klar.de\/agnilaser2025\/wp-json\/wp\/v2\/types\/page"}],"author":[{"embeddable":true,"href":"https:\/\/form-klar.de\/agnilaser2025\/wp-json\/wp\/v2\/users\/9"}],"replies":[{"embeddable":true,"href":"https:\/\/form-klar.de\/agnilaser2025\/wp-json\/wp\/v2\/comments?post=4177"}],"version-history":[{"count":0,"href":"https:\/\/form-klar.de\/agnilaser2025\/wp-json\/wp\/v2\/pages\/4177\/revisions"}],"wp:attachment":[{"href":"https:\/\/form-klar.de\/agnilaser2025\/wp-json\/wp\/v2\/media?parent=4177"}],"curies":[{"name":"wp","href":"https:\/\/api.w.org\/{rel}","templated":true}]}}