{"id":4176,"date":"2017-09-13T15:21:59","date_gmt":"2017-09-13T15:21:59","guid":{"rendered":"http:\/\/www.agnilaser.de\/?page_id=860"},"modified":"2017-09-13T15:21:59","modified_gmt":"2017-09-13T15:21:59","slug":"cnc-laserschneiden","status":"publish","type":"page","link":"https:\/\/form-klar.de\/agnilaser2025\/cnc-laserschneiden\/","title":{"rendered":"CNC Laserschneiden"},"content":{"rendered":"<h2>Beauftragen Sie geb\u00fcndelte Kompetenz im CNC-Laserschneiden!<\/h2>\n<p>Im Bereich Blechbearbeitung bietet das CNC-Laserschneiden optimale Ergebnisse f\u00fcr unsere Kunden. Wir arbeiten schnell mit minimalen R\u00fcstzeiten in Ihrem Auftrag. Setzen Sie auf hohe Schnittgeschwindigkeiten an<strong> unseren CNC-Automaten<\/strong>. CNC-gesteuertes Laserschneiden ist optimal, um hohe St\u00fcckzahlen zu bearbeiten. <strong>Blechbearbeitung und CNC-Laserschneiden<\/strong> geh\u00f6ren als Leistungen zu unserem Portfolio \u2013 und sind im Bereich 3D-Laserschneiden eine Weiterentwicklung der Technologie des Blechstanzens.<\/p>\n<h3>Sehr genaues Arbeiten in der Blechbearbeitung \u2013 mit CNC Laserschneiden<\/h3>\n<p>Setzen Sie auf unsere Kompetenz und Zuverl\u00e4ssigkeit. Wir m\u00f6chten mit modernen Laser-Technologien Mehrwerte f\u00fcr Ihr Unternehmen schaffen. Zu unserem Maschinenpark geh\u00f6ren zum Beispiel CNC-gesteuerte CO2 Hochleistungslaser. Das erm\u00f6glicht uns, im <strong>Leistungsbereich des CNC-Laserschneiden<\/strong> sehr effizient und auch vielseitig aufgestellt zu sein. Profitieren Sie beispielsweise von der Schnittgeschwindigkeit und der hohen Genauigkeit eines fokussierbaren Faserlaser. M\u00f6chten Sie im Mikroschneiden gute Ergebnisse erzielen, bieten wir Ihnen unsere Nd:YAG Laser \u2013 ideal f\u00fcr Schnittspalten ab 20 \u00b5m.<\/p>\n<h3>Laserschneidverfahren auch f\u00fcr komplexe Geometrien<\/h3>\n<p>Sie planen in der Laserbearbeitung mit komplexen Umrissen und Geometrien? In 2D oder auch 3D bieten wir Ihnen die Leistung <a title=\"Laserschneiden\" href=\"https:\/\/form-klar.de\/agnilaser2025\/\/lohnfertigung\/laserschneiden-thueringen\/\">CNC-Laserschneiden<\/a> an. Sie brauchen dreidimensionale Durchbr\u00fcche? Die Technik des CNC-Laserschneidens hat viele Vorteile gegen\u00fcber dem CNC-Stanzverfahren. Das thermische Trennverfahren in ber\u00fchrungslos und nahezu kr\u00e4ftefrei. Im 3D-Schneiden ist ein sehr geringer Werkst\u00fcckverzug das Ergebnis. Modernste Technik macht es m\u00f6glich: Im CNC-Laserschneiden k\u00f6nnen wir nahezu alle metallischen Bleche und Materialien trennen. Beauftragen Sie dieses wirtschaftliche Verfahren in der Laserlohnfertigung bei Laserzentrum Schorcht GmbH. Je nach Anforderung wird das passende Verfahren zum CNC-Laserschneiden eingesetzt.<\/p>\n<h3>Von Gro\u00dfserien bis hin zu Kleinserien und Prototypen effizient sein!<\/h3>\n<p>Wir geben Ihnen unsere ganze Leistungskraft! Im CNC-Laserschneiden stehen Ihnen komplette 14 Laseranlagen mit bis zu 4000 Watt Leistung zur Verf\u00fcgung. Unsere Kunden werden individuell und kompetent bei jedem Auftrag beraten. Verlassen Sie sich auf unsere kundenorientierte und qualit\u00e4tsbewusste Arbeit. Unsere<strong> T\u00dcV-Zertifizierungen nach DIN EN-ISO\/TS 16949:2009 und DIN EN ISO 9001:2008<\/strong> sind der Beweis: Laserzentrum Schorcht GmbH ist ein echtes <strong>Pr\u00e4zisionsunternehmen<\/strong>. Seit 2006 arbeiten wir speziell auf dem Gebiet der Laserlohnfertigung. Als Ausgr\u00fcndung aus dem Laserzentrum Schorcht konzentrieren wir uns speziell auf unsere Laserkompetenz in der Lohnfertigung. Laserschneiden, Laserbeschriftungen und Laserschwei\u00dfen sind die Leistungen, die wir Ihnen fokussiert anbieten.<\/p>\n<h3>In der Lohnfertigung arbeiten wir so effektiv, dass wir f\u00fcr Ihren Produktionsprozess Zeit und kostensparend aktiv werden k\u00f6nnen.<\/h3>\n<p>Wir freuen uns auf Ihren Auftrag im CNC-Laserschneiden. Wir bearbeiten unterschiedliche Blechdicken \u2013 je nach Anforderung. Sie m\u00f6chten weitere Informationen? Wir sind Ihr Ansprechpartner f\u00fcr Markieraufgaben, Musterfertigung, Serienfertigung und Laserbeschriftung vieler unterschiedlicher Materialien, darunter Edelmetall, Stahl, Edelstahl, Aluminium, Kunststoffe, Glas und sogar organische Stoffe.<\/p>\n<p>&nbsp;<\/p>\n","protected":false},"excerpt":{"rendered":"<p>Beauftragen Sie geb\u00fcndelte Kompetenz im CNC-Laserschneiden! Im Bereich Blechbearbeitung bietet das CNC-Laserschneiden optimale Ergebnisse f\u00fcr unsere Kunden. Wir arbeiten schnell mit minimalen R\u00fcstzeiten in Ihrem [&hellip;]<\/p>\n","protected":false},"author":9,"featured_media":0,"parent":0,"menu_order":5,"comment_status":"closed","ping_status":"closed","template":"","meta":{"ngg_post_thumbnail":0,"footnotes":"","_links_to":"","_links_to_target":""},"class_list":["post-4176","page","type-page","status-publish","hentry"],"yoast_head":"<!-- This site is optimized with the Yoast SEO plugin v24.6 - https:\/\/yoast.com\/wordpress\/plugins\/seo\/ -->\n<title>CNC-Laserschneiden im Bereich Blechbearbeitung | Laserzentrum Schorcht GmbH<\/title>\n<meta name=\"description\" content=\"CNC-Laserschneiden? Setzen Sie auf unsere Kompetenz und Zuverl\u00e4ssigkeit. Wir m\u00f6chten mit modernen Laser-Technologien Mehrwerte f\u00fcr Ihr Unternehmen schaffen.\" \/>\n<meta name=\"robots\" content=\"index, follow, max-snippet:-1, max-image-preview:large, max-video-preview:-1\" \/>\n<link rel=\"canonical\" href=\"https:\/\/form-klar.de\/agnilaser2025\/cnc-laserschneiden\/\" \/>\n<meta property=\"og:locale\" content=\"de_DE\" \/>\n<meta property=\"og:type\" content=\"article\" \/>\n<meta property=\"og:title\" content=\"CNC-Laserschneiden im Bereich Blechbearbeitung | Laserzentrum Schorcht GmbH\" \/>\n<meta property=\"og:description\" content=\"CNC-Laserschneiden? Setzen Sie auf unsere Kompetenz und Zuverl\u00e4ssigkeit. Wir m\u00f6chten mit modernen Laser-Technologien Mehrwerte f\u00fcr Ihr Unternehmen schaffen.\" \/>\n<meta property=\"og:url\" content=\"https:\/\/form-klar.de\/agnilaser2025\/cnc-laserschneiden\/\" \/>\n<meta property=\"og:site_name\" content=\"Laserzentrum Schorcht GmbH\" \/>\n<meta name=\"twitter:label1\" content=\"Gesch\u00e4tzte Lesezeit\" \/>\n\t<meta name=\"twitter:data1\" content=\"2\u00a0Minuten\" \/>\n<script type=\"application\/ld+json\" class=\"yoast-schema-graph\">{\"@context\":\"https:\/\/schema.org\",\"@graph\":[{\"@type\":\"WebPage\",\"@id\":\"https:\/\/form-klar.de\/agnilaser2025\/cnc-laserschneiden\/\",\"url\":\"https:\/\/form-klar.de\/agnilaser2025\/cnc-laserschneiden\/\",\"name\":\"CNC-Laserschneiden im Bereich Blechbearbeitung | Laserzentrum Schorcht GmbH\",\"isPartOf\":{\"@id\":\"https:\/\/form-klar.de\/agnilaser2025\/#website\"},\"datePublished\":\"2017-09-13T15:21:59+00:00\",\"description\":\"CNC-Laserschneiden? Setzen Sie auf unsere Kompetenz und Zuverl\u00e4ssigkeit. Wir m\u00f6chten mit modernen Laser-Technologien Mehrwerte f\u00fcr Ihr Unternehmen schaffen.\",\"inLanguage\":\"de\",\"potentialAction\":[{\"@type\":\"ReadAction\",\"target\":[\"https:\/\/form-klar.de\/agnilaser2025\/cnc-laserschneiden\/\"]}]},{\"@type\":\"WebSite\",\"@id\":\"https:\/\/form-klar.de\/agnilaser2025\/#website\",\"url\":\"https:\/\/form-klar.de\/agnilaser2025\/\",\"name\":\"Laserzentrum Schorcht GmbH\",\"description\":\"\",\"potentialAction\":[{\"@type\":\"SearchAction\",\"target\":{\"@type\":\"EntryPoint\",\"urlTemplate\":\"https:\/\/form-klar.de\/agnilaser2025\/?s={search_term_string}\"},\"query-input\":{\"@type\":\"PropertyValueSpecification\",\"valueRequired\":true,\"valueName\":\"search_term_string\"}}],\"inLanguage\":\"de\"}]}<\/script>\n<!-- \/ Yoast SEO plugin. -->","yoast_head_json":{"title":"CNC-Laserschneiden im Bereich Blechbearbeitung | Laserzentrum Schorcht GmbH","description":"CNC-Laserschneiden? Setzen Sie auf unsere Kompetenz und Zuverl\u00e4ssigkeit. Wir m\u00f6chten mit modernen Laser-Technologien Mehrwerte f\u00fcr Ihr Unternehmen schaffen.","robots":{"index":"index","follow":"follow","max-snippet":"max-snippet:-1","max-image-preview":"max-image-preview:large","max-video-preview":"max-video-preview:-1"},"canonical":"https:\/\/form-klar.de\/agnilaser2025\/cnc-laserschneiden\/","og_locale":"de_DE","og_type":"article","og_title":"CNC-Laserschneiden im Bereich Blechbearbeitung | Laserzentrum Schorcht GmbH","og_description":"CNC-Laserschneiden? Setzen Sie auf unsere Kompetenz und Zuverl\u00e4ssigkeit. Wir m\u00f6chten mit modernen Laser-Technologien Mehrwerte f\u00fcr Ihr Unternehmen schaffen.","og_url":"https:\/\/form-klar.de\/agnilaser2025\/cnc-laserschneiden\/","og_site_name":"Laserzentrum Schorcht GmbH","twitter_misc":{"Gesch\u00e4tzte Lesezeit":"2\u00a0Minuten"},"schema":{"@context":"https:\/\/schema.org","@graph":[{"@type":"WebPage","@id":"https:\/\/form-klar.de\/agnilaser2025\/cnc-laserschneiden\/","url":"https:\/\/form-klar.de\/agnilaser2025\/cnc-laserschneiden\/","name":"CNC-Laserschneiden im Bereich Blechbearbeitung | Laserzentrum Schorcht GmbH","isPartOf":{"@id":"https:\/\/form-klar.de\/agnilaser2025\/#website"},"datePublished":"2017-09-13T15:21:59+00:00","description":"CNC-Laserschneiden? Setzen Sie auf unsere Kompetenz und Zuverl\u00e4ssigkeit. Wir m\u00f6chten mit modernen Laser-Technologien Mehrwerte f\u00fcr Ihr Unternehmen schaffen.","inLanguage":"de","potentialAction":[{"@type":"ReadAction","target":["https:\/\/form-klar.de\/agnilaser2025\/cnc-laserschneiden\/"]}]},{"@type":"WebSite","@id":"https:\/\/form-klar.de\/agnilaser2025\/#website","url":"https:\/\/form-klar.de\/agnilaser2025\/","name":"Laserzentrum Schorcht GmbH","description":"","potentialAction":[{"@type":"SearchAction","target":{"@type":"EntryPoint","urlTemplate":"https:\/\/form-klar.de\/agnilaser2025\/?s={search_term_string}"},"query-input":{"@type":"PropertyValueSpecification","valueRequired":true,"valueName":"search_term_string"}}],"inLanguage":"de"}]}},"_links":{"self":[{"href":"https:\/\/form-klar.de\/agnilaser2025\/wp-json\/wp\/v2\/pages\/4176","targetHints":{"allow":["GET"]}}],"collection":[{"href":"https:\/\/form-klar.de\/agnilaser2025\/wp-json\/wp\/v2\/pages"}],"about":[{"href":"https:\/\/form-klar.de\/agnilaser2025\/wp-json\/wp\/v2\/types\/page"}],"author":[{"embeddable":true,"href":"https:\/\/form-klar.de\/agnilaser2025\/wp-json\/wp\/v2\/users\/9"}],"replies":[{"embeddable":true,"href":"https:\/\/form-klar.de\/agnilaser2025\/wp-json\/wp\/v2\/comments?post=4176"}],"version-history":[{"count":0,"href":"https:\/\/form-klar.de\/agnilaser2025\/wp-json\/wp\/v2\/pages\/4176\/revisions"}],"wp:attachment":[{"href":"https:\/\/form-klar.de\/agnilaser2025\/wp-json\/wp\/v2\/media?parent=4176"}],"curies":[{"name":"wp","href":"https:\/\/api.w.org\/{rel}","templated":true}]}}