{"id":4175,"date":"2017-06-21T14:17:22","date_gmt":"2017-06-21T14:17:22","guid":{"rendered":"http:\/\/www.agnilaser.de\/?page_id=848"},"modified":"2017-06-21T14:17:22","modified_gmt":"2017-06-21T14:17:22","slug":"laserstrahlschweissen","status":"publish","type":"page","link":"https:\/\/form-klar.de\/agnilaser2025\/laserstrahlschweissen\/","title":{"rendered":"Laserstrahlschwei\u00dfen"},"content":{"rendered":"<h2>Wissenswertes \u00fcber das Laserstrahlschwei\u00dfen<\/h2>\n<p>Laserzentrum Schorcht GmbH ist bekannt f\u00fcr seine Kompetenz im Laserstrahlschwei\u00dfen. Bei Laserzentrum Schorcht GmbH kommen meist gepulste Laser zum Einsatz. Erwarten Sie mit Ihrem Fachmann optimale Ergebnisse im Laserstrahlschwei\u00dfen schon ab kleinen Losgr\u00f6\u00dfen oder sogar ab der Losgr\u00f6\u00dfe 1. Unsere Kunden z\u00e4hlen auf Schnelligkeit und Effizienz bei allen Auftr\u00e4gen. P\u00fcnktlich zum Termin ist der Auftrag fertig, die Teile werden angeliefert. Dadurch dass wir in Ihrer N\u00e4he hier in Deutschland sitzen, k\u00f6nnen Sie sich auf eine effiziente Auftragserledigung verlassen. Auch die Lieferung erfolgt zuverl\u00e4ssig.<\/p>\n<h3>Mehr erfahren \u00fcber Laserstrahlschwei\u00dfen<\/h3>\n<p>Als Schwei\u00dfverfahren geh\u00f6rt das Laserstrahlschwei\u00dfen schon l\u00e4ngst zum Alltag vieler Unternehmen. In diesem F\u00fcgeverfahren wird zwischen zwei Werkst\u00fccken oder Bauteilen mit gezieltem W\u00e4rmeeintrag eine unl\u00f6sbare Verbindung hergestellt. In den meisten F\u00e4llen wird beim Laserstrahlschwei\u00dfen kein Schwei\u00dfzusatz ben\u00f6tigt. Anders sieht es beim Laserstrahlschwei\u00dfen von Aluminiumteilen aus. Hier werden bestimmte Zusatzstoffe verwendet.<\/p>\n<h3>Was passiert beim Vorgang des Laserstrahlschwei\u00dfens?<\/h3>\n<p>Einfach gesagt, wird ein Laserstrahl durch eine Optik so fokussiert, dass das Werkst\u00fcck, auf den der so entstehende Strahl gerichtet wird, aufgeschmolzen wird. Das Besondere am Laserstrahlschwei\u00dfen ist, dass der Energie- und damit Hitzeeintrag sich nur auf die auf eine Genauigkeit von 0,01 mm fokussierte Stelle des Strahls richtet. Erstarrt das geschmolzene Material wieder an der F\u00fcgestelle, sind die zwei Werkst\u00fccke fest miteinander verbunden.<\/p>\n<h3>Welche Vorteile sind via Laserschwei\u00dfen zu verzeichnen?<\/h3>\n<p>Ein Vorteil ergibt sich aus dem Fakt des stark fokussierten W\u00e4rmeeintrages. M\u00f6glich werden dadurch sehr kleine Schwei\u00dfn\u00e4hte, die aber sehr tief reichen k\u00f6nnen, Bis zu 30 mm tief kann mit dem Laserstrahlschwei\u00dfen eine Schwei\u00dfnaht reichen. Nur die punktuelle Schwei\u00dfstelle wird thermisch ver\u00e4ndert. Die direkte Umgebung der Schwei\u00dfnaht bleibt unber\u00fchrt. Die Qualit\u00e4t der Schwei\u00dfnaht ist besser. Die Schwei\u00dfnaht sieht auch schlanker als zum Beispiel bei Lichtbogenschwei\u00dfverfahren. Ein weiterer Vorteil: Die Geschwindigkeit des Vorschubes ist h\u00f6her. Auch wird das Werkst\u00fcck mit nur geringem Verzug nur sehr wenig in seinen mechanischen Eigenschaften beeinflusst.<\/p>\n<h3>Bei welchen Werkst\u00fccken empfiehlt sich das Laserstrahlschwei\u00dfen?<\/h3>\n<p>Wir empfehlen das Laserstrahlschwei\u00dfen f\u00fcr alle Metalle, auch f\u00fcr Aluminiumteile. Aber auch Kunststoffe k\u00f6nnen mit dem Laserstrahlschwei\u00dfverfahren sehr gut geschwei\u00dft werden. Sichern Sie sich Laserschwei\u00df-Performance von Laserzentrum Schorcht GmbH. Mit hoher Geschwindigkeit, sehr geringem Verschlei\u00df und ohne die sonst oft n\u00f6tigen Nacharbeiten. Setzen Sie auf unser dynamisches Unternehmen mit viel Erfahrung beim Laserschwei\u00dfen und Laserschneiden. Steigern Sie mit uns als Lohnschwei\u00dfer die Effizienz auch in Ihrem Unternehmen.<\/p>\n","protected":false},"excerpt":{"rendered":"<p>Wissenswertes \u00fcber das Laserstrahlschwei\u00dfen Laserzentrum Schorcht GmbH ist bekannt f\u00fcr seine Kompetenz im Laserstrahlschwei\u00dfen. Bei Laserzentrum Schorcht GmbH kommen meist gepulste Laser zum Einsatz. Erwarten [&hellip;]<\/p>\n","protected":false},"author":9,"featured_media":0,"parent":0,"menu_order":4,"comment_status":"closed","ping_status":"closed","template":"","meta":{"ngg_post_thumbnail":0,"footnotes":"","_links_to":"","_links_to_target":""},"class_list":["post-4175","page","type-page","status-publish","hentry"],"yoast_head":"<!-- This site is optimized with the Yoast SEO plugin v24.6 - https:\/\/yoast.com\/wordpress\/plugins\/seo\/ -->\n<title>Laserstrahlschwei\u00dfen vom Fachmann f\u00fcr Laser | Laserzentrum Schorcht GmbH<\/title>\n<meta name=\"description\" content=\"Laserstrahlschwei\u00dfen? Als Schwei\u00dfverfahren geh\u00f6rt das Laserstrahlschwei\u00dfen schon l\u00e4ngst zum Alltag vieler Unternehmen. Kontaktieren Sie uns\" \/>\n<meta name=\"robots\" content=\"index, follow, max-snippet:-1, max-image-preview:large, max-video-preview:-1\" \/>\n<link rel=\"canonical\" href=\"https:\/\/form-klar.de\/agnilaser2025\/laserstrahlschweissen\/\" \/>\n<meta property=\"og:locale\" content=\"de_DE\" \/>\n<meta property=\"og:type\" content=\"article\" \/>\n<meta property=\"og:title\" content=\"Laserstrahlschwei\u00dfen vom Fachmann f\u00fcr Laser | Laserzentrum Schorcht GmbH\" \/>\n<meta property=\"og:description\" content=\"Laserstrahlschwei\u00dfen? Als Schwei\u00dfverfahren geh\u00f6rt das Laserstrahlschwei\u00dfen schon l\u00e4ngst zum Alltag vieler Unternehmen. Kontaktieren Sie uns\" \/>\n<meta property=\"og:url\" content=\"https:\/\/form-klar.de\/agnilaser2025\/laserstrahlschweissen\/\" \/>\n<meta property=\"og:site_name\" content=\"Laserzentrum Schorcht GmbH\" \/>\n<meta name=\"twitter:label1\" content=\"Gesch\u00e4tzte Lesezeit\" \/>\n\t<meta name=\"twitter:data1\" content=\"2\u00a0Minuten\" \/>\n<script type=\"application\/ld+json\" class=\"yoast-schema-graph\">{\"@context\":\"https:\/\/schema.org\",\"@graph\":[{\"@type\":\"WebPage\",\"@id\":\"https:\/\/form-klar.de\/agnilaser2025\/laserstrahlschweissen\/\",\"url\":\"https:\/\/form-klar.de\/agnilaser2025\/laserstrahlschweissen\/\",\"name\":\"Laserstrahlschwei\u00dfen vom Fachmann f\u00fcr Laser | Laserzentrum Schorcht GmbH\",\"isPartOf\":{\"@id\":\"https:\/\/form-klar.de\/agnilaser2025\/#website\"},\"datePublished\":\"2017-06-21T14:17:22+00:00\",\"description\":\"Laserstrahlschwei\u00dfen? Als Schwei\u00dfverfahren geh\u00f6rt das Laserstrahlschwei\u00dfen schon l\u00e4ngst zum Alltag vieler Unternehmen. Kontaktieren Sie uns\",\"inLanguage\":\"de\",\"potentialAction\":[{\"@type\":\"ReadAction\",\"target\":[\"https:\/\/form-klar.de\/agnilaser2025\/laserstrahlschweissen\/\"]}]},{\"@type\":\"WebSite\",\"@id\":\"https:\/\/form-klar.de\/agnilaser2025\/#website\",\"url\":\"https:\/\/form-klar.de\/agnilaser2025\/\",\"name\":\"Laserzentrum Schorcht GmbH\",\"description\":\"\",\"potentialAction\":[{\"@type\":\"SearchAction\",\"target\":{\"@type\":\"EntryPoint\",\"urlTemplate\":\"https:\/\/form-klar.de\/agnilaser2025\/?s={search_term_string}\"},\"query-input\":{\"@type\":\"PropertyValueSpecification\",\"valueRequired\":true,\"valueName\":\"search_term_string\"}}],\"inLanguage\":\"de\"}]}<\/script>\n<!-- \/ Yoast SEO plugin. -->","yoast_head_json":{"title":"Laserstrahlschwei\u00dfen vom Fachmann f\u00fcr Laser | Laserzentrum Schorcht GmbH","description":"Laserstrahlschwei\u00dfen? Als Schwei\u00dfverfahren geh\u00f6rt das Laserstrahlschwei\u00dfen schon l\u00e4ngst zum Alltag vieler Unternehmen. Kontaktieren Sie uns","robots":{"index":"index","follow":"follow","max-snippet":"max-snippet:-1","max-image-preview":"max-image-preview:large","max-video-preview":"max-video-preview:-1"},"canonical":"https:\/\/form-klar.de\/agnilaser2025\/laserstrahlschweissen\/","og_locale":"de_DE","og_type":"article","og_title":"Laserstrahlschwei\u00dfen vom Fachmann f\u00fcr Laser | Laserzentrum Schorcht GmbH","og_description":"Laserstrahlschwei\u00dfen? Als Schwei\u00dfverfahren geh\u00f6rt das Laserstrahlschwei\u00dfen schon l\u00e4ngst zum Alltag vieler Unternehmen. Kontaktieren Sie uns","og_url":"https:\/\/form-klar.de\/agnilaser2025\/laserstrahlschweissen\/","og_site_name":"Laserzentrum Schorcht GmbH","twitter_misc":{"Gesch\u00e4tzte Lesezeit":"2\u00a0Minuten"},"schema":{"@context":"https:\/\/schema.org","@graph":[{"@type":"WebPage","@id":"https:\/\/form-klar.de\/agnilaser2025\/laserstrahlschweissen\/","url":"https:\/\/form-klar.de\/agnilaser2025\/laserstrahlschweissen\/","name":"Laserstrahlschwei\u00dfen vom Fachmann f\u00fcr Laser | Laserzentrum Schorcht GmbH","isPartOf":{"@id":"https:\/\/form-klar.de\/agnilaser2025\/#website"},"datePublished":"2017-06-21T14:17:22+00:00","description":"Laserstrahlschwei\u00dfen? Als Schwei\u00dfverfahren geh\u00f6rt das Laserstrahlschwei\u00dfen schon l\u00e4ngst zum Alltag vieler Unternehmen. Kontaktieren Sie uns","inLanguage":"de","potentialAction":[{"@type":"ReadAction","target":["https:\/\/form-klar.de\/agnilaser2025\/laserstrahlschweissen\/"]}]},{"@type":"WebSite","@id":"https:\/\/form-klar.de\/agnilaser2025\/#website","url":"https:\/\/form-klar.de\/agnilaser2025\/","name":"Laserzentrum Schorcht GmbH","description":"","potentialAction":[{"@type":"SearchAction","target":{"@type":"EntryPoint","urlTemplate":"https:\/\/form-klar.de\/agnilaser2025\/?s={search_term_string}"},"query-input":{"@type":"PropertyValueSpecification","valueRequired":true,"valueName":"search_term_string"}}],"inLanguage":"de"}]}},"_links":{"self":[{"href":"https:\/\/form-klar.de\/agnilaser2025\/wp-json\/wp\/v2\/pages\/4175","targetHints":{"allow":["GET"]}}],"collection":[{"href":"https:\/\/form-klar.de\/agnilaser2025\/wp-json\/wp\/v2\/pages"}],"about":[{"href":"https:\/\/form-klar.de\/agnilaser2025\/wp-json\/wp\/v2\/types\/page"}],"author":[{"embeddable":true,"href":"https:\/\/form-klar.de\/agnilaser2025\/wp-json\/wp\/v2\/users\/9"}],"replies":[{"embeddable":true,"href":"https:\/\/form-klar.de\/agnilaser2025\/wp-json\/wp\/v2\/comments?post=4175"}],"version-history":[{"count":0,"href":"https:\/\/form-klar.de\/agnilaser2025\/wp-json\/wp\/v2\/pages\/4175\/revisions"}],"wp:attachment":[{"href":"https:\/\/form-klar.de\/agnilaser2025\/wp-json\/wp\/v2\/media?parent=4175"}],"curies":[{"name":"wp","href":"https:\/\/api.w.org\/{rel}","templated":true}]}}