{"id":4174,"date":"2016-04-18T05:00:37","date_gmt":"2016-04-18T05:00:37","guid":{"rendered":"http:\/\/www.agnilaser.de\/?page_id=838"},"modified":"2016-04-18T05:00:37","modified_gmt":"2016-04-18T05:00:37","slug":"laserbeschriften","status":"publish","type":"page","link":"https:\/\/form-klar.de\/agnilaser2025\/laserbeschriften\/","title":{"rendered":"Laserbeschriftung in der Lohnfertigung"},"content":{"rendered":"<h2>Laserbeschriftung in der Lohnfertigung &nbsp;\u2013 gestalten Sie ganz individuell auf variablen Materialien<\/h2>\n<p>Wir sind Ihr zuverl\u00e4ssiger und kompetenter Partner f\u00fcr Lasergravur, Laserbeschriftung sowie f\u00fcr die Leistungen Abtragen und Aufsch\u00e4umen. In der&nbsp; Beschriftung von Materialien und Werkstoffen mittels Laser k\u00f6nnen wir individuell auf jeden Auftrag eingehen, denn wir verf\u00fcgen bei Laserzentrum Schorcht GmbH \u00fcber ein breites Sortiment an Lasertechnik.<\/p>\n<p>F\u00fcr jedes Werkst\u00fcck und f\u00fcr jeden Auftrag k\u00f6nnen wir die Art des Lasers und den Energieeinsatz beim Beschriften des Werkst\u00fcckes genau anpassen und dosieren.<\/p>\n<p>Sie m\u00f6chten eine Laserbeschriftung ganz individuell? Und doch mit hoher Schnelligkeit und mit automatisierten Verfahren? Wir bei Laserzentrum Schorcht GmbH bieten Ihnen eine kompetente und schnelle Abwicklung jedes Auftrages. Als ausgegr\u00fcndetes hochspezialisiertes Unternehmen nutzen wir die gesamte Lasertechnik des Laserzentrums Schorcht GmbH. So stehen f\u00fcr Ihren Beschriftungs-Auftrag maximal 14 Laseranlagen mit 20.000 Watt Gesamtleistung zur Verf\u00fcgung. So ist es uns m\u00f6glich f\u00fcr jeden Auftrag in der Laserbeschriftung schnell und flexibel zu reagieren. Verlassen Sie sich auf unsere Kompetenz und optimalen Service f\u00fcr Ihre Laserbeschriftung.<\/p>\n<h3>Nutzen Sie die Vorteile der modernen Lasertechnik in der Beschriftung Ihres Werkst\u00fccks<\/h3>\n<p>Wir m\u00f6chten Ihnen einige wichtige Informationen zum Verfahren der Laserbeschriftung \u00fcbermitteln. Im Gegensatz zu anderen Verfahren geschieht die Beschriftung von Werkst\u00fccken v\u00f6llig ber\u00fchrungslos. Das Auftragen der Beschriftung erfolgt deshalb auch ohne Kraft\u00fcbertragung \u2013 eventuelle Spannungen im Werkst\u00fcck werden vermieden. Die Oberfl\u00e4che wird mit gezieltem Energieeinsatz aufgeschmolzen und verdampft. So sind auch sehr feine Beschriftungs-Strukturen m\u00f6glich. Ein gutes Beispiel f\u00fcr diese feinen Strukturen sind zum Beispiel QR-Codes oder Hologramme. F\u00fcr Ihre Gestaltungsw\u00fcnsche m\u00f6chten wir Sie sehr gern gezielt beraten, auch in Hinblick zu Verfahren der 2D- und 3D-Laserbeschriftung.<\/p>\n<h3>Nutzen Sie die f\u00e4lschungssichere Technologie der Laserbeschriftung<\/h3>\n<p>Eine Beschriftung mit Laser kann auf allen Materialien sehr gute Ergebnisse erzielen und ist die perfekte Beschriftungsart im Werkzeugbau. Mit <a href=\"https:\/\/form-klar.de\/agnilaser2025\/\/\">Lasertechnik<\/a> wird jede Beschriftung absolut f\u00e4lschungssicher. Nur durch ein v\u00f6lliges Wegschleifen und damit Zerst\u00f6rung der Beschriftung kann die Beschriftung manipuliert werden. So sichert unsere Laserbeschriftung die Einzigartigkeit Ihrer Produkte.<\/p>\n<h3>F\u00fcr alle Materialien geeignet \u2013 Laserbeschriftung als Allesk\u00f6nner<\/h3>\n<p>Beschriftung durch Laser kann auf allen Materialien erfolgen. Selbst auf Glas ist eine <a href=\"https:\/\/form-klar.de\/agnilaser2025\/\/lohnfertigung\/laserbeschriften-markieren\/\">Laserbeschriftung<\/a> problemlos m\u00f6glich. Durch unsere gepulsten Laser bieten wir Ihnen bei Laserzentrum Schorcht GmbH eine gro\u00dfe Erfahrung durch viele erfolgreich durchgef\u00fchrte Auftr\u00e4ge in der Lohnfertigung. Gern beraten wir Sie \u00fcber die verschiedenen Arten der Beschriftungen mit dem Laser. M\u00f6chten Sie Farbabtr\u00e4ge von beschichteten Materialien durchf\u00fchren? M\u00f6chten Sie eine Beschriftung mit dem Laser auf organischen Materialien bei uns in Auftrag geben? Wir bei Laserzentrum Schorcht GmbH beschriften mit Lasertechnik auch Papier, Pappe, Holz, Fr\u00fcchten oder Leder. Nat\u00fcrlich bieten wir Ihnen auch Beschriftungen durch Aufsch\u00e4umen und Abtragen an.<\/p>\n<p><strong>Beschriftung und Gravur durch Lasertechnik ist unsere Kernkompetenz \u2013 wir freuen uns auf Ihre Anfrage. Mehr Informationen erhalten Sie unter <\/strong><strong>036691 8601-0.<\/strong><\/p>\n","protected":false},"excerpt":{"rendered":"<p>Laserbeschriftung in der Lohnfertigung &nbsp;\u2013 gestalten Sie ganz individuell auf variablen Materialien Wir sind Ihr zuverl\u00e4ssiger und kompetenter Partner f\u00fcr Lasergravur, Laserbeschriftung sowie f\u00fcr die [&hellip;]<\/p>\n","protected":false},"author":9,"featured_media":0,"parent":0,"menu_order":3,"comment_status":"closed","ping_status":"closed","template":"","meta":{"ngg_post_thumbnail":0,"footnotes":"","_links_to":"","_links_to_target":""},"class_list":["post-4174","page","type-page","status-publish","hentry"],"yoast_head":"<!-- This site is optimized with the Yoast SEO plugin v24.6 - https:\/\/yoast.com\/wordpress\/plugins\/seo\/ -->\n<title>Laserbeschriftung in der Lohnfertigung | Laserzentrum Schorcht GmbH<\/title>\n<meta name=\"description\" content=\"Laserbeshcriftung? DIe Beschriftung mit Laser kann auf allen Materialien sehr gute Ergebnisse erzielen und ist die perfekte Beschriftungsart im Werkzeugbau.\" \/>\n<meta name=\"robots\" content=\"index, follow, max-snippet:-1, max-image-preview:large, max-video-preview:-1\" \/>\n<link rel=\"canonical\" href=\"https:\/\/form-klar.de\/agnilaser2025\/laserbeschriften\/\" \/>\n<meta property=\"og:locale\" content=\"de_DE\" \/>\n<meta property=\"og:type\" content=\"article\" \/>\n<meta property=\"og:title\" content=\"Laserbeschriftung in der Lohnfertigung | Laserzentrum Schorcht GmbH\" \/>\n<meta property=\"og:description\" content=\"Laserbeshcriftung? DIe Beschriftung mit Laser kann auf allen Materialien sehr gute Ergebnisse erzielen und ist die perfekte Beschriftungsart im Werkzeugbau.\" \/>\n<meta property=\"og:url\" content=\"https:\/\/form-klar.de\/agnilaser2025\/laserbeschriften\/\" \/>\n<meta property=\"og:site_name\" content=\"Laserzentrum Schorcht GmbH\" \/>\n<meta name=\"twitter:label1\" content=\"Gesch\u00e4tzte Lesezeit\" \/>\n\t<meta name=\"twitter:data1\" content=\"2\u00a0Minuten\" \/>\n<script type=\"application\/ld+json\" class=\"yoast-schema-graph\">{\"@context\":\"https:\/\/schema.org\",\"@graph\":[{\"@type\":\"WebPage\",\"@id\":\"https:\/\/form-klar.de\/agnilaser2025\/laserbeschriften\/\",\"url\":\"https:\/\/form-klar.de\/agnilaser2025\/laserbeschriften\/\",\"name\":\"Laserbeschriftung in der Lohnfertigung | Laserzentrum Schorcht GmbH\",\"isPartOf\":{\"@id\":\"https:\/\/form-klar.de\/agnilaser2025\/#website\"},\"datePublished\":\"2016-04-18T05:00:37+00:00\",\"description\":\"Laserbeshcriftung? DIe Beschriftung mit Laser kann auf allen Materialien sehr gute Ergebnisse erzielen und ist die perfekte Beschriftungsart im Werkzeugbau.\",\"inLanguage\":\"de\",\"potentialAction\":[{\"@type\":\"ReadAction\",\"target\":[\"https:\/\/form-klar.de\/agnilaser2025\/laserbeschriften\/\"]}]},{\"@type\":\"WebSite\",\"@id\":\"https:\/\/form-klar.de\/agnilaser2025\/#website\",\"url\":\"https:\/\/form-klar.de\/agnilaser2025\/\",\"name\":\"Laserzentrum Schorcht GmbH\",\"description\":\"\",\"potentialAction\":[{\"@type\":\"SearchAction\",\"target\":{\"@type\":\"EntryPoint\",\"urlTemplate\":\"https:\/\/form-klar.de\/agnilaser2025\/?s={search_term_string}\"},\"query-input\":{\"@type\":\"PropertyValueSpecification\",\"valueRequired\":true,\"valueName\":\"search_term_string\"}}],\"inLanguage\":\"de\"}]}<\/script>\n<!-- \/ Yoast SEO plugin. -->","yoast_head_json":{"title":"Laserbeschriftung in der Lohnfertigung | Laserzentrum Schorcht GmbH","description":"Laserbeshcriftung? DIe Beschriftung mit Laser kann auf allen Materialien sehr gute Ergebnisse erzielen und ist die perfekte Beschriftungsart im Werkzeugbau.","robots":{"index":"index","follow":"follow","max-snippet":"max-snippet:-1","max-image-preview":"max-image-preview:large","max-video-preview":"max-video-preview:-1"},"canonical":"https:\/\/form-klar.de\/agnilaser2025\/laserbeschriften\/","og_locale":"de_DE","og_type":"article","og_title":"Laserbeschriftung in der Lohnfertigung | Laserzentrum Schorcht GmbH","og_description":"Laserbeshcriftung? DIe Beschriftung mit Laser kann auf allen Materialien sehr gute Ergebnisse erzielen und ist die perfekte Beschriftungsart im Werkzeugbau.","og_url":"https:\/\/form-klar.de\/agnilaser2025\/laserbeschriften\/","og_site_name":"Laserzentrum Schorcht GmbH","twitter_misc":{"Gesch\u00e4tzte Lesezeit":"2\u00a0Minuten"},"schema":{"@context":"https:\/\/schema.org","@graph":[{"@type":"WebPage","@id":"https:\/\/form-klar.de\/agnilaser2025\/laserbeschriften\/","url":"https:\/\/form-klar.de\/agnilaser2025\/laserbeschriften\/","name":"Laserbeschriftung in der Lohnfertigung | Laserzentrum Schorcht GmbH","isPartOf":{"@id":"https:\/\/form-klar.de\/agnilaser2025\/#website"},"datePublished":"2016-04-18T05:00:37+00:00","description":"Laserbeshcriftung? DIe Beschriftung mit Laser kann auf allen Materialien sehr gute Ergebnisse erzielen und ist die perfekte Beschriftungsart im Werkzeugbau.","inLanguage":"de","potentialAction":[{"@type":"ReadAction","target":["https:\/\/form-klar.de\/agnilaser2025\/laserbeschriften\/"]}]},{"@type":"WebSite","@id":"https:\/\/form-klar.de\/agnilaser2025\/#website","url":"https:\/\/form-klar.de\/agnilaser2025\/","name":"Laserzentrum Schorcht GmbH","description":"","potentialAction":[{"@type":"SearchAction","target":{"@type":"EntryPoint","urlTemplate":"https:\/\/form-klar.de\/agnilaser2025\/?s={search_term_string}"},"query-input":{"@type":"PropertyValueSpecification","valueRequired":true,"valueName":"search_term_string"}}],"inLanguage":"de"}]}},"_links":{"self":[{"href":"https:\/\/form-klar.de\/agnilaser2025\/wp-json\/wp\/v2\/pages\/4174","targetHints":{"allow":["GET"]}}],"collection":[{"href":"https:\/\/form-klar.de\/agnilaser2025\/wp-json\/wp\/v2\/pages"}],"about":[{"href":"https:\/\/form-klar.de\/agnilaser2025\/wp-json\/wp\/v2\/types\/page"}],"author":[{"embeddable":true,"href":"https:\/\/form-klar.de\/agnilaser2025\/wp-json\/wp\/v2\/users\/9"}],"replies":[{"embeddable":true,"href":"https:\/\/form-klar.de\/agnilaser2025\/wp-json\/wp\/v2\/comments?post=4174"}],"version-history":[{"count":0,"href":"https:\/\/form-klar.de\/agnilaser2025\/wp-json\/wp\/v2\/pages\/4174\/revisions"}],"wp:attachment":[{"href":"https:\/\/form-klar.de\/agnilaser2025\/wp-json\/wp\/v2\/media?parent=4174"}],"curies":[{"name":"wp","href":"https:\/\/api.w.org\/{rel}","templated":true}]}}