{"id":4165,"date":"2010-06-21T07:49:22","date_gmt":"2010-06-21T07:49:22","guid":{"rendered":"http:\/\/formklar.com\/agnilaser\/?page_id=76"},"modified":"2025-02-26T09:29:23","modified_gmt":"2025-02-26T09:29:23","slug":"laserbeschriften-markieren","status":"publish","type":"page","link":"https:\/\/form-klar.de\/agnilaser2025\/lohnfertigung\/laserbeschriften-markieren\/","title":{"rendered":"Laserbeschriften"},"content":{"rendered":"<div class=\"fusion-fullwidth fullwidth-box fusion-builder-row-1 fusion-flex-container nonhundred-percent-fullwidth non-hundred-percent-height-scrolling\" style=\"--awb-border-radius-top-left:0px;--awb-border-radius-top-right:0px;--awb-border-radius-bottom-right:0px;--awb-border-radius-bottom-left:0px;--awb-flex-wrap:wrap;\" ><div class=\"fusion-builder-row fusion-row fusion-flex-align-items-flex-start fusion-flex-content-wrap\" style=\"max-width:calc( 1600px + 60px );margin-left: calc(-60px \/ 2 );margin-right: calc(-60px \/ 2 );\"><div class=\"fusion-layout-column fusion_builder_column fusion-builder-column-0 fusion_builder_column_1_2 1_2 fusion-flex-column\" style=\"--awb-bg-size:cover;--awb-width-large:50%;--awb-margin-top-large:0px;--awb-spacing-right-large:30px;--awb-margin-bottom-large:0px;--awb-spacing-left-large:30px;--awb-width-medium:50%;--awb-spacing-right-medium:30px;--awb-spacing-left-medium:30px;--awb-width-small:100%;--awb-spacing-right-small:30px;--awb-spacing-left-small:30px;\"><div class=\"fusion-column-wrapper fusion-flex-justify-content-flex-start fusion-content-layout-column\"><div class=\"fusion-text fusion-text-1\"><h1>Laserbeschriften<\/h1>\n<h2>Wir k\u00f6nnen mit dem <b>Laser<\/b> gravieren, beschriften, abtragen und aufsch\u00e4umen<\/h2>\n<p>Das Laserbeschriften erm\u00f6glicht individuelle Gestaltungsm\u00f6glichkeiten auf vielen verschiedenen Materialien. Wir verf\u00fcgen \u00fcber ein gro\u00dfes Sortiment an Lasertechnik mit der Beschriftungen realisiert werden k\u00f6nnen. Dabei h\u00e4ngt die Wahl des Lasers und der Energieeinsatz vom Material ab. Laserbeschriftungen sind Wasser- und wischfest und sehr dauerhaft. Dadurch, dass sie direkt im Tr\u00e4ger aufgebracht sind, weisen Laserbeschriftungen eine hohe F\u00e4lschungssicherheit auf.<\/p>\n<\/div><\/div><\/div><div class=\"fusion-layout-column fusion_builder_column fusion-builder-column-1 fusion_builder_column_1_2 1_2 fusion-flex-column\" style=\"--awb-bg-size:cover;--awb-width-large:50%;--awb-margin-top-large:0px;--awb-spacing-right-large:30px;--awb-margin-bottom-large:0px;--awb-spacing-left-large:30px;--awb-width-medium:50%;--awb-spacing-right-medium:30px;--awb-spacing-left-medium:30px;--awb-width-small:100%;--awb-spacing-right-small:30px;--awb-spacing-left-small:30px;\"><div class=\"fusion-column-wrapper fusion-flex-justify-content-flex-start fusion-content-layout-column\"><div class=\"fusion-text fusion-text-2\"><h2>Laserbeschriftung &#8211; schnell, automatisiert, individuell<\/h2>\n<p>Laserbeschriftungen k\u00f6nnen schnell, automatisiert und individuell erzeugt werden. Durch das ber\u00fchrungslose und somit kr\u00e4ftefreie Auftragen der Laserbeschriftung k\u00f6nnen Materialspannungen vermieden werden. Ob Schrift, Bilder, Logos, oder das Anbringen von sehr kleinen maschinenlesbaren Kennzeichnungen, wie zum Beispiel dem QR-Code oder dem Datamatrix, direkt auf Produkte ist damit m\u00f6glich. Wir setzen Systeme mit den Strahlquellen: Co2, Nd:YAG und Faserlaser ein.<\/p><\/p>\n<\/div><\/div><\/div><div class=\"fusion-layout-column fusion_builder_column fusion-builder-column-2 fusion_builder_column_1_1 1_1 fusion-flex-column\" style=\"--awb-bg-size:cover;--awb-width-large:100%;--awb-margin-top-large:50px;--awb-spacing-right-large:30px;--awb-margin-bottom-large:30px;--awb-spacing-left-large:30px;--awb-width-medium:100%;--awb-order-medium:0;--awb-spacing-right-medium:30px;--awb-spacing-left-medium:30px;--awb-width-small:100%;--awb-order-small:0;--awb-spacing-right-small:30px;--awb-spacing-left-small:30px;\"><div class=\"fusion-column-wrapper fusion-column-has-shadow fusion-flex-justify-content-flex-start fusion-content-layout-column\"><div class=\"fusion-separator fusion-has-icon fusion-full-width-sep sc-icon\" style=\"align-self: center;margin-left: auto;margin-right: auto;margin-top:0px;margin-bottom:0px;width:100%;max-width:100%;\"><div class=\"fusion-separator-border sep-single sep-solid\" style=\"--awb-height:20px;--awb-amount:20px;--awb-sep-color:hsla(var(--awb-color6-h),var(--awb-color6-s),var(--awb-color6-l),calc(var(--awb-color6-a) - 75%));border-color:hsla(var(--awb-color6-h),var(--awb-color6-s),var(--awb-color6-l),calc(var(--awb-color6-a) - 75%));border-top-width:1px;\"><\/div><span class=\"icon-wrapper\" style=\"border-color:transparent;font-size:64px;width: 1.75em; height: 1.75em;border-width:1px;padding:1px;margin-top:-0.5px\"><i class=\"icon-lasercutting-laser\" style=\"font-size: inherit;color:hsla(var(--awb-color8-h),var(--awb-color8-s),var(--awb-color8-l),calc(var(--awb-color8-a) - 85%));\" aria-hidden=\"true\"><\/i><\/span><div class=\"fusion-separator-border sep-single sep-solid\" style=\"--awb-height:20px;--awb-amount:20px;--awb-sep-color:hsla(var(--awb-color6-h),var(--awb-color6-s),var(--awb-color6-l),calc(var(--awb-color6-a) - 75%));border-color:hsla(var(--awb-color6-h),var(--awb-color6-s),var(--awb-color6-l),calc(var(--awb-color6-a) - 75%));border-top-width:1px;\"><\/div><\/div><div class=\"fusion-text fusion-text-3\"><h3>Bisherige Laserbeschriftungen und -Gravuren<\/h3>\n<p style=\"clear: both;\">Auch das <a href=\"https:\/\/form-klar.de\/agnilaser2025\/\/lohnfertigung\/laser-schweissen-laserschweissen\/\" class=\"broken_link\">Laserschwei\u00dfen<\/a> stellt f\u00fcr unsere modernen Laseranlagen kein Problem dar. Bei Fragen zum Laserbeschriften <a href=\"https:\/\/form-klar.de\/agnilaser2025\/kontakt\/\">Kontaktieren Sie uns<\/a> und informieren Sie sich noch heute!<\/p>\n<p><img decoding=\"async\" class=\"lazyload alignleft\" style=\"float: left;\" title=\"Durch den gezielten Energieeintrag k\u00f6nnen bei der Laserbeschriftung verschiedene Farben erzeugt werden\" src=\"data:image\/svg+xml,%3Csvg%20xmlns%3D%27http%3A%2F%2Fwww.w3.org%2F2000%2Fsvg%27%20width%3D%27204%27%20height%3D%27300%27%20viewBox%3D%270%200%20204%20300%27%3E%3Crect%20width%3D%27204%27%20height%3D%27300%27%20fill-opacity%3D%220%22%2F%3E%3C%2Fsvg%3E\" data-orig-src=\"https:\/\/form-klar.de\/agnilaser2025\/wp-content\/uploads\/Edelstahl-farbig-204x300.jpg\" alt=\"Durch den gezielten Energieeintrag k\u00f6nnen bei der Laserbeschriftung verschiedene Farben erzeugt werden\" width=\"204\" height=\"300\"><\/p>\n<p><img decoding=\"async\" class=\"lazyload size-medium wp-image-4334 alignleft\" src=\"https:\/\/form-klar.de\/agnilaser2025\/wp-content\/uploads\/Zigarrenschneider-768x512.jpg-300x200.webp\" data-orig-src=\"https:\/\/form-klar.de\/agnilaser2025\/wp-content\/uploads\/Zigarrenschneider-768x512.jpg-300x200.webp\" alt=\"\" width=\"300\" height=\"200\" srcset=\"data:image\/svg+xml,%3Csvg%20xmlns%3D%27http%3A%2F%2Fwww.w3.org%2F2000%2Fsvg%27%20width%3D%27300%27%20height%3D%27200%27%20viewBox%3D%270%200%20300%20200%27%3E%3Crect%20width%3D%27300%27%20height%3D%27200%27%20fill-opacity%3D%220%22%2F%3E%3C%2Fsvg%3E\" data-srcset=\"https:\/\/form-klar.de\/agnilaser2025\/wp-content\/uploads\/Zigarrenschneider-768x512.jpg-200x133.webp 200w, https:\/\/form-klar.de\/agnilaser2025\/wp-content\/uploads\/Zigarrenschneider-768x512.jpg-300x200.webp 300w, https:\/\/form-klar.de\/agnilaser2025\/wp-content\/uploads\/Zigarrenschneider-768x512.jpg-400x267.webp 400w, https:\/\/form-klar.de\/agnilaser2025\/wp-content\/uploads\/Zigarrenschneider-768x512.jpg-600x400.webp 600w, https:\/\/form-klar.de\/agnilaser2025\/wp-content\/uploads\/Zigarrenschneider-768x512.jpg.webp 768w\" data-sizes=\"auto\" data-orig-sizes=\"(max-width: 300px) 100vw, 300px\" \/><\/p>\n<\/div><\/div><\/div><div class=\"fusion-layout-column fusion_builder_column fusion-builder-column-3 fusion_builder_column_1_1 1_1 fusion-flex-column\" style=\"--awb-bg-size:cover;--awb-width-large:100%;--awb-margin-top-large:0px;--awb-spacing-right-large:30px;--awb-margin-bottom-large:30px;--awb-spacing-left-large:30px;--awb-width-medium:100%;--awb-order-medium:0;--awb-spacing-right-medium:30px;--awb-spacing-left-medium:30px;--awb-width-small:100%;--awb-order-small:0;--awb-spacing-right-small:30px;--awb-spacing-left-small:30px;\"><div class=\"fusion-column-wrapper fusion-column-has-shadow fusion-flex-justify-content-flex-start fusion-content-layout-column\"><div class=\"fusion-text fusion-text-4\"><\/div><\/div><\/div><\/div><\/div>\n","protected":false},"excerpt":{"rendered":"","protected":false},"author":7,"featured_media":1165,"parent":4164,"menu_order":1,"comment_status":"closed","ping_status":"closed","template":"","meta":{"ngg_post_thumbnail":0,"footnotes":"","_links_to":"","_links_to_target":""},"class_list":["post-4165","page","type-page","status-publish","has-post-thumbnail","hentry"],"yoast_head":"<!-- This site is optimized with the Yoast SEO plugin v24.6 - https:\/\/yoast.com\/wordpress\/plugins\/seo\/ -->\n<title>Laserbeschriften mit indiv.Gestaltungsm\u00f6glichkeiten | Laserzentrum Schorcht GmbH<\/title>\n<meta name=\"description\" content=\"Laserbeschriften? Das Laserbeschriften erm\u00f6glicht individuelle Gestaltungsm\u00f6glichkeiten auf vielen verschiedenen Materialien.\" \/>\n<meta name=\"robots\" content=\"index, follow, max-snippet:-1, max-image-preview:large, max-video-preview:-1\" \/>\n<link rel=\"canonical\" href=\"https:\/\/form-klar.de\/agnilaser2025\/lohnfertigung\/laserbeschriften-markieren\/\" \/>\n<meta property=\"og:locale\" content=\"de_DE\" \/>\n<meta property=\"og:type\" content=\"article\" \/>\n<meta property=\"og:title\" content=\"Laserbeschriften mit indiv.Gestaltungsm\u00f6glichkeiten | Laserzentrum Schorcht GmbH\" \/>\n<meta property=\"og:description\" content=\"Laserbeschriften? Das Laserbeschriften erm\u00f6glicht individuelle Gestaltungsm\u00f6glichkeiten auf vielen verschiedenen Materialien.\" \/>\n<meta property=\"og:url\" content=\"https:\/\/form-klar.de\/agnilaser2025\/lohnfertigung\/laserbeschriften-markieren\/\" \/>\n<meta property=\"og:site_name\" content=\"Laserzentrum Schorcht GmbH\" \/>\n<meta property=\"article:modified_time\" content=\"2025-02-26T09:29:23+00:00\" \/>\n<meta property=\"og:image\" content=\"https:\/\/form-klar.de\/agnilaser2025\/wp-content\/uploads\/Gravieren-Eloxat.jpg\" \/>\n\t<meta property=\"og:image:width\" content=\"1920\" \/>\n\t<meta property=\"og:image:height\" content=\"1280\" \/>\n\t<meta property=\"og:image:type\" content=\"image\/jpeg\" \/>\n<meta name=\"twitter:label1\" content=\"Gesch\u00e4tzte Lesezeit\" \/>\n\t<meta name=\"twitter:data1\" content=\"5\u00a0Minuten\" \/>\n<script type=\"application\/ld+json\" class=\"yoast-schema-graph\">{\"@context\":\"https:\/\/schema.org\",\"@graph\":[{\"@type\":\"WebPage\",\"@id\":\"https:\/\/form-klar.de\/agnilaser2025\/lohnfertigung\/laserbeschriften-markieren\/\",\"url\":\"https:\/\/form-klar.de\/agnilaser2025\/lohnfertigung\/laserbeschriften-markieren\/\",\"name\":\"Laserbeschriften mit indiv.Gestaltungsm\u00f6glichkeiten | Laserzentrum Schorcht GmbH\",\"isPartOf\":{\"@id\":\"https:\/\/form-klar.de\/agnilaser2025\/#website\"},\"primaryImageOfPage\":{\"@id\":\"https:\/\/form-klar.de\/agnilaser2025\/lohnfertigung\/laserbeschriften-markieren\/#primaryimage\"},\"image\":{\"@id\":\"https:\/\/form-klar.de\/agnilaser2025\/lohnfertigung\/laserbeschriften-markieren\/#primaryimage\"},\"thumbnailUrl\":\"https:\/\/form-klar.de\/agnilaser2025\/wp-content\/uploads\/Gravieren-Eloxat.jpg\",\"datePublished\":\"2010-06-21T07:49:22+00:00\",\"dateModified\":\"2025-02-26T09:29:23+00:00\",\"description\":\"Laserbeschriften? Das Laserbeschriften erm\u00f6glicht individuelle Gestaltungsm\u00f6glichkeiten auf vielen verschiedenen Materialien.\",\"breadcrumb\":{\"@id\":\"https:\/\/form-klar.de\/agnilaser2025\/lohnfertigung\/laserbeschriften-markieren\/#breadcrumb\"},\"inLanguage\":\"de\",\"potentialAction\":[{\"@type\":\"ReadAction\",\"target\":[\"https:\/\/form-klar.de\/agnilaser2025\/lohnfertigung\/laserbeschriften-markieren\/\"]}]},{\"@type\":\"ImageObject\",\"inLanguage\":\"de\",\"@id\":\"https:\/\/form-klar.de\/agnilaser2025\/lohnfertigung\/laserbeschriften-markieren\/#primaryimage\",\"url\":\"https:\/\/form-klar.de\/agnilaser2025\/wp-content\/uploads\/Gravieren-Eloxat.jpg\",\"contentUrl\":\"https:\/\/form-klar.de\/agnilaser2025\/wp-content\/uploads\/Gravieren-Eloxat.jpg\",\"width\":1920,\"height\":1280},{\"@type\":\"BreadcrumbList\",\"@id\":\"https:\/\/form-klar.de\/agnilaser2025\/lohnfertigung\/laserbeschriften-markieren\/#breadcrumb\",\"itemListElement\":[{\"@type\":\"ListItem\",\"position\":1,\"name\":\"Laser Lohnfertigung\",\"item\":\"https:\/\/form-klar.de\/agnilaser2025\/lohnfertigung\/\"},{\"@type\":\"ListItem\",\"position\":2,\"name\":\"Laserbeschriften\"}]},{\"@type\":\"WebSite\",\"@id\":\"https:\/\/form-klar.de\/agnilaser2025\/#website\",\"url\":\"https:\/\/form-klar.de\/agnilaser2025\/\",\"name\":\"Laserzentrum Schorcht GmbH\",\"description\":\"\",\"potentialAction\":[{\"@type\":\"SearchAction\",\"target\":{\"@type\":\"EntryPoint\",\"urlTemplate\":\"https:\/\/form-klar.de\/agnilaser2025\/?s={search_term_string}\"},\"query-input\":{\"@type\":\"PropertyValueSpecification\",\"valueRequired\":true,\"valueName\":\"search_term_string\"}}],\"inLanguage\":\"de\"}]}<\/script>\n<!-- \/ Yoast SEO plugin. -->","yoast_head_json":{"title":"Laserbeschriften mit indiv.Gestaltungsm\u00f6glichkeiten | Laserzentrum Schorcht GmbH","description":"Laserbeschriften? Das Laserbeschriften erm\u00f6glicht individuelle Gestaltungsm\u00f6glichkeiten auf vielen verschiedenen Materialien.","robots":{"index":"index","follow":"follow","max-snippet":"max-snippet:-1","max-image-preview":"max-image-preview:large","max-video-preview":"max-video-preview:-1"},"canonical":"https:\/\/form-klar.de\/agnilaser2025\/lohnfertigung\/laserbeschriften-markieren\/","og_locale":"de_DE","og_type":"article","og_title":"Laserbeschriften mit indiv.Gestaltungsm\u00f6glichkeiten | Laserzentrum Schorcht GmbH","og_description":"Laserbeschriften? Das Laserbeschriften erm\u00f6glicht individuelle Gestaltungsm\u00f6glichkeiten auf vielen verschiedenen Materialien.","og_url":"https:\/\/form-klar.de\/agnilaser2025\/lohnfertigung\/laserbeschriften-markieren\/","og_site_name":"Laserzentrum Schorcht GmbH","article_modified_time":"2025-02-26T09:29:23+00:00","og_image":[{"width":1920,"height":1280,"url":"https:\/\/form-klar.de\/agnilaser2025\/wp-content\/uploads\/Gravieren-Eloxat.jpg","type":"image\/jpeg"}],"twitter_misc":{"Gesch\u00e4tzte Lesezeit":"5\u00a0Minuten"},"schema":{"@context":"https:\/\/schema.org","@graph":[{"@type":"WebPage","@id":"https:\/\/form-klar.de\/agnilaser2025\/lohnfertigung\/laserbeschriften-markieren\/","url":"https:\/\/form-klar.de\/agnilaser2025\/lohnfertigung\/laserbeschriften-markieren\/","name":"Laserbeschriften mit indiv.Gestaltungsm\u00f6glichkeiten | Laserzentrum Schorcht GmbH","isPartOf":{"@id":"https:\/\/form-klar.de\/agnilaser2025\/#website"},"primaryImageOfPage":{"@id":"https:\/\/form-klar.de\/agnilaser2025\/lohnfertigung\/laserbeschriften-markieren\/#primaryimage"},"image":{"@id":"https:\/\/form-klar.de\/agnilaser2025\/lohnfertigung\/laserbeschriften-markieren\/#primaryimage"},"thumbnailUrl":"https:\/\/form-klar.de\/agnilaser2025\/wp-content\/uploads\/Gravieren-Eloxat.jpg","datePublished":"2010-06-21T07:49:22+00:00","dateModified":"2025-02-26T09:29:23+00:00","description":"Laserbeschriften? Das Laserbeschriften erm\u00f6glicht individuelle Gestaltungsm\u00f6glichkeiten auf vielen verschiedenen Materialien.","breadcrumb":{"@id":"https:\/\/form-klar.de\/agnilaser2025\/lohnfertigung\/laserbeschriften-markieren\/#breadcrumb"},"inLanguage":"de","potentialAction":[{"@type":"ReadAction","target":["https:\/\/form-klar.de\/agnilaser2025\/lohnfertigung\/laserbeschriften-markieren\/"]}]},{"@type":"ImageObject","inLanguage":"de","@id":"https:\/\/form-klar.de\/agnilaser2025\/lohnfertigung\/laserbeschriften-markieren\/#primaryimage","url":"https:\/\/form-klar.de\/agnilaser2025\/wp-content\/uploads\/Gravieren-Eloxat.jpg","contentUrl":"https:\/\/form-klar.de\/agnilaser2025\/wp-content\/uploads\/Gravieren-Eloxat.jpg","width":1920,"height":1280},{"@type":"BreadcrumbList","@id":"https:\/\/form-klar.de\/agnilaser2025\/lohnfertigung\/laserbeschriften-markieren\/#breadcrumb","itemListElement":[{"@type":"ListItem","position":1,"name":"Laser Lohnfertigung","item":"https:\/\/form-klar.de\/agnilaser2025\/lohnfertigung\/"},{"@type":"ListItem","position":2,"name":"Laserbeschriften"}]},{"@type":"WebSite","@id":"https:\/\/form-klar.de\/agnilaser2025\/#website","url":"https:\/\/form-klar.de\/agnilaser2025\/","name":"Laserzentrum Schorcht GmbH","description":"","potentialAction":[{"@type":"SearchAction","target":{"@type":"EntryPoint","urlTemplate":"https:\/\/form-klar.de\/agnilaser2025\/?s={search_term_string}"},"query-input":{"@type":"PropertyValueSpecification","valueRequired":true,"valueName":"search_term_string"}}],"inLanguage":"de"}]}},"_links":{"self":[{"href":"https:\/\/form-klar.de\/agnilaser2025\/wp-json\/wp\/v2\/pages\/4165","targetHints":{"allow":["GET"]}}],"collection":[{"href":"https:\/\/form-klar.de\/agnilaser2025\/wp-json\/wp\/v2\/pages"}],"about":[{"href":"https:\/\/form-klar.de\/agnilaser2025\/wp-json\/wp\/v2\/types\/page"}],"author":[{"embeddable":true,"href":"https:\/\/form-klar.de\/agnilaser2025\/wp-json\/wp\/v2\/users\/7"}],"replies":[{"embeddable":true,"href":"https:\/\/form-klar.de\/agnilaser2025\/wp-json\/wp\/v2\/comments?post=4165"}],"version-history":[{"count":5,"href":"https:\/\/form-klar.de\/agnilaser2025\/wp-json\/wp\/v2\/pages\/4165\/revisions"}],"predecessor-version":[{"id":4432,"href":"https:\/\/form-klar.de\/agnilaser2025\/wp-json\/wp\/v2\/pages\/4165\/revisions\/4432"}],"up":[{"embeddable":true,"href":"https:\/\/form-klar.de\/agnilaser2025\/wp-json\/wp\/v2\/pages\/4164"}],"wp:featuredmedia":[{"embeddable":true,"href":"https:\/\/form-klar.de\/agnilaser2025\/wp-json\/wp\/v2\/media\/1165"}],"wp:attachment":[{"href":"https:\/\/form-klar.de\/agnilaser2025\/wp-json\/wp\/v2\/media?parent=4165"}],"curies":[{"name":"wp","href":"https:\/\/api.w.org\/{rel}","templated":true}]}}