{"id":4164,"date":"2010-06-21T07:46:49","date_gmt":"2010-06-21T07:46:49","guid":{"rendered":"http:\/\/formklar.com\/agnilaser\/?page_id=72"},"modified":"2025-03-10T08:01:54","modified_gmt":"2025-03-10T08:01:54","slug":"lohnfertigung","status":"publish","type":"page","link":"https:\/\/form-klar.de\/agnilaser2025\/lohnfertigung\/","title":{"rendered":"Laser Lohnfertigung"},"content":{"rendered":"<p><div class=\"fusion-fullwidth fullwidth-box fusion-builder-row-1 fusion-flex-container has-pattern-background has-mask-background nonhundred-percent-fullwidth non-hundred-percent-height-scrolling\" style=\"--awb-border-radius-top-left:0px;--awb-border-radius-top-right:0px;--awb-border-radius-bottom-right:0px;--awb-border-radius-bottom-left:0px;--awb-flex-wrap:wrap;\" ><div class=\"fusion-builder-row fusion-row fusion-flex-align-items-flex-start fusion-flex-content-wrap\" style=\"max-width:calc( 1600px + 60px );margin-left: calc(-60px \/ 2 );margin-right: calc(-60px \/ 2 );\"><div class=\"fusion-layout-column fusion_builder_column fusion-builder-column-0 fusion_builder_column_1_1 1_1 fusion-flex-column\" style=\"--awb-bg-size:cover;--awb-width-large:100%;--awb-margin-top-large:0px;--awb-spacing-right-large:30px;--awb-margin-bottom-large:0px;--awb-spacing-left-large:30px;--awb-width-medium:100%;--awb-spacing-right-medium:30px;--awb-spacing-left-medium:30px;--awb-width-small:100%;--awb-spacing-right-small:30px;--awb-spacing-left-small:30px;\"><div class=\"fusion-column-wrapper fusion-flex-justify-content-flex-start fusion-content-layout-column\"><div class=\"fusion-text fusion-text-1\"><h1>Laser Lohnfertigung<\/h1>\n<p>Wir k\u00f6nnen folgende Leistungen in der Laser-Lohnfertigung erbringen:<\/p>\n<\/div><div class=\"fusion-separator fusion-has-icon fusion-full-width-sep sc-icon\" style=\"align-self: center;margin-left: auto;margin-right: auto;margin-top:0px;margin-bottom:0px;width:100%;max-width:100%;\"><div class=\"fusion-separator-border sep-single sep-solid\" style=\"--awb-height:20px;--awb-amount:20px;--awb-sep-color:hsla(var(--awb-color6-h),var(--awb-color6-s),var(--awb-color6-l),calc(var(--awb-color6-a) - 75%));border-color:hsla(var(--awb-color6-h),var(--awb-color6-s),var(--awb-color6-l),calc(var(--awb-color6-a) - 75%));border-top-width:1px;\"><\/div><span class=\"icon-wrapper\" style=\"border-color:transparent;font-size:64px;width: 1.75em; height: 1.75em;border-width:1px;padding:1px;margin-top:-0.5px\"><i class=\"icon-lasercutting-laser\" style=\"font-size: inherit;color:hsla(var(--awb-color8-h),var(--awb-color8-s),var(--awb-color8-l),calc(var(--awb-color8-a) - 85%));\" aria-hidden=\"true\"><\/i><\/span><div class=\"fusion-separator-border sep-single sep-solid\" style=\"--awb-height:20px;--awb-amount:20px;--awb-sep-color:hsla(var(--awb-color6-h),var(--awb-color6-s),var(--awb-color6-l),calc(var(--awb-color6-a) - 75%));border-color:hsla(var(--awb-color6-h),var(--awb-color6-s),var(--awb-color6-l),calc(var(--awb-color6-a) - 75%));border-top-width:1px;\"><\/div><\/div><\/div><\/div><\/div><\/div><div class=\"fusion-fullwidth fullwidth-box fusion-builder-row-2 fusion-flex-container nonhundred-percent-fullwidth non-hundred-percent-height-scrolling\" style=\"--awb-border-radius-top-left:0px;--awb-border-radius-top-right:0px;--awb-border-radius-bottom-right:0px;--awb-border-radius-bottom-left:0px;--awb-flex-wrap:wrap;\" ><div class=\"fusion-builder-row fusion-row fusion-flex-align-items-flex-start fusion-flex-content-wrap\" style=\"max-width:calc( 1600px + 60px );margin-left: calc(-60px \/ 2 );margin-right: calc(-60px \/ 2 );\"><div class=\"fusion-layout-column fusion_builder_column fusion-builder-column-1 fusion_builder_column_1_1 1_1 fusion-flex-column\" style=\"--awb-bg-size:cover;--awb-width-large:100%;--awb-margin-top-large:0px;--awb-spacing-right-large:30px;--awb-margin-bottom-large:0px;--awb-spacing-left-large:30px;--awb-width-medium:100%;--awb-spacing-right-medium:30px;--awb-spacing-left-medium:30px;--awb-width-small:100%;--awb-spacing-right-small:30px;--awb-spacing-left-small:30px;\"><div class=\"fusion-column-wrapper fusion-flex-justify-content-flex-start fusion-content-layout-column\"><div class=\"fusion-text fusion-text-2 awb-text-cols fusion-text-columns-2\" style=\"--awb-columns:2;--awb-column-spacing:30px;--awb-column-min-width:100px;\"><h3><a title=\"Ihr Profi f\u00fcrs Laserbeschriften\" href=\"https:\/\/form-klar.de\/agnilaser2025\/\/lohnfertigung\/laserbeschriften-markieren\/\">Laserbeschriften<\/a><\/h3>\n<p><a href=\"https:\/\/form-klar.de\/agnilaser2025\/\/lohnfertigung\/laserbeschriften-markieren\/\"><img class=\"lazyload\" decoding=\"async\" title=\"Laserbeschriften\" src=\"data:image\/svg+xml,%3Csvg%20xmlns%3D%27http%3A%2F%2Fwww.w3.org%2F2000%2Fsvg%27%20width%3D%27150%27%20height%3D%27150%27%20viewBox%3D%270%200%20150%20150%27%3E%3Crect%20width%3D%27150%27%20height%3D%27150%27%20fill-opacity%3D%220%22%2F%3E%3C%2Fsvg%3E\" data-orig-src=\"https:\/\/form-klar.de\/agnilaser2025\/wp-content\/uploads\/beschriften_web-150x150.jpg\" alt=\"\" width=\"150\" height=\"150\"><\/a><\/p>\n<h3><a title=\"Ihr Profi f\u00fcrs Laserschwei\u00dfen\" href=\"https:\/\/form-klar.de\/agnilaser2025\/\/lohnfertigung\/laser-schweissen-laserschweissen\/\" class=\"broken_link\">Laserschwei\u00dfen<\/a><\/h3>\n<p><img class=\"lazyload\" decoding=\"async\" title=\"Laserschwei\u00dfen\" src=\"data:image\/svg+xml,%3Csvg%20xmlns%3D%27http%3A%2F%2Fwww.w3.org%2F2000%2Fsvg%27%20width%3D%27150%27%20height%3D%27150%27%20viewBox%3D%270%200%20150%20150%27%3E%3Crect%20width%3D%27150%27%20height%3D%27150%27%20fill-opacity%3D%220%22%2F%3E%3C%2Fsvg%3E\" data-orig-src=\"https:\/\/form-klar.de\/agnilaser2025\/wp-content\/uploads\/Laserschweissen-Gera-150x150.jpeg\" alt=\"Laserschwei\u00dfen Gera\" width=\"150\" height=\"150\"><\/p>\n<h3><a title=\"Ihr Profi f\u00fcrs Laserbohren\" href=\"https:\/\/form-klar.de\/agnilaser2025\/\/lohnfertigung\/laserbohren-thueringe\/\">Laserbohren<\/a><\/h3>\n<p><a href=\"https:\/\/form-klar.de\/agnilaser2025\/\/lohnfertigung\/laserbohren\/\"><img class=\"lazyload\" decoding=\"async\" title=\"Laserbohren\" src=\"data:image\/svg+xml,%3Csvg%20xmlns%3D%27http%3A%2F%2Fwww.w3.org%2F2000%2Fsvg%27%20width%3D%27150%27%20height%3D%27150%27%20viewBox%3D%270%200%20150%20150%27%3E%3Crect%20width%3D%27150%27%20height%3D%27150%27%20fill-opacity%3D%220%22%2F%3E%3C%2Fsvg%3E\" data-orig-src=\"https:\/\/form-klar.de\/agnilaser2025\/wp-content\/uploads\/bohren_web-150x150.jpg\" alt=\"\" width=\"150\" height=\"150\"><\/a><\/p>\n<h3><a title=\"Ihr Profi f\u00fcrs Reparaturschwei\u00dfen\" href=\"https:\/\/form-klar.de\/agnilaser2025\/\/lohnfertigung\/reparaturschweissen-thueringen\/\">Reparaturschwei\u00dfen<\/a><\/h3>\n<p><img class=\"lazyload\" decoding=\"async\" title=\"Reparaturschwei\u00dfen\" src=\"data:image\/svg+xml,%3Csvg%20xmlns%3D%27http%3A%2F%2Fwww.w3.org%2F2000%2Fsvg%27%20width%3D%27150%27%20height%3D%27150%27%20viewBox%3D%270%200%20150%20150%27%3E%3Crect%20width%3D%27150%27%20height%3D%27150%27%20fill-opacity%3D%220%22%2F%3E%3C%2Fsvg%3E\" data-orig-src=\"https:\/\/form-klar.de\/agnilaser2025\/wp-content\/uploads\/Schweissen-zusatzwerkstoff-1-150x150.jpg\" alt=\"Reparaturschwei\u00dfen\" width=\"150\" height=\"150\"><\/p>\n<h3><a title=\"Ihr Profi f\u00fcrs Laserschneiden\" href=\"https:\/\/form-klar.de\/agnilaser2025\/\/lohnfertigung\/laserschneiden-thueringen\/\">Laserschneiden<\/a><\/h3>\n<p><a href=\"https:\/\/form-klar.de\/agnilaser2025\/\/lohnfertigung\/laserschneiden-thueringen\/\"><img class=\"lazyload\" decoding=\"async\" title=\"Laserschneiden\" src=\"data:image\/svg+xml,%3Csvg%20xmlns%3D%27http%3A%2F%2Fwww.w3.org%2F2000%2Fsvg%27%20width%3D%27150%27%20height%3D%27150%27%20viewBox%3D%270%200%20150%20150%27%3E%3Crect%20width%3D%27150%27%20height%3D%27150%27%20fill-opacity%3D%220%22%2F%3E%3C%2Fsvg%3E\" data-orig-src=\"https:\/\/form-klar.de\/agnilaser2025\/wp-content\/uploads\/schneiden_web-150x150.jpg\" alt=\"\" width=\"150\" height=\"150\"><\/a><\/p>\n<p style=\"clear: both;\">F\u00fcr die <a title=\"Lohnfertigung in verschiedenen Bereichen\" href=\"https:\/\/form-klar.de\/agnilaser2025\/\/lohnfertigung\/\">Lohnbearbeitung<\/a> stehen 14 Laseranlagen bis 4000 Watt zur Verf\u00fcgung. Die Anlagen sind mit Co<sub>2<\/sub>-Laser, Nd:YAG-Laser, oder Faserlaser ausger\u00fcstet.<\/p>\n<\/div><\/div><\/div><\/div><\/div><\/p>\n","protected":false},"excerpt":{"rendered":"","protected":false},"author":7,"featured_media":0,"parent":0,"menu_order":8,"comment_status":"closed","ping_status":"closed","template":"","meta":{"ngg_post_thumbnail":0,"footnotes":"","_links_to":"","_links_to_target":""},"class_list":["post-4164","page","type-page","status-publish","hentry"],"yoast_head":"<!-- This site is optimized with the Yoast SEO plugin v24.6 - https:\/\/yoast.com\/wordpress\/plugins\/seo\/ -->\n<title>Laser und Laserschneiden in der Lohnfertigung | Laserzentrum Schorcht GmbH<\/title>\n<meta name=\"description\" content=\"F\u00fcr die Lohnbearbeitung stehen 14 Laseranlagen bis 4000 Watt zur Verf\u00fcgung. Die Anlagen sind mit Co2-Laser, Nd:YAG-Laser, oder Faserlaser ausger\u00fcstet.\" \/>\n<meta name=\"robots\" content=\"index, follow, max-snippet:-1, max-image-preview:large, max-video-preview:-1\" \/>\n<link rel=\"canonical\" href=\"https:\/\/form-klar.de\/agnilaser2025\/lohnfertigung\/\" \/>\n<meta property=\"og:locale\" content=\"de_DE\" \/>\n<meta property=\"og:type\" content=\"article\" \/>\n<meta property=\"og:title\" content=\"Laser und Laserschneiden in der Lohnfertigung | Laserzentrum Schorcht GmbH\" \/>\n<meta property=\"og:description\" content=\"F\u00fcr die Lohnbearbeitung stehen 14 Laseranlagen bis 4000 Watt zur Verf\u00fcgung. Die Anlagen sind mit Co2-Laser, Nd:YAG-Laser, oder Faserlaser ausger\u00fcstet.\" \/>\n<meta property=\"og:url\" content=\"https:\/\/form-klar.de\/agnilaser2025\/lohnfertigung\/\" \/>\n<meta property=\"og:site_name\" content=\"Laserzentrum Schorcht GmbH\" \/>\n<meta property=\"article:modified_time\" content=\"2025-03-10T08:01:54+00:00\" \/>\n<meta property=\"og:image\" content=\"https:\/\/form-klar.de\/agnilaser2025\/wp-content\/uploads\/beschriften_web-150x150.jpg\" \/>\n<meta name=\"twitter:label1\" content=\"Gesch\u00e4tzte Lesezeit\" \/>\n\t<meta name=\"twitter:data1\" content=\"3\u00a0Minuten\" \/>\n<script type=\"application\/ld+json\" class=\"yoast-schema-graph\">{\"@context\":\"https:\/\/schema.org\",\"@graph\":[{\"@type\":\"WebPage\",\"@id\":\"https:\/\/form-klar.de\/agnilaser2025\/lohnfertigung\/\",\"url\":\"https:\/\/form-klar.de\/agnilaser2025\/lohnfertigung\/\",\"name\":\"Laser und Laserschneiden in der Lohnfertigung | Laserzentrum Schorcht GmbH\",\"isPartOf\":{\"@id\":\"https:\/\/form-klar.de\/agnilaser2025\/#website\"},\"primaryImageOfPage\":{\"@id\":\"https:\/\/form-klar.de\/agnilaser2025\/lohnfertigung\/#primaryimage\"},\"image\":{\"@id\":\"https:\/\/form-klar.de\/agnilaser2025\/lohnfertigung\/#primaryimage\"},\"thumbnailUrl\":\"https:\/\/form-klar.de\/agnilaser2025\/wp-content\/uploads\/beschriften_web-150x150.jpg\",\"datePublished\":\"2010-06-21T07:46:49+00:00\",\"dateModified\":\"2025-03-10T08:01:54+00:00\",\"description\":\"F\u00fcr die Lohnbearbeitung stehen 14 Laseranlagen bis 4000 Watt zur Verf\u00fcgung. Die Anlagen sind mit Co2-Laser, Nd:YAG-Laser, oder Faserlaser ausger\u00fcstet.\",\"inLanguage\":\"de\",\"potentialAction\":[{\"@type\":\"ReadAction\",\"target\":[\"https:\/\/form-klar.de\/agnilaser2025\/lohnfertigung\/\"]}]},{\"@type\":\"ImageObject\",\"inLanguage\":\"de\",\"@id\":\"https:\/\/form-klar.de\/agnilaser2025\/lohnfertigung\/#primaryimage\",\"url\":\"https:\/\/form-klar.de\/agnilaser2025\/wp-content\/uploads\/beschriften_web.jpg\",\"contentUrl\":\"https:\/\/form-klar.de\/agnilaser2025\/wp-content\/uploads\/beschriften_web.jpg\",\"width\":800,\"height\":533,\"caption\":\"Laserbeschriften | Lasergravur\"},{\"@type\":\"WebSite\",\"@id\":\"https:\/\/form-klar.de\/agnilaser2025\/#website\",\"url\":\"https:\/\/form-klar.de\/agnilaser2025\/\",\"name\":\"Laserzentrum Schorcht GmbH\",\"description\":\"\",\"potentialAction\":[{\"@type\":\"SearchAction\",\"target\":{\"@type\":\"EntryPoint\",\"urlTemplate\":\"https:\/\/form-klar.de\/agnilaser2025\/?s={search_term_string}\"},\"query-input\":{\"@type\":\"PropertyValueSpecification\",\"valueRequired\":true,\"valueName\":\"search_term_string\"}}],\"inLanguage\":\"de\"}]}<\/script>\n<!-- \/ Yoast SEO plugin. -->","yoast_head_json":{"title":"Laser und Laserschneiden in der Lohnfertigung | Laserzentrum Schorcht GmbH","description":"F\u00fcr die Lohnbearbeitung stehen 14 Laseranlagen bis 4000 Watt zur Verf\u00fcgung. Die Anlagen sind mit Co2-Laser, Nd:YAG-Laser, oder Faserlaser ausger\u00fcstet.","robots":{"index":"index","follow":"follow","max-snippet":"max-snippet:-1","max-image-preview":"max-image-preview:large","max-video-preview":"max-video-preview:-1"},"canonical":"https:\/\/form-klar.de\/agnilaser2025\/lohnfertigung\/","og_locale":"de_DE","og_type":"article","og_title":"Laser und Laserschneiden in der Lohnfertigung | Laserzentrum Schorcht GmbH","og_description":"F\u00fcr die Lohnbearbeitung stehen 14 Laseranlagen bis 4000 Watt zur Verf\u00fcgung. Die Anlagen sind mit Co2-Laser, Nd:YAG-Laser, oder Faserlaser ausger\u00fcstet.","og_url":"https:\/\/form-klar.de\/agnilaser2025\/lohnfertigung\/","og_site_name":"Laserzentrum Schorcht GmbH","article_modified_time":"2025-03-10T08:01:54+00:00","og_image":[{"url":"https:\/\/form-klar.de\/agnilaser2025\/wp-content\/uploads\/beschriften_web-150x150.jpg","type":"","width":"","height":""}],"twitter_misc":{"Gesch\u00e4tzte Lesezeit":"3\u00a0Minuten"},"schema":{"@context":"https:\/\/schema.org","@graph":[{"@type":"WebPage","@id":"https:\/\/form-klar.de\/agnilaser2025\/lohnfertigung\/","url":"https:\/\/form-klar.de\/agnilaser2025\/lohnfertigung\/","name":"Laser und Laserschneiden in der Lohnfertigung | Laserzentrum Schorcht GmbH","isPartOf":{"@id":"https:\/\/form-klar.de\/agnilaser2025\/#website"},"primaryImageOfPage":{"@id":"https:\/\/form-klar.de\/agnilaser2025\/lohnfertigung\/#primaryimage"},"image":{"@id":"https:\/\/form-klar.de\/agnilaser2025\/lohnfertigung\/#primaryimage"},"thumbnailUrl":"https:\/\/form-klar.de\/agnilaser2025\/wp-content\/uploads\/beschriften_web-150x150.jpg","datePublished":"2010-06-21T07:46:49+00:00","dateModified":"2025-03-10T08:01:54+00:00","description":"F\u00fcr die Lohnbearbeitung stehen 14 Laseranlagen bis 4000 Watt zur Verf\u00fcgung. Die Anlagen sind mit Co2-Laser, Nd:YAG-Laser, oder Faserlaser ausger\u00fcstet.","inLanguage":"de","potentialAction":[{"@type":"ReadAction","target":["https:\/\/form-klar.de\/agnilaser2025\/lohnfertigung\/"]}]},{"@type":"ImageObject","inLanguage":"de","@id":"https:\/\/form-klar.de\/agnilaser2025\/lohnfertigung\/#primaryimage","url":"https:\/\/form-klar.de\/agnilaser2025\/wp-content\/uploads\/beschriften_web.jpg","contentUrl":"https:\/\/form-klar.de\/agnilaser2025\/wp-content\/uploads\/beschriften_web.jpg","width":800,"height":533,"caption":"Laserbeschriften | Lasergravur"},{"@type":"WebSite","@id":"https:\/\/form-klar.de\/agnilaser2025\/#website","url":"https:\/\/form-klar.de\/agnilaser2025\/","name":"Laserzentrum Schorcht GmbH","description":"","potentialAction":[{"@type":"SearchAction","target":{"@type":"EntryPoint","urlTemplate":"https:\/\/form-klar.de\/agnilaser2025\/?s={search_term_string}"},"query-input":{"@type":"PropertyValueSpecification","valueRequired":true,"valueName":"search_term_string"}}],"inLanguage":"de"}]}},"_links":{"self":[{"href":"https:\/\/form-klar.de\/agnilaser2025\/wp-json\/wp\/v2\/pages\/4164","targetHints":{"allow":["GET"]}}],"collection":[{"href":"https:\/\/form-klar.de\/agnilaser2025\/wp-json\/wp\/v2\/pages"}],"about":[{"href":"https:\/\/form-klar.de\/agnilaser2025\/wp-json\/wp\/v2\/types\/page"}],"author":[{"embeddable":true,"href":"https:\/\/form-klar.de\/agnilaser2025\/wp-json\/wp\/v2\/users\/7"}],"replies":[{"embeddable":true,"href":"https:\/\/form-klar.de\/agnilaser2025\/wp-json\/wp\/v2\/comments?post=4164"}],"version-history":[{"count":8,"href":"https:\/\/form-klar.de\/agnilaser2025\/wp-json\/wp\/v2\/pages\/4164\/revisions"}],"predecessor-version":[{"id":4613,"href":"https:\/\/form-klar.de\/agnilaser2025\/wp-json\/wp\/v2\/pages\/4164\/revisions\/4613"}],"wp:attachment":[{"href":"https:\/\/form-klar.de\/agnilaser2025\/wp-json\/wp\/v2\/media?parent=4164"}],"curies":[{"name":"wp","href":"https:\/\/api.w.org\/{rel}","templated":true}]}}