{"id":398,"date":"2011-03-03T09:15:21","date_gmt":"2011-03-03T09:15:21","guid":{"rendered":"http:\/\/formklar.com\/agnilaser\/"},"modified":"2025-03-25T10:45:42","modified_gmt":"2025-03-25T10:45:42","slug":"impressum","status":"publish","type":"page","link":"https:\/\/form-klar.de\/agnilaser2025\/impressum\/","title":{"rendered":"Impressum"},"content":{"rendered":"<div class=\"fusion-fullwidth fullwidth-box fusion-builder-row-1 fusion-flex-container nonhundred-percent-fullwidth non-hundred-percent-height-scrolling\" style=\"--awb-border-radius-top-left:0px;--awb-border-radius-top-right:0px;--awb-border-radius-bottom-right:0px;--awb-border-radius-bottom-left:0px;--awb-flex-wrap:wrap;\" ><div class=\"fusion-builder-row fusion-row fusion-flex-align-items-flex-start fusion-flex-content-wrap\" style=\"max-width:calc( 1600px + 60px );margin-left: calc(-60px \/ 2 );margin-right: calc(-60px \/ 2 );\"><div class=\"fusion-layout-column fusion_builder_column fusion-builder-column-0 fusion_builder_column_1_1 1_1 fusion-flex-column\" style=\"--awb-bg-blend:overlay;--awb-bg-size:cover;--awb-width-large:100%;--awb-margin-top-large:0px;--awb-spacing-right-large:30px;--awb-margin-bottom-large:0px;--awb-spacing-left-large:30px;--awb-width-medium:100%;--awb-spacing-right-medium:30px;--awb-spacing-left-medium:30px;--awb-width-small:100%;--awb-spacing-right-small:30px;--awb-spacing-left-small:30px;\"><div class=\"fusion-column-wrapper fusion-flex-justify-content-flex-start fusion-content-layout-column\"><div class=\"fusion-text fusion-text-1\"><h1>Impressum<\/h1>\n<p><strong>Laserzentrum Schorcht GmbH<\/strong><\/p>\n<p>Eichenweg 2<br \/>\n07616 Petersberg<\/p>\n<p>Telefon: +49 (0)36691 5700-0<br \/>\nTelefax: +49 (0)36691 5700-33<\/p>\n<p>Web: www.schorcht.de<br \/>\nE-Mail: info@schorcht.de<\/p>\n<p>Gesch\u00e4ftsf\u00fchrerin: Heike Schorcht<\/p>\n<p>HRB-Nr. 206377 Amtsgericht Jena<\/p>\n<p>Umsatzsteuer-Identifikationsnummer: DE 184 005 823<\/p>\n<p>Copyright \u00a9 2013 Laserzentrum Schorcht GmbH.<\/p>\n<p>Alle Rechte vorbehalten.<\/p>\n<p><strong>Eingetragen auf:<\/strong><\/p>\n<p><a title=\"Laserschneiden Laserschwei\u00dfen in der Lohnfertigung bei weblink24.net\" href=\"http:\/\/weblink24.net\" target=\"_blank\" rel=\"noopener\">weblink24.net<\/a><\/p>\n<p><a href=\"http:\/\/www.vg-karte.de\">vg-karte.de Katalog<\/a><\/p>\n<p><a href=\"http:\/\/www.www-webkatalog.de\/webkatalog.php\">webkatalog.de Katalog<\/a><\/p>\n<h2>Nutzungsbedingungen \/ Haftungsausschluss<\/h2>\n<h3>(1) INHALT DES ONLINEANGEBOTS<\/h3>\n<p>Wir freuen uns \u00fcber Ihr Interesse an unserem Unternehmen und dessen Produkten und Leistungen.<br \/>\nTrotz sorgf\u00e4ltiger Bearbeitung und \u00dcberpr\u00fcfung der Inhalte \u00fcbernimmt die Laserzentrum Schorcht GmbH keine Gew\u00e4hr f\u00fcr die Aktualit\u00e4t, Richtigkeit, Vollst\u00e4ndigkeit oder Qualit\u00e4t der bereitgestellten Informationen, da eine zwischenzeitlich eingetretene \u00c4nderung nicht g\u00e4nzlich auszuschlie\u00dfen ist.<br \/>\nHaftungsanspr\u00fcche gegen die Laserzentrum Schorcht GmbH, welche sich auf Sch\u00e4den materieller oder ideeller Art beziehen, welche durch die Nutzung oder Nichtnutzung der dargebotenen Informationen oder durch fehlerhafte und unvollst\u00e4ndige Informationen verursacht wurden, sind grunds\u00e4tzlich ausgeschlossen, sofern seitens der Laserzentrum Schorcht GmbH kein nachweislich vors\u00e4tzliches oder grob fahrl\u00e4ssiges Verschulden vorliegt.<\/p>\n<h3>(2) URHEBER- UND KENNZEICHENRECHT<\/h3>\n<p>Der Inhalt dieser Internetseiten darf ohne schriftliche Genehmigung der Laserzentrum Schorcht GmbH nicht zu kommerziellen Zwecken kopiert, verbreitet, ver\u00e4ndert oder Dritten zug\u00e4nglich gemacht werden.<br \/>\nBilder, Grafiken und Texte unterliegen dem Schutz des Urheberrechts und anderer Schutzgesetze.<br \/>\nAlle innerhalb des Angebots genannten und gegebenenfalls durch Dritte gesch\u00fctzten Marken- und Warenzeichen unterliegen uneingeschr\u00e4nkt den Bestimmungen des jeweils g\u00fcltigen Kennzeichenrechts und den Besitzrechten der jeweiligen eingetragenen Eigent\u00fcmer. Allein aufgrund der blo\u00dfen Nennung ist nicht der Schluss zu ziehen, dass Markenzeichen nicht durch Rechte Dritter gesch\u00fctzt sind.<br \/>\nDer Internetauftritt der Laserzentrum Schorcht GmbH enth\u00e4lt desweiteren Bildmaterial, das dem Copyright Dritter unterliegt.<\/p>\n<h3>(3) EXTERNE VERWEISE (LINKS)<\/h3>\n<p>Von unseren eigenen Inhalten sind Querverweise (\u201eLinks\u201c) auf die von anderen Anbietern bereitgehaltenen Inhalte zu unterscheiden.<br \/>\nF\u00fcr dort enthaltene Informationen (fremde Inhalte), zu denen mittels Hyperlink lediglich der Zugang zur Nutzung vermittelt wird, haftet die Laserzentrum Schorcht GmbH nur, wenn es von den Inhalten genaue Kenntnis hat und es ihm technisch m\u00f6glich und zumutbar ist, die Nutzung im Fall rechtswidriger Inhalte zu verhindern.<br \/>\nDie Laserzentrum Schorcht GmbH erkl\u00e4rt hiermit ausdr\u00fccklich, dass zum Zeitpunkt der Linksetzung die verlinkten Seiten keine illegalen Inhalte enthalten haben.<br \/>\nDie Laserzentrum Schorcht GmbH hat keinerlei Einfluss auf die aktuelle und zuk\u00fcnftige Gestaltung der verlinkten Seiten. Die Laserzentrum Schorcht GmbH distanziert sich daher hiermit ausdr\u00fccklich von allen inhaltlichen \u00c4nderungen, die nach der Linkssetzung auf den verlinkten Seiten vorgenommen werden.<\/p>\n<h3>(4) RECHTSWIRKSAMKEIT DIESES HAFTUNGSAUSSCHLUSSES<\/h3>\n<p>Dieser Haftungsausschluss ist als Teil des Internetangebotes zu betrachten, von dem aus auf diese Seite verwiesen wurde. Sofern Teile oder einzelne Formulierungen dieses Textes der geltenden Rechtslage nicht, nicht mehr oder nicht vollst\u00e4ndig entsprechen sollten, bleiben die \u00fcbrigen Teile des Dokumentes in ihrem Inhalt und ihrer G\u00fcltigkeit davon unber\u00fchrt.<\/p>\n<\/div><\/div><\/div><\/div><\/div>\n","protected":false},"excerpt":{"rendered":"","protected":false},"author":7,"featured_media":1955,"parent":0,"menu_order":20,"comment_status":"closed","ping_status":"closed","template":"","meta":{"ngg_post_thumbnail":0,"footnotes":"","_links_to":"","_links_to_target":""},"class_list":["post-398","page","type-page","status-publish","has-post-thumbnail","hentry"],"yoast_head":"<!-- This site is optimized with the Yoast SEO plugin v24.6 - https:\/\/yoast.com\/wordpress\/plugins\/seo\/ -->\n<title>Impressum \u2013 Agnilaser Th\u00fcringen \u2013 Laserzentrum Schorcht<\/title>\n<meta name=\"description\" content=\"Rechtliche Informationen und Kontaktdaten unseres Unternehmens auf einen Blick. \u2705 Laserzentrum Schorcht GmbH \u2705\" \/>\n<meta name=\"robots\" content=\"index, follow, max-snippet:-1, max-image-preview:large, max-video-preview:-1\" \/>\n<link rel=\"canonical\" href=\"https:\/\/form-klar.de\/agnilaser2025\/impressum\/\" \/>\n<meta property=\"og:locale\" content=\"de_DE\" \/>\n<meta property=\"og:type\" content=\"article\" \/>\n<meta property=\"og:title\" content=\"Impressum \u2013 Agnilaser Th\u00fcringen \u2013 Laserzentrum Schorcht\" \/>\n<meta property=\"og:description\" content=\"Rechtliche Informationen und Kontaktdaten unseres Unternehmens auf einen Blick. \u2705 Laserzentrum Schorcht GmbH \u2705\" \/>\n<meta property=\"og:url\" content=\"https:\/\/form-klar.de\/agnilaser2025\/impressum\/\" \/>\n<meta property=\"og:site_name\" content=\"Laserzentrum Schorcht GmbH\" \/>\n<meta property=\"article:modified_time\" content=\"2025-03-25T10:45:42+00:00\" \/>\n<meta property=\"og:image\" content=\"https:\/\/form-klar.de\/agnilaser2025\/wp-content\/uploads\/2023\/12\/shutterstock_1988223371.jpg\" \/>\n\t<meta property=\"og:image:width\" content=\"1920\" \/>\n\t<meta property=\"og:image:height\" content=\"1280\" \/>\n\t<meta property=\"og:image:type\" content=\"image\/jpeg\" \/>\n<meta name=\"twitter:label1\" content=\"Gesch\u00e4tzte Lesezeit\" \/>\n\t<meta name=\"twitter:data1\" content=\"3\u00a0Minuten\" \/>\n<script type=\"application\/ld+json\" class=\"yoast-schema-graph\">{\"@context\":\"https:\/\/schema.org\",\"@graph\":[{\"@type\":\"WebPage\",\"@id\":\"https:\/\/form-klar.de\/agnilaser2025\/impressum\/\",\"url\":\"https:\/\/form-klar.de\/agnilaser2025\/impressum\/\",\"name\":\"Impressum \u2013 Agnilaser Th\u00fcringen \u2013 Laserzentrum Schorcht\",\"isPartOf\":{\"@id\":\"https:\/\/form-klar.de\/agnilaser2025\/#website\"},\"primaryImageOfPage\":{\"@id\":\"https:\/\/form-klar.de\/agnilaser2025\/impressum\/#primaryimage\"},\"image\":{\"@id\":\"https:\/\/form-klar.de\/agnilaser2025\/impressum\/#primaryimage\"},\"thumbnailUrl\":\"https:\/\/form-klar.de\/agnilaser2025\/wp-content\/uploads\/2023\/12\/shutterstock_1988223371.jpg\",\"datePublished\":\"2011-03-03T09:15:21+00:00\",\"dateModified\":\"2025-03-25T10:45:42+00:00\",\"description\":\"Rechtliche Informationen und Kontaktdaten unseres Unternehmens auf einen Blick. \u2705 Laserzentrum Schorcht GmbH \u2705\",\"inLanguage\":\"de\",\"potentialAction\":[{\"@type\":\"ReadAction\",\"target\":[\"https:\/\/form-klar.de\/agnilaser2025\/impressum\/\"]}]},{\"@type\":\"ImageObject\",\"inLanguage\":\"de\",\"@id\":\"https:\/\/form-klar.de\/agnilaser2025\/impressum\/#primaryimage\",\"url\":\"https:\/\/form-klar.de\/agnilaser2025\/wp-content\/uploads\/2023\/12\/shutterstock_1988223371.jpg\",\"contentUrl\":\"https:\/\/form-klar.de\/agnilaser2025\/wp-content\/uploads\/2023\/12\/shutterstock_1988223371.jpg\",\"width\":1920,\"height\":1280},{\"@type\":\"WebSite\",\"@id\":\"https:\/\/form-klar.de\/agnilaser2025\/#website\",\"url\":\"https:\/\/form-klar.de\/agnilaser2025\/\",\"name\":\"Laserzentrum Schorcht GmbH\",\"description\":\"\",\"potentialAction\":[{\"@type\":\"SearchAction\",\"target\":{\"@type\":\"EntryPoint\",\"urlTemplate\":\"https:\/\/form-klar.de\/agnilaser2025\/?s={search_term_string}\"},\"query-input\":{\"@type\":\"PropertyValueSpecification\",\"valueRequired\":true,\"valueName\":\"search_term_string\"}}],\"inLanguage\":\"de\"}]}<\/script>\n<!-- \/ Yoast SEO plugin. -->","yoast_head_json":{"title":"Impressum \u2013 Agnilaser Th\u00fcringen \u2013 Laserzentrum Schorcht","description":"Rechtliche Informationen und Kontaktdaten unseres Unternehmens auf einen Blick. \u2705 Laserzentrum Schorcht GmbH \u2705","robots":{"index":"index","follow":"follow","max-snippet":"max-snippet:-1","max-image-preview":"max-image-preview:large","max-video-preview":"max-video-preview:-1"},"canonical":"https:\/\/form-klar.de\/agnilaser2025\/impressum\/","og_locale":"de_DE","og_type":"article","og_title":"Impressum \u2013 Agnilaser Th\u00fcringen \u2013 Laserzentrum Schorcht","og_description":"Rechtliche Informationen und Kontaktdaten unseres Unternehmens auf einen Blick. \u2705 Laserzentrum Schorcht GmbH \u2705","og_url":"https:\/\/form-klar.de\/agnilaser2025\/impressum\/","og_site_name":"Laserzentrum Schorcht GmbH","article_modified_time":"2025-03-25T10:45:42+00:00","og_image":[{"width":1920,"height":1280,"url":"https:\/\/form-klar.de\/agnilaser2025\/wp-content\/uploads\/2023\/12\/shutterstock_1988223371.jpg","type":"image\/jpeg"}],"twitter_misc":{"Gesch\u00e4tzte Lesezeit":"3\u00a0Minuten"},"schema":{"@context":"https:\/\/schema.org","@graph":[{"@type":"WebPage","@id":"https:\/\/form-klar.de\/agnilaser2025\/impressum\/","url":"https:\/\/form-klar.de\/agnilaser2025\/impressum\/","name":"Impressum \u2013 Agnilaser Th\u00fcringen \u2013 Laserzentrum Schorcht","isPartOf":{"@id":"https:\/\/form-klar.de\/agnilaser2025\/#website"},"primaryImageOfPage":{"@id":"https:\/\/form-klar.de\/agnilaser2025\/impressum\/#primaryimage"},"image":{"@id":"https:\/\/form-klar.de\/agnilaser2025\/impressum\/#primaryimage"},"thumbnailUrl":"https:\/\/form-klar.de\/agnilaser2025\/wp-content\/uploads\/2023\/12\/shutterstock_1988223371.jpg","datePublished":"2011-03-03T09:15:21+00:00","dateModified":"2025-03-25T10:45:42+00:00","description":"Rechtliche Informationen und Kontaktdaten unseres Unternehmens auf einen Blick. \u2705 Laserzentrum Schorcht GmbH \u2705","inLanguage":"de","potentialAction":[{"@type":"ReadAction","target":["https:\/\/form-klar.de\/agnilaser2025\/impressum\/"]}]},{"@type":"ImageObject","inLanguage":"de","@id":"https:\/\/form-klar.de\/agnilaser2025\/impressum\/#primaryimage","url":"https:\/\/form-klar.de\/agnilaser2025\/wp-content\/uploads\/2023\/12\/shutterstock_1988223371.jpg","contentUrl":"https:\/\/form-klar.de\/agnilaser2025\/wp-content\/uploads\/2023\/12\/shutterstock_1988223371.jpg","width":1920,"height":1280},{"@type":"WebSite","@id":"https:\/\/form-klar.de\/agnilaser2025\/#website","url":"https:\/\/form-klar.de\/agnilaser2025\/","name":"Laserzentrum Schorcht GmbH","description":"","potentialAction":[{"@type":"SearchAction","target":{"@type":"EntryPoint","urlTemplate":"https:\/\/form-klar.de\/agnilaser2025\/?s={search_term_string}"},"query-input":{"@type":"PropertyValueSpecification","valueRequired":true,"valueName":"search_term_string"}}],"inLanguage":"de"}]}},"_links":{"self":[{"href":"https:\/\/form-klar.de\/agnilaser2025\/wp-json\/wp\/v2\/pages\/398","targetHints":{"allow":["GET"]}}],"collection":[{"href":"https:\/\/form-klar.de\/agnilaser2025\/wp-json\/wp\/v2\/pages"}],"about":[{"href":"https:\/\/form-klar.de\/agnilaser2025\/wp-json\/wp\/v2\/types\/page"}],"author":[{"embeddable":true,"href":"https:\/\/form-klar.de\/agnilaser2025\/wp-json\/wp\/v2\/users\/7"}],"replies":[{"embeddable":true,"href":"https:\/\/form-klar.de\/agnilaser2025\/wp-json\/wp\/v2\/comments?post=398"}],"version-history":[{"count":3,"href":"https:\/\/form-klar.de\/agnilaser2025\/wp-json\/wp\/v2\/pages\/398\/revisions"}],"predecessor-version":[{"id":4655,"href":"https:\/\/form-klar.de\/agnilaser2025\/wp-json\/wp\/v2\/pages\/398\/revisions\/4655"}],"wp:featuredmedia":[{"embeddable":true,"href":"https:\/\/form-klar.de\/agnilaser2025\/wp-json\/wp\/v2\/media\/1955"}],"wp:attachment":[{"href":"https:\/\/form-klar.de\/agnilaser2025\/wp-json\/wp\/v2\/media?parent=398"}],"curies":[{"name":"wp","href":"https:\/\/api.w.org\/{rel}","templated":true}]}}