{"id":1779,"date":"2023-03-22T09:58:23","date_gmt":"2023-03-22T09:58:23","guid":{"rendered":"http:\/\/www.agnilaser.de\/?page_id=1779"},"modified":"2025-02-26T09:45:34","modified_gmt":"2025-02-26T09:45:34","slug":"blechbearbeitung-naumburg","status":"publish","type":"page","link":"https:\/\/form-klar.de\/agnilaser2025\/blechbearbeitung-naumburg\/","title":{"rendered":"Blechbearbeitung Naumburg"},"content":{"rendered":"<h2>Blechbearbeitung Naumburg \u2013 Lohnfertigung f\u00fcr das Laserschneiden und mehr<\/h2>\n<p>Blechbearbeitung Naumburg: Sie suchen einen zuverl\u00e4ssigen Partner? Als Dienstleister f\u00fcr <strong>Laserlohnfertigung<\/strong> stellen wir uns gern bei Ihnen vor. Unser Angebot: Lagern Sie Prozesse an einen Spezialisten aus. In der Lohnfertigung unterst\u00fctzen wir Sie, besonders dann wenn es drauf ankommt. Unsere Leistungen sind dabei Laserschneiden und Laserschwei\u00dfen. Ebenso markieren, beschriften und gravieren wir Teile mit dem Laser. Auch beim Laserbohren sind Sie bei uns an der richtigen Adresse.<\/p>\n<h3>Vorteile f\u00fcr die Blechbearbeitung Naumburg<\/h3>\n<p>Welche Vorteile bringt Ihnen die Lohnfertigung? Erstens k\u00f6nnen Sie Kosten sparen. Sie brauchen die n\u00f6tigen <strong>Maschinen f\u00fcr Lasercutting<\/strong> und \u00e4hnliche Verfahren nicht anschaffen. Ebenso ben\u00f6tigen Sie nicht die Mitarbeiter f\u00fcr diese Prozesse. Maschinen und Spezialisten halten wir f\u00fcr Sie vor.<\/p>\n<h3>Auftragsspitzen mit uns abfedern<\/h3>\n<p>Zweitens geht es um die Erweiterung Ihrer Kapazit\u00e4ten. Sie m\u00fcssen <strong>Auftragsspitzen stemmen<\/strong>? Dann sind wir schnell und unkompliziert Ihr Partner. Ebenso schnell k\u00f6nnen Sie wieder umswitchen, wenn die Nachfrage nachl\u00e4sst.<\/p>\n<h3>Expertise sichern: Verbessern Sie Ihre Prozesse!<\/h3>\n<p>Holen Sie sich drittens die <a title=\"Laser Lohnfertigung Naumburg\" href=\"https:\/\/form-klar.de\/agnilaser2025\/\/lohnfertigung\/\"><strong>Expertise vom Laser-Spezialisten<\/strong><\/a>! Denn von nun ab profitieren Sie von unseren Erfahrungen.<br \/>\nWir k\u00f6nnen Ihnen mit unserem Spezialwissen weiterhelfen. Denn insbesondere, wenn es um komplexe Fertigungsabfolgen geht, sind wir an Ihrer Seite. Mit unserer Arbeit k\u00f6nnen wir Sie eben auch bei der Verbesserung Ihrer Prozesse in der Fertigung unterst\u00fctzen. Holen Sie sich mehr Laser-Power und Effizienz in Ihre Fertigung.<\/p>\n<h3>Qualit\u00e4t sichern f\u00fcr die Blechbearbeitung Naumburg<\/h3>\n<p>Ebenso setzen Sie viertens auf eine bessere Qualit\u00e4t. Wir kontrollieren alles in unserem Hause. Damit sichern wir Ihnen eine Qualit\u00e4t anhand unserer Qualit\u00e4tsmanagementprozesse und <strong>Zertifizierungen<\/strong> zu. Arbeiten Sie mit uns in einem sicheren Umfeld!\u200b<\/p>\n<h3>Schnell und effektiv mit uns fertigen<\/h3>\n<p>F\u00fcnftens k\u00f6nnen wir als weiteren Vorteil die Zeitersparnis nennen. Dadurch k\u00f6nnen Sie sich zudem auf Ihre Kernkompetenzen in der Blechbearbeitung konzentrieren. Wir sind an Ihrer Seite, wenn es darum geht, Zeit in der Gesamtkette der Fertigung zu sparen.<\/p>\n<h3>Wir tragen zur Risikominimierung bei<\/h3>\n<p>Als Ihr zuverl\u00e4ssiger Lohnfertiger tragen wir ein Teil des Risikos Ihrer Fertigung. Mit der Auftragsvergabe \u00fcbertragen Sie uns die Sicherung der Qualit\u00e4t, die Einhaltung des Zeitplans. Damit minimieren wir f\u00fcr Sie das Risiko f\u00fcr Fehler bis hin zur Lieferung. Kontaktieren Sie uns \u2013 wir sichern Ihnen mehr Laserkompetenz in der Blechbearbeitung Naumburg. <a title=\"Blechbearbeitung Naumburg\" href=\"https:\/\/form-klar.de\/agnilaser2025\/kontakt\/ansprechpartner\"><strong>Sie finden uns unweit von Naumburg<\/strong><\/a> direkt an der A9 unweit von Eisenberg.<br \/>\n&nbsp;<\/p>\n","protected":false},"excerpt":{"rendered":"<p>Blechbearbeitung Naumburg \u2013 Lohnfertigung f\u00fcr das Laserschneiden und mehr Blechbearbeitung Naumburg: Sie suchen einen zuverl\u00e4ssigen Partner? Als Dienstleister f\u00fcr Laserlohnfertigung stellen wir uns gern bei [&hellip;]<\/p>\n","protected":false},"author":9,"featured_media":0,"parent":0,"menu_order":0,"comment_status":"closed","ping_status":"closed","template":"","meta":{"ngg_post_thumbnail":0,"footnotes":"","_links_to":"","_links_to_target":""},"class_list":["post-1779","page","type-page","status-publish","hentry"],"yoast_head":"<!-- This site is optimized with the Yoast SEO plugin v24.6 - https:\/\/yoast.com\/wordpress\/plugins\/seo\/ -->\n<title>Blechbearbeitung Naumburg | Laserlohnfertigung | Kosten sparen<\/title>\n<meta name=\"description\" content=\"Als Partner f\u00fcr die Blechbearbeitung Naumburg bieten wir Ihnen Laserlohnfertigung an \u2013 inklusive Schneiden, Beschriften und Schwei\u00dfen.\" \/>\n<meta name=\"robots\" content=\"index, follow, max-snippet:-1, max-image-preview:large, max-video-preview:-1\" \/>\n<link rel=\"canonical\" href=\"https:\/\/form-klar.de\/agnilaser2025\/blechbearbeitung-naumburg\/\" \/>\n<meta property=\"og:locale\" content=\"de_DE\" \/>\n<meta property=\"og:type\" content=\"article\" \/>\n<meta property=\"og:title\" content=\"Blechbearbeitung Naumburg | Laserlohnfertigung | Kosten sparen\" \/>\n<meta property=\"og:description\" content=\"Als Partner f\u00fcr die Blechbearbeitung Naumburg bieten wir Ihnen Laserlohnfertigung an \u2013 inklusive Schneiden, Beschriften und Schwei\u00dfen.\" \/>\n<meta property=\"og:url\" content=\"https:\/\/form-klar.de\/agnilaser2025\/blechbearbeitung-naumburg\/\" \/>\n<meta property=\"og:site_name\" content=\"Laserzentrum Schorcht GmbH\" \/>\n<meta property=\"article:modified_time\" content=\"2025-02-26T09:45:34+00:00\" \/>\n<meta name=\"twitter:label1\" content=\"Gesch\u00e4tzte Lesezeit\" \/>\n\t<meta name=\"twitter:data1\" content=\"3\u00a0Minuten\" \/>\n<script type=\"application\/ld+json\" class=\"yoast-schema-graph\">{\"@context\":\"https:\/\/schema.org\",\"@graph\":[{\"@type\":\"WebPage\",\"@id\":\"https:\/\/form-klar.de\/agnilaser2025\/blechbearbeitung-naumburg\/\",\"url\":\"https:\/\/form-klar.de\/agnilaser2025\/blechbearbeitung-naumburg\/\",\"name\":\"Blechbearbeitung Naumburg | Laserlohnfertigung | Kosten sparen\",\"isPartOf\":{\"@id\":\"https:\/\/form-klar.de\/agnilaser2025\/#website\"},\"datePublished\":\"2023-03-22T09:58:23+00:00\",\"dateModified\":\"2025-02-26T09:45:34+00:00\",\"description\":\"Als Partner f\u00fcr die Blechbearbeitung Naumburg bieten wir Ihnen Laserlohnfertigung an \u2013 inklusive Schneiden, Beschriften und Schwei\u00dfen.\",\"inLanguage\":\"de\",\"potentialAction\":[{\"@type\":\"ReadAction\",\"target\":[\"https:\/\/form-klar.de\/agnilaser2025\/blechbearbeitung-naumburg\/\"]}]},{\"@type\":\"WebSite\",\"@id\":\"https:\/\/form-klar.de\/agnilaser2025\/#website\",\"url\":\"https:\/\/form-klar.de\/agnilaser2025\/\",\"name\":\"Laserzentrum Schorcht GmbH\",\"description\":\"\",\"potentialAction\":[{\"@type\":\"SearchAction\",\"target\":{\"@type\":\"EntryPoint\",\"urlTemplate\":\"https:\/\/form-klar.de\/agnilaser2025\/?s={search_term_string}\"},\"query-input\":{\"@type\":\"PropertyValueSpecification\",\"valueRequired\":true,\"valueName\":\"search_term_string\"}}],\"inLanguage\":\"de\"}]}<\/script>\n<!-- \/ Yoast SEO plugin. -->","yoast_head_json":{"title":"Blechbearbeitung Naumburg | Laserlohnfertigung | Kosten sparen","description":"Als Partner f\u00fcr die Blechbearbeitung Naumburg bieten wir Ihnen Laserlohnfertigung an \u2013 inklusive Schneiden, Beschriften und Schwei\u00dfen.","robots":{"index":"index","follow":"follow","max-snippet":"max-snippet:-1","max-image-preview":"max-image-preview:large","max-video-preview":"max-video-preview:-1"},"canonical":"https:\/\/form-klar.de\/agnilaser2025\/blechbearbeitung-naumburg\/","og_locale":"de_DE","og_type":"article","og_title":"Blechbearbeitung Naumburg | Laserlohnfertigung | Kosten sparen","og_description":"Als Partner f\u00fcr die Blechbearbeitung Naumburg bieten wir Ihnen Laserlohnfertigung an \u2013 inklusive Schneiden, Beschriften und Schwei\u00dfen.","og_url":"https:\/\/form-klar.de\/agnilaser2025\/blechbearbeitung-naumburg\/","og_site_name":"Laserzentrum Schorcht GmbH","article_modified_time":"2025-02-26T09:45:34+00:00","twitter_misc":{"Gesch\u00e4tzte Lesezeit":"3\u00a0Minuten"},"schema":{"@context":"https:\/\/schema.org","@graph":[{"@type":"WebPage","@id":"https:\/\/form-klar.de\/agnilaser2025\/blechbearbeitung-naumburg\/","url":"https:\/\/form-klar.de\/agnilaser2025\/blechbearbeitung-naumburg\/","name":"Blechbearbeitung Naumburg | Laserlohnfertigung | Kosten sparen","isPartOf":{"@id":"https:\/\/form-klar.de\/agnilaser2025\/#website"},"datePublished":"2023-03-22T09:58:23+00:00","dateModified":"2025-02-26T09:45:34+00:00","description":"Als Partner f\u00fcr die Blechbearbeitung Naumburg bieten wir Ihnen Laserlohnfertigung an \u2013 inklusive Schneiden, Beschriften und Schwei\u00dfen.","inLanguage":"de","potentialAction":[{"@type":"ReadAction","target":["https:\/\/form-klar.de\/agnilaser2025\/blechbearbeitung-naumburg\/"]}]},{"@type":"WebSite","@id":"https:\/\/form-klar.de\/agnilaser2025\/#website","url":"https:\/\/form-klar.de\/agnilaser2025\/","name":"Laserzentrum Schorcht GmbH","description":"","potentialAction":[{"@type":"SearchAction","target":{"@type":"EntryPoint","urlTemplate":"https:\/\/form-klar.de\/agnilaser2025\/?s={search_term_string}"},"query-input":{"@type":"PropertyValueSpecification","valueRequired":true,"valueName":"search_term_string"}}],"inLanguage":"de"}]}},"_links":{"self":[{"href":"https:\/\/form-klar.de\/agnilaser2025\/wp-json\/wp\/v2\/pages\/1779","targetHints":{"allow":["GET"]}}],"collection":[{"href":"https:\/\/form-klar.de\/agnilaser2025\/wp-json\/wp\/v2\/pages"}],"about":[{"href":"https:\/\/form-klar.de\/agnilaser2025\/wp-json\/wp\/v2\/types\/page"}],"author":[{"embeddable":true,"href":"https:\/\/form-klar.de\/agnilaser2025\/wp-json\/wp\/v2\/users\/9"}],"replies":[{"embeddable":true,"href":"https:\/\/form-klar.de\/agnilaser2025\/wp-json\/wp\/v2\/comments?post=1779"}],"version-history":[{"count":1,"href":"https:\/\/form-klar.de\/agnilaser2025\/wp-json\/wp\/v2\/pages\/1779\/revisions"}],"predecessor-version":[{"id":4437,"href":"https:\/\/form-klar.de\/agnilaser2025\/wp-json\/wp\/v2\/pages\/1779\/revisions\/4437"}],"wp:attachment":[{"href":"https:\/\/form-klar.de\/agnilaser2025\/wp-json\/wp\/v2\/media?parent=1779"}],"curies":[{"name":"wp","href":"https:\/\/api.w.org\/{rel}","templated":true}]}}