{"id":1725,"date":"2022-06-14T09:09:01","date_gmt":"2022-06-14T09:09:01","guid":{"rendered":"http:\/\/www.agnilaser.de\/?page_id=1725"},"modified":"2022-06-14T09:09:01","modified_gmt":"2022-06-14T09:09:01","slug":"laserbeschriftung-leipzig","status":"publish","type":"page","link":"https:\/\/form-klar.de\/agnilaser2025\/laserbeschriftung-leipzig\/","title":{"rendered":"Laserbeschriftung Leipzig"},"content":{"rendered":"<h2>Laserbeschriftung Leipzig f\u00fcr Maschinenbau und Industrie<\/h2>\n<p>Laserbeschriftung Leipzig: Als Ihr Dienstleister f\u00fcr Markieraufgaben bieten wir Ihnen<br \/>\nleistungsf\u00e4hige Markierlaser f\u00fcr jede Anwendung. Das macht uns zum kompetenten<br \/>\nAnsprechpartner bei der individuellen <a title=\"Laserbeschriftung Leipzig\" href=\"https:\/\/form-klar.de\/agnilaser2025\/\/unternehmen-laserzentrum-thueringen\/\"><strong>Materialbearbeitung in Industrie und Maschinenbau<\/strong><\/a>.<br \/>\nDank unserem Maschinenpark k\u00f6nnen wir ein sehr breites Spektrum von Aufgaben bedienen.<\/p>\n<h3>Laserzentrum Schorcht GmbH \u2013 Ihr Partner \u2013 Laserbeschriftung Leipzig<\/h3>\n<p>Sie suchen einen Partner, der sich mit gezielter Materialbearbeitung mit modernen Lasern auskennt? Heute geh\u00f6rt fast jede Branche zu unserem Kundenkreis. Da unsere Markierlaser f\u00fcr alle denkbaren Materialien verwendbar sind, k\u00f6nnen wir sehr unterschiedliche Zielgruppen ansprechen. Das ist einerseits die Industrie mit ihren Produktionsunternehmen, als auch andererseits der Handel mit seinem Versand und Verpacken von Produkten. Ob\u00a0<strong>Werkzeug- und Maschinenbau<\/strong>, ob Medizintechnik, Elektronik, Schmuckindustrie, <strong>Verpackungsindustrie<\/strong> oder Textilunternehmen \u2013 beauftragen Sie Ihre Beschriftung oder Markierung hier beim Profi in der\u00a0<strong>Region Leipzig<\/strong>.<br \/>\n\t\t\t\t\t\t\t\t\t\t<img class=\"lazyload\" decoding=\"async\" width=\"1024\" height=\"683\" src=\"https:\/\/form-klar.de\/agnilaser2025\/wp-content\/uploads\/AdobeStock_27451579-1024x683.jpeg\" data-orig-src=\"https:\/\/form-klar.de\/agnilaser2025\/wp-content\/uploads\/AdobeStock_27451579-1024x683.jpeg\" alt=\"Laserschwei\u00dfen Erfurt, Laserschneiden Metall, Laserschneiden Erfurt, Laserschneiden Jena, Laserschneiden Gera\" loading=\"lazy\" srcset=\"data:image\/svg+xml,%3Csvg%20xmlns%3D%27http%3A%2F%2Fwww.w3.org%2F2000%2Fsvg%27%20width%3D%271024%27%20height%3D%27683%27%20viewBox%3D%270%200%201024%20683%27%3E%3Crect%20width%3D%271024%27%20height%3D%27683%27%20fill-opacity%3D%220%22%2F%3E%3C%2Fsvg%3E\" data-srcset=\"https:\/\/form-klar.de\/agnilaser2025\/wp-content\/uploads\/AdobeStock_27451579-1024x683.jpeg 1024w, https:\/\/form-klar.de\/agnilaser2025\/wp-content\/uploads\/AdobeStock_27451579-300x200.jpeg 300w, https:\/\/form-klar.de\/agnilaser2025\/wp-content\/uploads\/AdobeStock_27451579-768x512.jpeg 768w, https:\/\/form-klar.de\/agnilaser2025\/wp-content\/uploads\/AdobeStock_27451579.jpeg 1920w\" data-sizes=\"auto\" data-orig-sizes=\"auto, (max-width: 1024px) 100vw, 1024px\" \/>\t\t\t\t\t\t\t\t\t\t\t<\/p>\n<h3>Laserzentrum Schorcht GmbH \u2013 Ihr Partner \u2013 Laserbeschriftung Leipzig<\/h3>\n<p>Sie suchen einen Partner, der sich mit gezielter Materialbearbeitung mit modernen Lasern<br \/>\nauskennt? Heute geh\u00f6rt fast jede Branche zu unserem Kundenkreis. Da unsere Markierlaser<br \/>\nf\u00fcr alle denkbaren Materialien verwendbar sind, k\u00f6nnen wir sehr unterschiedliche<br \/>\nZielgruppen ansprechen. Das ist einerseits die Industrie mit ihren Produktionsunternehmen,<br \/>\nals auch andererseits der Handel mit seinem Versand und Verpacken von Produkten. Ob<br \/>\n<strong>Werkzeug- und Maschinenbau<\/strong>, ob Medizintechnik, Elektronik,<br \/>\nSchmuckindustrie, <strong>Verpackungsindustrie<\/strong> oder Textilunternehmen \u2013<br \/>\nbeauftragen Sie Ihre Beschriftung oder Markierung hier beim Profi in der <strong>Region<br \/>\nLeipzig<\/strong>.<\/p>\n<h3>Markierungen und Beschriftungen: Logos, Codes und Seriennummern<\/h3>\n<p>Welche verschiedenen Beschriftungsarten bieten wir Ihnen an? Allen ist gemeinsam, dass die<br \/>\nBeschriftungen mit einem Laserstrahl indusziert werden. Wir bieten Ihnen f\u00fcr jede Aufgabe<br \/>\nund f\u00fcr jedes Material den passenden Laser an. Wir nutzen haupts\u00e4chlich <a \ntitle=\"Markieraufgaben Region Leipzig\" \nhref=\"https:\/\/form-klar.de\/agnilaser2025\/\/laserprogramm\/\"><strong>CNC-gesteuerte<br \/>\nLaser<\/strong><\/a>, so dass wir alle Arbeiten automatisiert und in h\u00f6chster Pr\u00e4zision<br \/>\ndurchf\u00fchren. Au\u00dferdem sind wir schnell und k\u00f6nnen auch gro\u00dfe St\u00fcckzahlen in kurzer Zeit<br \/>\nbearbeiten und liefern. Selbstverst\u00e4ndlich bieten wir Ihnen auf diese Wiese auch eine<br \/>\n<strong> Durchnummerierung von Einzelteilen<\/strong> an.<\/p>\n<h3>Lasertechnik: \u00c4sthetische und sichere L\u00f6sungen mit modernen Beschriftungsarten auf<br \/>\nallen Materialien<\/h3>\n<p>Bei der Gravur arbeiten wir beispielsweise mit gepulsten Lasern. Damit erfolgt ein gezielter<br \/>\nMaterialabtrag. Dieses Verfahren ist \u00fcbrigens auf alle Materialien m\u00f6glich, beispielsweise \u200b<br \/>\nauch auf Glas. Weiter m\u00f6glich ist auch ein <strong>Farbabtrag auf lackierten<br \/>\nMetallen<\/strong>. Auch organische Stoffe k\u00f6nnen beschriftet werden, zudem auch<br \/>\n<strong>Kunststoffe<\/strong>. Diese ben\u00f6tigen bestimmte Inhaltsstoffe, damit ein<br \/>\nFarbumschlag bei der Beschriftung m\u00f6glich wird. Beispielsweise wird eine solches Verfahren<br \/>\nbei Computertasten eingesetzt. Zudem nutzen wir auch Oxydationsprozesse bei einer<br \/>\nsogenannten <strong>Anlaufbeschriftungen<\/strong>. Auch einen Farbumschlag bei Metallen<br \/>\nerzeugen wir durch den gezielten Einsatz eines Lasers.<br \/>\nLassen Sie sich von unseren Fachleuten beraten, wenn es um eine moderne Laserbeschriftung<br \/>\ngeht. Auch besondere <strong>3D-Effekte<\/strong> wie Hologramm-Beschriftungen,<br \/>\nerzeugen wir auf Metallen, aber auch auf Halbleitern und Glasmaterialien.<\/p>\n","protected":false},"excerpt":{"rendered":"<p>Laserbeschriftung Leipzig f\u00fcr Maschinenbau und Industrie Laserbeschriftung Leipzig: Als Ihr Dienstleister f\u00fcr Markieraufgaben bieten wir Ihnen leistungsf\u00e4hige Markierlaser f\u00fcr jede Anwendung. Das macht uns zum [&hellip;]<\/p>\n","protected":false},"author":9,"featured_media":0,"parent":0,"menu_order":0,"comment_status":"closed","ping_status":"closed","template":"","meta":{"ngg_post_thumbnail":0,"footnotes":"","_links_to":"","_links_to_target":""},"class_list":["post-1725","page","type-page","status-publish","hentry"],"yoast_head":"<!-- This site is optimized with the Yoast SEO plugin v24.6 - https:\/\/yoast.com\/wordpress\/plugins\/seo\/ -->\n<title>Laserbeschriftung Leipzig | Markieraufgaben | Laserlohnfertigung<\/title>\n<meta name=\"description\" content=\"Beschriftungen und Markierungen im Maschinenbau und Industrie \u2013 wir sind Ihr Partner f\u00fcr die Laserbeschriftung f\u00fcr Leipzig und die Region.\" \/>\n<meta name=\"robots\" content=\"index, follow, max-snippet:-1, max-image-preview:large, max-video-preview:-1\" \/>\n<link rel=\"canonical\" href=\"https:\/\/form-klar.de\/agnilaser2025\/laserbeschriftung-leipzig\/\" \/>\n<meta property=\"og:locale\" content=\"de_DE\" \/>\n<meta property=\"og:type\" content=\"article\" \/>\n<meta property=\"og:title\" content=\"Laserbeschriftung Leipzig | Markieraufgaben | Laserlohnfertigung\" \/>\n<meta property=\"og:description\" content=\"Beschriftungen und Markierungen im Maschinenbau und Industrie \u2013 wir sind Ihr Partner f\u00fcr die Laserbeschriftung f\u00fcr Leipzig und die Region.\" \/>\n<meta property=\"og:url\" content=\"https:\/\/form-klar.de\/agnilaser2025\/laserbeschriftung-leipzig\/\" \/>\n<meta property=\"og:site_name\" content=\"Laserzentrum Schorcht GmbH\" \/>\n<meta property=\"og:image\" content=\"https:\/\/form-klar.de\/agnilaser2025\/wp-content\/uploads\/AdobeStock_27451579-1024x683.jpeg\" \/>\n<meta name=\"twitter:label1\" content=\"Gesch\u00e4tzte Lesezeit\" \/>\n\t<meta name=\"twitter:data1\" content=\"2\u00a0Minuten\" \/>\n<script type=\"application\/ld+json\" class=\"yoast-schema-graph\">{\"@context\":\"https:\/\/schema.org\",\"@graph\":[{\"@type\":\"WebPage\",\"@id\":\"https:\/\/form-klar.de\/agnilaser2025\/laserbeschriftung-leipzig\/\",\"url\":\"https:\/\/form-klar.de\/agnilaser2025\/laserbeschriftung-leipzig\/\",\"name\":\"Laserbeschriftung Leipzig | Markieraufgaben | Laserlohnfertigung\",\"isPartOf\":{\"@id\":\"https:\/\/form-klar.de\/agnilaser2025\/#website\"},\"primaryImageOfPage\":{\"@id\":\"https:\/\/form-klar.de\/agnilaser2025\/laserbeschriftung-leipzig\/#primaryimage\"},\"image\":{\"@id\":\"https:\/\/form-klar.de\/agnilaser2025\/laserbeschriftung-leipzig\/#primaryimage\"},\"thumbnailUrl\":\"https:\/\/form-klar.de\/agnilaser2025\/wp-content\/uploads\/AdobeStock_27451579-1024x683.jpeg\",\"datePublished\":\"2022-06-14T09:09:01+00:00\",\"description\":\"Beschriftungen und Markierungen im Maschinenbau und Industrie \u2013 wir sind Ihr Partner f\u00fcr die Laserbeschriftung f\u00fcr Leipzig und die Region.\",\"inLanguage\":\"de\",\"potentialAction\":[{\"@type\":\"ReadAction\",\"target\":[\"https:\/\/form-klar.de\/agnilaser2025\/laserbeschriftung-leipzig\/\"]}]},{\"@type\":\"ImageObject\",\"inLanguage\":\"de\",\"@id\":\"https:\/\/form-klar.de\/agnilaser2025\/laserbeschriftung-leipzig\/#primaryimage\",\"url\":\"https:\/\/form-klar.de\/agnilaser2025\/wp-content\/uploads\/AdobeStock_27451579.jpeg\",\"contentUrl\":\"https:\/\/form-klar.de\/agnilaser2025\/wp-content\/uploads\/AdobeStock_27451579.jpeg\",\"width\":1920,\"height\":1280,\"caption\":\"Laserschneiden Metall, Laserschneiden Erfurt, Laserschneiden Jena, v\"},{\"@type\":\"WebSite\",\"@id\":\"https:\/\/form-klar.de\/agnilaser2025\/#website\",\"url\":\"https:\/\/form-klar.de\/agnilaser2025\/\",\"name\":\"Laserzentrum Schorcht GmbH\",\"description\":\"\",\"potentialAction\":[{\"@type\":\"SearchAction\",\"target\":{\"@type\":\"EntryPoint\",\"urlTemplate\":\"https:\/\/form-klar.de\/agnilaser2025\/?s={search_term_string}\"},\"query-input\":{\"@type\":\"PropertyValueSpecification\",\"valueRequired\":true,\"valueName\":\"search_term_string\"}}],\"inLanguage\":\"de\"}]}<\/script>\n<!-- \/ Yoast SEO plugin. -->","yoast_head_json":{"title":"Laserbeschriftung Leipzig | Markieraufgaben | Laserlohnfertigung","description":"Beschriftungen und Markierungen im Maschinenbau und Industrie \u2013 wir sind Ihr Partner f\u00fcr die Laserbeschriftung f\u00fcr Leipzig und die Region.","robots":{"index":"index","follow":"follow","max-snippet":"max-snippet:-1","max-image-preview":"max-image-preview:large","max-video-preview":"max-video-preview:-1"},"canonical":"https:\/\/form-klar.de\/agnilaser2025\/laserbeschriftung-leipzig\/","og_locale":"de_DE","og_type":"article","og_title":"Laserbeschriftung Leipzig | Markieraufgaben | Laserlohnfertigung","og_description":"Beschriftungen und Markierungen im Maschinenbau und Industrie \u2013 wir sind Ihr Partner f\u00fcr die Laserbeschriftung f\u00fcr Leipzig und die Region.","og_url":"https:\/\/form-klar.de\/agnilaser2025\/laserbeschriftung-leipzig\/","og_site_name":"Laserzentrum Schorcht GmbH","og_image":[{"url":"https:\/\/form-klar.de\/agnilaser2025\/wp-content\/uploads\/AdobeStock_27451579-1024x683.jpeg","type":"","width":"","height":""}],"twitter_misc":{"Gesch\u00e4tzte Lesezeit":"2\u00a0Minuten"},"schema":{"@context":"https:\/\/schema.org","@graph":[{"@type":"WebPage","@id":"https:\/\/form-klar.de\/agnilaser2025\/laserbeschriftung-leipzig\/","url":"https:\/\/form-klar.de\/agnilaser2025\/laserbeschriftung-leipzig\/","name":"Laserbeschriftung Leipzig | Markieraufgaben | Laserlohnfertigung","isPartOf":{"@id":"https:\/\/form-klar.de\/agnilaser2025\/#website"},"primaryImageOfPage":{"@id":"https:\/\/form-klar.de\/agnilaser2025\/laserbeschriftung-leipzig\/#primaryimage"},"image":{"@id":"https:\/\/form-klar.de\/agnilaser2025\/laserbeschriftung-leipzig\/#primaryimage"},"thumbnailUrl":"https:\/\/form-klar.de\/agnilaser2025\/wp-content\/uploads\/AdobeStock_27451579-1024x683.jpeg","datePublished":"2022-06-14T09:09:01+00:00","description":"Beschriftungen und Markierungen im Maschinenbau und Industrie \u2013 wir sind Ihr Partner f\u00fcr die Laserbeschriftung f\u00fcr Leipzig und die Region.","inLanguage":"de","potentialAction":[{"@type":"ReadAction","target":["https:\/\/form-klar.de\/agnilaser2025\/laserbeschriftung-leipzig\/"]}]},{"@type":"ImageObject","inLanguage":"de","@id":"https:\/\/form-klar.de\/agnilaser2025\/laserbeschriftung-leipzig\/#primaryimage","url":"https:\/\/form-klar.de\/agnilaser2025\/wp-content\/uploads\/AdobeStock_27451579.jpeg","contentUrl":"https:\/\/form-klar.de\/agnilaser2025\/wp-content\/uploads\/AdobeStock_27451579.jpeg","width":1920,"height":1280,"caption":"Laserschneiden Metall, Laserschneiden Erfurt, Laserschneiden Jena, v"},{"@type":"WebSite","@id":"https:\/\/form-klar.de\/agnilaser2025\/#website","url":"https:\/\/form-klar.de\/agnilaser2025\/","name":"Laserzentrum Schorcht GmbH","description":"","potentialAction":[{"@type":"SearchAction","target":{"@type":"EntryPoint","urlTemplate":"https:\/\/form-klar.de\/agnilaser2025\/?s={search_term_string}"},"query-input":{"@type":"PropertyValueSpecification","valueRequired":true,"valueName":"search_term_string"}}],"inLanguage":"de"}]}},"_links":{"self":[{"href":"https:\/\/form-klar.de\/agnilaser2025\/wp-json\/wp\/v2\/pages\/1725","targetHints":{"allow":["GET"]}}],"collection":[{"href":"https:\/\/form-klar.de\/agnilaser2025\/wp-json\/wp\/v2\/pages"}],"about":[{"href":"https:\/\/form-klar.de\/agnilaser2025\/wp-json\/wp\/v2\/types\/page"}],"author":[{"embeddable":true,"href":"https:\/\/form-klar.de\/agnilaser2025\/wp-json\/wp\/v2\/users\/9"}],"replies":[{"embeddable":true,"href":"https:\/\/form-klar.de\/agnilaser2025\/wp-json\/wp\/v2\/comments?post=1725"}],"version-history":[{"count":0,"href":"https:\/\/form-klar.de\/agnilaser2025\/wp-json\/wp\/v2\/pages\/1725\/revisions"}],"wp:attachment":[{"href":"https:\/\/form-klar.de\/agnilaser2025\/wp-json\/wp\/v2\/media?parent=1725"}],"curies":[{"name":"wp","href":"https:\/\/api.w.org\/{rel}","templated":true}]}}