{"id":1647,"date":"2021-05-18T10:27:50","date_gmt":"2021-05-18T10:27:50","guid":{"rendered":"http:\/\/www.agnilaser.de\/?page_id=1647"},"modified":"2025-02-26T09:45:52","modified_gmt":"2025-02-26T09:45:52","slug":"laserschweissen-gera","status":"publish","type":"page","link":"https:\/\/form-klar.de\/agnilaser2025\/laserschweissen-gera\/","title":{"rendered":"Laserschwei\u00dfen Gera"},"content":{"rendered":"<h2>Unser Angebot f\u00fcr die Region Gera und dar\u00fcber hinaus: Volle Kompetenz im Laserschwei\u00dfen<\/h2>\n<p>Sie suchen einen kompetenten Partner in der Region Gera, wenn es um Laserschwei\u00dfen, Laserbohren und Laserschneiden geht? Dann nutzen Sie die <strong>Laserkompetenz von Laserzentrum Schorcht GmbH<\/strong>! Gern stellen wir Ihnen die M\u00f6glichkeiten bei uns vor? Suchen Sie zudem einen Dienstleister f\u00fcr <strong>mobiles Reparaturschwei\u00dfen<\/strong>? Dann sind Sie bei uns genau an der richtigen Adresse.<\/p>\n<h3>Unsere Leistungen f\u00fcr Sie \u2013 Muster aus Applikationslabor<\/h3>\n<div id=\"attachment_1648\" style=\"width: 310px\" class=\"wp-caption alignright\"><img decoding=\"async\" aria-describedby=\"caption-attachment-1648\" class=\"lazyload size-full wp-image-1648\" src=\"https:\/\/form-klar.de\/agnilaser2025\/wp-content\/uploads\/Laserschweissen-Gera.jpeg\" data-orig-src=\"https:\/\/form-klar.de\/agnilaser2025\/wp-content\/uploads\/Laserschweissen-Gera.jpeg\" alt=\"Laserschwei\u00dfen Gera\" width=\"300\" height=\"200\" srcset=\"data:image\/svg+xml,%3Csvg%20xmlns%3D%27http%3A%2F%2Fwww.w3.org%2F2000%2Fsvg%27%20width%3D%27300%27%20height%3D%27200%27%20viewBox%3D%270%200%20300%20200%27%3E%3Crect%20width%3D%27300%27%20height%3D%27200%27%20fill-opacity%3D%220%22%2F%3E%3C%2Fsvg%3E\" data-srcset=\"https:\/\/form-klar.de\/agnilaser2025\/wp-content\/uploads\/Laserschweissen-Gera-200x133.jpeg 200w, https:\/\/form-klar.de\/agnilaser2025\/wp-content\/uploads\/Laserschweissen-Gera.jpeg 300w\" data-sizes=\"auto\" data-orig-sizes=\"(max-width: 300px) 100vw, 300px\" \/><p id=\"caption-attachment-1648\" class=\"wp-caption-text\"><strong>Laserschwei\u00dfen Gera<\/strong><\/p><\/div>\n<p>Unsere Leistungsbereiche m\u00f6chten wir Ihnen hier gleich als erstes vorstellen. Wir \u00fcbernehmen in Ihrem Auftrag neben verschiedenen Markieraufgaben die ganze Bandbreite von Laseranwendungen. Insbesondere im Bereich <a title=\"Laserschwei\u00dfen Gera\" href=\"https:\/\/form-klar.de\/agnilaser2025\/\/lohnfertigung\/laser-schweissen-laserschweissen\/\" class=\"broken_link\"><strong>Laser Lohnfertigung<\/strong><\/a> stehen wir flexibel bereit f\u00fcr Ihre Auftr\u00e4ge. In den letzten Jahren haben wir unser Portfolio durch hohe Kompetenz bei den Beschriftungen mit dem Laser erarbeitet.<\/p>\n<p>Gern m\u00f6chten wir Ihnen unsere Serviceleistungen in diesem Bereich vorstellen. Selbstverst\u00e4ndlich nutzen wir ein <a title=\"Lasern: Unser Service f\u00fcr Sie in der Region Gera\" href=\"https:\/\/form-klar.de\/agnilaser2025\/\/service\/applikationslabor-thueringen\/\"><strong>Applikationslabor f\u00fcr Prototypen und Musterauftr\u00e4ge<\/strong><\/a>. Damit sind Sie bei jedem Auftrag auf der sicheren Seite. Hier kl\u00e4ren wir gleich die dringendsten Fragen, wie sich Beschriftungen auf Ihr gew\u00fcnschtes Material auswirken. Nutzen Sie unseren kompetenten Service. Beispielsweise erstellen wir Schliffbilder und bieten Aufnahmen aus dem Mikroskop an.<\/p>\n<h3>Gro\u00dfe Bandbreite beim Schwei\u00dfen \u2013 Fl\u00e4chenauftr\u00e4ge mit dem Laser<\/h3>\n<p>Als Unternehmen bieten wir Ihnen hier in der Region um Gera die Power von insgesamt 14 Laseranlagen an. Damit decken wir die gesamte Bandbreite an Leistungen ab \u2013 <strong>vom Laserschwei\u00dfen bis zum Bohren mit dem Laser<\/strong>. Wir arbeiten auch mit dem Einsatz von Zusatzdraht beim Schwei\u00dfen mit dem Laser. Das erm\u00f6glicht uns die Instandsetzung von Bauteilen mit dem <strong>Laserauftragsschwei\u00dfen<\/strong>. Wir realisieren dabei zudem Fl\u00e4chenauftr\u00e4ge entsprechend dem Drahtdurchmesser \u2013 stets fehlerfrei. Fragen? Unsere Experten stehen f\u00fcr ein Beratungsgespr\u00e4ch auch gern am Telefon bereit.<\/p>\n<h3>Laserschwei\u00dfen Gera: Hohe Genauigkeit und geringer Verzug<\/h3>\n<p>Ob Schwei\u00dfen im Lohn oder komplexer Auftrag: Jeder Schwei\u00dfpunkt wird mit h\u00f6chster Genauigkeit streng nach Ma\u00df realisiert. Oft sind sehr&nbsp;<strong>feine Nahtgeometrien<\/strong> gefragt. Hier arbeiten wir auch mit hohen Schwei\u00dfgeschwindigkeiten. Ob mit Laserimpulsen oder im Dauerstrichbetrieb \u2013 wir erf\u00fcllen dabei Ihre Anforderungen an die k\u00fcnftige Zugfestigkeit der Bauteile! Fragen Sie uns zudem auch zum <strong>Rohr- und Profilschwei\u00dfen<\/strong>. Wir sichern auch in diesem Bereich mit unserer Kompetenz einen sehr geringen Verzug Ihrer Teile.<\/p>\n<p><strong>Ihr Telefon-Kontakt zu Laserzentrum Schorcht GmbH:<\/strong>&nbsp;\u260e\ufe0f <a title=\"Telefon: Laserzentrum Schorcht\" href=\"tel:+493669186010\"><strong>+49 (0)36691 8601-0<\/strong><\/a> oder aber Ihr <strong>Kontakt zu uns \u00fcber das Kontaktformular<\/strong>.<\/p>\n","protected":false},"excerpt":{"rendered":"<p>Unser Angebot f\u00fcr die Region Gera und dar\u00fcber hinaus: Volle Kompetenz im Laserschwei\u00dfen Sie suchen einen kompetenten Partner in der Region Gera, wenn es um [&hellip;]<\/p>\n","protected":false},"author":10,"featured_media":0,"parent":0,"menu_order":0,"comment_status":"closed","ping_status":"closed","template":"","meta":{"ngg_post_thumbnail":0,"footnotes":"","_links_to":"","_links_to_target":""},"class_list":["post-1647","page","type-page","status-publish","hentry"],"yoast_head":"<!-- This site is optimized with the Yoast SEO plugin v24.6 - https:\/\/yoast.com\/wordpress\/plugins\/seo\/ -->\n<title>Laserschwei\u00dfen Gera | Innovativ | Preiswert | Lohnfertigung<\/title>\n<meta name=\"description\" content=\"Sie suchen ein Unternehmen f\u00fcr Laserschwei\u00dfen in der Region Gera? \u2705 Wir bieten volle Laserkompetenz und strikte Kundenorientierung in der Lohnfertigung. \u2705\" \/>\n<meta name=\"robots\" content=\"index, follow, max-snippet:-1, max-image-preview:large, max-video-preview:-1\" \/>\n<link rel=\"canonical\" href=\"https:\/\/form-klar.de\/agnilaser2025\/laserschweissen-gera\/\" \/>\n<meta property=\"og:locale\" content=\"de_DE\" \/>\n<meta property=\"og:type\" content=\"article\" \/>\n<meta property=\"og:title\" content=\"Laserschwei\u00dfen Gera | Innovativ | Preiswert | Lohnfertigung\" \/>\n<meta property=\"og:description\" content=\"Sie suchen ein Unternehmen f\u00fcr Laserschwei\u00dfen in der Region Gera? \u2705 Wir bieten volle Laserkompetenz und strikte Kundenorientierung in der Lohnfertigung. \u2705\" \/>\n<meta property=\"og:url\" content=\"https:\/\/form-klar.de\/agnilaser2025\/laserschweissen-gera\/\" \/>\n<meta property=\"og:site_name\" content=\"Laserzentrum Schorcht GmbH\" \/>\n<meta property=\"article:modified_time\" content=\"2025-02-26T09:45:52+00:00\" \/>\n<meta property=\"og:image\" content=\"https:\/\/form-klar.de\/agnilaser2025\/wp-content\/uploads\/Laserschweissen-Gera.jpeg\" \/>\n<meta name=\"twitter:label1\" content=\"Gesch\u00e4tzte Lesezeit\" \/>\n\t<meta name=\"twitter:data1\" content=\"2\u00a0Minuten\" \/>\n<script type=\"application\/ld+json\" class=\"yoast-schema-graph\">{\"@context\":\"https:\/\/schema.org\",\"@graph\":[{\"@type\":\"WebPage\",\"@id\":\"https:\/\/form-klar.de\/agnilaser2025\/laserschweissen-gera\/\",\"url\":\"https:\/\/form-klar.de\/agnilaser2025\/laserschweissen-gera\/\",\"name\":\"Laserschwei\u00dfen Gera | Innovativ | Preiswert | Lohnfertigung\",\"isPartOf\":{\"@id\":\"https:\/\/form-klar.de\/agnilaser2025\/#website\"},\"primaryImageOfPage\":{\"@id\":\"https:\/\/form-klar.de\/agnilaser2025\/laserschweissen-gera\/#primaryimage\"},\"image\":{\"@id\":\"https:\/\/form-klar.de\/agnilaser2025\/laserschweissen-gera\/#primaryimage\"},\"thumbnailUrl\":\"https:\/\/form-klar.de\/agnilaser2025\/wp-content\/uploads\/Laserschweissen-Gera.jpeg\",\"datePublished\":\"2021-05-18T10:27:50+00:00\",\"dateModified\":\"2025-02-26T09:45:52+00:00\",\"description\":\"Sie suchen ein Unternehmen f\u00fcr Laserschwei\u00dfen in der Region Gera? \u2705 Wir bieten volle Laserkompetenz und strikte Kundenorientierung in der Lohnfertigung. \u2705\",\"inLanguage\":\"de\",\"potentialAction\":[{\"@type\":\"ReadAction\",\"target\":[\"https:\/\/form-klar.de\/agnilaser2025\/laserschweissen-gera\/\"]}]},{\"@type\":\"ImageObject\",\"inLanguage\":\"de\",\"@id\":\"https:\/\/form-klar.de\/agnilaser2025\/laserschweissen-gera\/#primaryimage\",\"url\":\"https:\/\/form-klar.de\/agnilaser2025\/wp-content\/uploads\/Laserschweissen-Gera.jpeg\",\"contentUrl\":\"https:\/\/form-klar.de\/agnilaser2025\/wp-content\/uploads\/Laserschweissen-Gera.jpeg\",\"width\":300,\"height\":200,\"caption\":\"Laserschwei\u00dfen Gera\"},{\"@type\":\"WebSite\",\"@id\":\"https:\/\/form-klar.de\/agnilaser2025\/#website\",\"url\":\"https:\/\/form-klar.de\/agnilaser2025\/\",\"name\":\"Laserzentrum Schorcht GmbH\",\"description\":\"\",\"potentialAction\":[{\"@type\":\"SearchAction\",\"target\":{\"@type\":\"EntryPoint\",\"urlTemplate\":\"https:\/\/form-klar.de\/agnilaser2025\/?s={search_term_string}\"},\"query-input\":{\"@type\":\"PropertyValueSpecification\",\"valueRequired\":true,\"valueName\":\"search_term_string\"}}],\"inLanguage\":\"de\"}]}<\/script>\n<!-- \/ Yoast SEO plugin. -->","yoast_head_json":{"title":"Laserschwei\u00dfen Gera | Innovativ | Preiswert | Lohnfertigung","description":"Sie suchen ein Unternehmen f\u00fcr Laserschwei\u00dfen in der Region Gera? \u2705 Wir bieten volle Laserkompetenz und strikte Kundenorientierung in der Lohnfertigung. \u2705","robots":{"index":"index","follow":"follow","max-snippet":"max-snippet:-1","max-image-preview":"max-image-preview:large","max-video-preview":"max-video-preview:-1"},"canonical":"https:\/\/form-klar.de\/agnilaser2025\/laserschweissen-gera\/","og_locale":"de_DE","og_type":"article","og_title":"Laserschwei\u00dfen Gera | Innovativ | Preiswert | Lohnfertigung","og_description":"Sie suchen ein Unternehmen f\u00fcr Laserschwei\u00dfen in der Region Gera? \u2705 Wir bieten volle Laserkompetenz und strikte Kundenorientierung in der Lohnfertigung. \u2705","og_url":"https:\/\/form-klar.de\/agnilaser2025\/laserschweissen-gera\/","og_site_name":"Laserzentrum Schorcht GmbH","article_modified_time":"2025-02-26T09:45:52+00:00","og_image":[{"url":"https:\/\/form-klar.de\/agnilaser2025\/wp-content\/uploads\/Laserschweissen-Gera.jpeg","type":"","width":"","height":""}],"twitter_misc":{"Gesch\u00e4tzte Lesezeit":"2\u00a0Minuten"},"schema":{"@context":"https:\/\/schema.org","@graph":[{"@type":"WebPage","@id":"https:\/\/form-klar.de\/agnilaser2025\/laserschweissen-gera\/","url":"https:\/\/form-klar.de\/agnilaser2025\/laserschweissen-gera\/","name":"Laserschwei\u00dfen Gera | Innovativ | Preiswert | Lohnfertigung","isPartOf":{"@id":"https:\/\/form-klar.de\/agnilaser2025\/#website"},"primaryImageOfPage":{"@id":"https:\/\/form-klar.de\/agnilaser2025\/laserschweissen-gera\/#primaryimage"},"image":{"@id":"https:\/\/form-klar.de\/agnilaser2025\/laserschweissen-gera\/#primaryimage"},"thumbnailUrl":"https:\/\/form-klar.de\/agnilaser2025\/wp-content\/uploads\/Laserschweissen-Gera.jpeg","datePublished":"2021-05-18T10:27:50+00:00","dateModified":"2025-02-26T09:45:52+00:00","description":"Sie suchen ein Unternehmen f\u00fcr Laserschwei\u00dfen in der Region Gera? \u2705 Wir bieten volle Laserkompetenz und strikte Kundenorientierung in der Lohnfertigung. \u2705","inLanguage":"de","potentialAction":[{"@type":"ReadAction","target":["https:\/\/form-klar.de\/agnilaser2025\/laserschweissen-gera\/"]}]},{"@type":"ImageObject","inLanguage":"de","@id":"https:\/\/form-klar.de\/agnilaser2025\/laserschweissen-gera\/#primaryimage","url":"https:\/\/form-klar.de\/agnilaser2025\/wp-content\/uploads\/Laserschweissen-Gera.jpeg","contentUrl":"https:\/\/form-klar.de\/agnilaser2025\/wp-content\/uploads\/Laserschweissen-Gera.jpeg","width":300,"height":200,"caption":"Laserschwei\u00dfen Gera"},{"@type":"WebSite","@id":"https:\/\/form-klar.de\/agnilaser2025\/#website","url":"https:\/\/form-klar.de\/agnilaser2025\/","name":"Laserzentrum Schorcht GmbH","description":"","potentialAction":[{"@type":"SearchAction","target":{"@type":"EntryPoint","urlTemplate":"https:\/\/form-klar.de\/agnilaser2025\/?s={search_term_string}"},"query-input":{"@type":"PropertyValueSpecification","valueRequired":true,"valueName":"search_term_string"}}],"inLanguage":"de"}]}},"_links":{"self":[{"href":"https:\/\/form-klar.de\/agnilaser2025\/wp-json\/wp\/v2\/pages\/1647","targetHints":{"allow":["GET"]}}],"collection":[{"href":"https:\/\/form-klar.de\/agnilaser2025\/wp-json\/wp\/v2\/pages"}],"about":[{"href":"https:\/\/form-klar.de\/agnilaser2025\/wp-json\/wp\/v2\/types\/page"}],"author":[{"embeddable":true,"href":"https:\/\/form-klar.de\/agnilaser2025\/wp-json\/wp\/v2\/users\/10"}],"replies":[{"embeddable":true,"href":"https:\/\/form-klar.de\/agnilaser2025\/wp-json\/wp\/v2\/comments?post=1647"}],"version-history":[{"count":1,"href":"https:\/\/form-klar.de\/agnilaser2025\/wp-json\/wp\/v2\/pages\/1647\/revisions"}],"predecessor-version":[{"id":4441,"href":"https:\/\/form-klar.de\/agnilaser2025\/wp-json\/wp\/v2\/pages\/1647\/revisions\/4441"}],"wp:attachment":[{"href":"https:\/\/form-klar.de\/agnilaser2025\/wp-json\/wp\/v2\/media?parent=1647"}],"curies":[{"name":"wp","href":"https:\/\/api.w.org\/{rel}","templated":true}]}}