{"id":1618,"date":"2021-03-11T16:49:40","date_gmt":"2021-03-11T16:49:40","guid":{"rendered":"http:\/\/www.agnilaser.de\/?page_id=1618"},"modified":"2025-02-26T09:45:51","modified_gmt":"2025-02-26T09:45:51","slug":"laserschweissen-leipzig","status":"publish","type":"page","link":"https:\/\/form-klar.de\/agnilaser2025\/laserschweissen-leipzig\/","title":{"rendered":"Laserschwei\u00dfen Leipzig"},"content":{"rendered":"<h2>Laserzentrum Schorcht GmbH ist Ihr agiler Partner f\u00fcr Auftr\u00e4ge im Laserschwei\u00dfen<\/h2>\n<div id=\"attachment_1222\" style=\"width: 310px\" class=\"wp-caption alignright\"><img class=\"lazyload\" decoding=\"async\" aria-describedby=\"caption-attachment-1222\" src=\"data:image\/svg+xml,%3Csvg%20xmlns%3D%27http%3A%2F%2Fwww.w3.org%2F2000%2Fsvg%27%20width%3D%27300%27%20height%3D%27200%27%20viewBox%3D%270%200%20300%20200%27%3E%3Crect%20width%3D%27300%27%20height%3D%27200%27%20fill-opacity%3D%220%22%2F%3E%3C%2Fsvg%3E\" data-orig-src=\"https:\/\/form-klar.de\/agnilaser2025\/wp-content\/uploads\/AdobeStock_53274620-300x200.jpeg\" alt=\"Laserschwei\u00dfen Leipzig | Laserschwei\u00dfen Metalle, Dienstleister f\u00fcr Laserschwei\u00dfen\" width=\"300\" height=\"200\"><p id=\"caption-attachment-1222\" class=\"wp-caption-text\"><strong>Laserschwei\u00dfen Leipzig<\/strong><\/p><\/div>\n<p>Achtung, Unternehmen aus Leipzig, <a title=\"Laserschwei\u00dfen und mehr - Leipzig\" href=\"https:\/\/form-klar.de\/agnilaser2025\/\/lohnfertigung\/laser-schweissen-laserschweissen\/\" class=\"broken_link\"><strong> Laseranwendungen<\/strong><\/a> wie Laserschwei\u00dfen am besten hier beauftragen! Sie m\u00f6chten einen agilen Partner, der aber gleichzeitig \u00fcber 20 Jahre Erfahrung mitbringt? Dann setzen Sie auf den Service. Buchen Sie bei uns die Leistung <strong>Laserschwei\u00dfen<\/strong> f\u00fcr Ihre Kleinserie oder Ihren Prototyp.<\/p>\n<h3>H\u00f6chste Pr\u00e4zision aber auch Schnelligkeit \u2013 daf\u00fcr sind wir in der Region Leipzig der richtige Partner<\/h3>\n<p>Wir arbeiten immer schnell, stets zuverl\u00e4ssig und \u00fcberdies mit h\u00f6chster Pr\u00e4zision. Gut ger\u00fcstet f\u00fcr alle Eventualit\u00e4ten sichern wir Ihre Produktentwicklung aber auch Kleinserien in Ihrem Auftrag. In der Region Leipzig arbeiten wir seit Jahren erfolgreich mit unterschiedlichen Branchen zusammen. Wir w\u00fcrden uns freuen, wenn Sie zu unseren n\u00e4chsten guten Kunden geh\u00f6ren.<\/p>\n<h3>Moderner Maschinenpark f\u00fcr Laserschwei\u00dfen, Laserschneiden und Markieraufgaben<\/h3>\n<p>Nutzen Sie <a title=\"Lohnfertigung Laserschwei\u00dfen Leipzig\" href=\"https:\/\/form-klar.de\/agnilaser2025\/\/lohnfertigung\/\"><strong>Bandbreite und Modernit\u00e4t unseres Maschinenparks<\/strong><\/a>! Neben dem Laserschwei\u00dfen sind wir auf verschiedene andere Arbeitsschritte gut vorbereitet. Besonders ans Herz legen m\u00f6chten wir Ihnen die Leistungen der Laserschwei\u00dftechnik im Bereich Laserlohnfertigung.<\/p>\n<h3>Fokus auf Lohnfertigung: Effektiv f\u00fcr unsere Partnerunternehmen<\/h3>\n<p>Unser Fokus liegt seit einigen Jahren auch auf der Laser Lohnfertigung. Besonderen Stellenwert legen wir neben dem Laserschwei\u00dfen auf weitere Formen der Laser-Materialbearbeitung, die bei <strong>Markieraufgaben<\/strong> notwendig werden. F\u00fcr nahezu jede Beschriftung haben wir das passende Lasersystem. Nat\u00fcrlich bieten wir Ihnen die Leistungen Laserschwei\u00dfen und Laser-Markierung auch in der Kombination an. Wir arbeiten auch hier in gewohnter Schnelligkeit. Dar\u00fcber hinaus werden <strong>Laserbeschriftungen<\/strong> automatisiert erstellt und trotzdem f\u00fcr jeden Kunden individuell.<\/p>\n<h3>Nehmen Sie Kontakt mit uns auf \u2013 profitieren Sie von unserem pers\u00f6nlichen Service auch im Bereich Prototypen und Muster<\/h3>\n<p>Ihr Unternehmen sitzt in Leipzig? Oder suchen Sie einen Partner im Lohn in der Region Leipzig? Wir reagieren besonders schnell und effektiv auf Ihre Anfrage. Der schnellste Weg zu uns ist per mail oder Telefon. Wir schlagen Ihnen einen bestimmten Laser f\u00fcr Ihre Anforderungen vor. Auch der Energieeinsatz wird genau auf Aufgabe und Material angepasst. Damit alles genau stimmt, stellen wir hier in der Region Leipzig durch unser&nbsp;<strong>Applikationslabor<\/strong> stets verschiedene Muster zur Verf\u00fcgung.<\/p>\n<p><strong>Ihr Telefon-Kontakt zu Laserzentrum Schorcht GmbH:<\/strong>&nbsp;\u260e\ufe0f <a title=\"Telefon: Laserzentrum Schorcht\" href=\"tel:+493669186010\"><strong>+49 (0)36691 8601-0<\/strong><\/a> oder aber Ihr <strong>Kontakt zu uns \u00fcber das Kontaktformular<\/strong>.<\/p>\n","protected":false},"excerpt":{"rendered":"<p>Laserzentrum Schorcht GmbH ist Ihr agiler Partner f\u00fcr Auftr\u00e4ge im Laserschwei\u00dfen Achtung, Unternehmen aus Leipzig, Laseranwendungen wie Laserschwei\u00dfen am besten hier beauftragen! Sie m\u00f6chten einen [&hellip;]<\/p>\n","protected":false},"author":10,"featured_media":0,"parent":0,"menu_order":0,"comment_status":"closed","ping_status":"closed","template":"","meta":{"ngg_post_thumbnail":0,"footnotes":"","_links_to":"","_links_to_target":""},"class_list":["post-1618","page","type-page","status-publish","hentry"],"yoast_head":"<!-- This site is optimized with the Yoast SEO plugin v24.6 - https:\/\/yoast.com\/wordpress\/plugins\/seo\/ -->\n<title>Laserschwei\u00dfen Leipzig von Laserzentrum Schorcht GmbH | Laserlohnfertigung<\/title>\n<meta name=\"description\" content=\"Unsere Leistungen f\u00fcr Leipzig und Umgebung: Laserschwei\u00dfen \u2705 Laserbohren \u2705 Lasergravieren \u2705 Laserschneiden \u2705 Reparaturschwei\u00dfen \u2705\" \/>\n<meta name=\"robots\" content=\"index, follow, max-snippet:-1, max-image-preview:large, max-video-preview:-1\" \/>\n<link rel=\"canonical\" href=\"https:\/\/form-klar.de\/agnilaser2025\/laserschweissen-leipzig\/\" \/>\n<meta property=\"og:locale\" content=\"de_DE\" \/>\n<meta property=\"og:type\" content=\"article\" \/>\n<meta property=\"og:title\" content=\"Laserschwei\u00dfen Leipzig von Laserzentrum Schorcht GmbH | Laserlohnfertigung\" \/>\n<meta property=\"og:description\" content=\"Unsere Leistungen f\u00fcr Leipzig und Umgebung: Laserschwei\u00dfen \u2705 Laserbohren \u2705 Lasergravieren \u2705 Laserschneiden \u2705 Reparaturschwei\u00dfen \u2705\" \/>\n<meta property=\"og:url\" content=\"https:\/\/form-klar.de\/agnilaser2025\/laserschweissen-leipzig\/\" \/>\n<meta property=\"og:site_name\" content=\"Laserzentrum Schorcht GmbH\" \/>\n<meta property=\"article:modified_time\" content=\"2025-02-26T09:45:51+00:00\" \/>\n<meta property=\"og:image\" content=\"https:\/\/form-klar.de\/agnilaser2025\/wp-content\/uploads\/AdobeStock_53274620-300x200.jpeg\" \/>\n<meta name=\"twitter:label1\" content=\"Gesch\u00e4tzte Lesezeit\" \/>\n\t<meta name=\"twitter:data1\" content=\"2\u00a0Minuten\" \/>\n<script type=\"application\/ld+json\" class=\"yoast-schema-graph\">{\"@context\":\"https:\/\/schema.org\",\"@graph\":[{\"@type\":\"WebPage\",\"@id\":\"https:\/\/form-klar.de\/agnilaser2025\/laserschweissen-leipzig\/\",\"url\":\"https:\/\/form-klar.de\/agnilaser2025\/laserschweissen-leipzig\/\",\"name\":\"Laserschwei\u00dfen Leipzig von Laserzentrum Schorcht GmbH | Laserlohnfertigung\",\"isPartOf\":{\"@id\":\"https:\/\/form-klar.de\/agnilaser2025\/#website\"},\"primaryImageOfPage\":{\"@id\":\"https:\/\/form-klar.de\/agnilaser2025\/laserschweissen-leipzig\/#primaryimage\"},\"image\":{\"@id\":\"https:\/\/form-klar.de\/agnilaser2025\/laserschweissen-leipzig\/#primaryimage\"},\"thumbnailUrl\":\"https:\/\/form-klar.de\/agnilaser2025\/wp-content\/uploads\/AdobeStock_53274620-300x200.jpeg\",\"datePublished\":\"2021-03-11T16:49:40+00:00\",\"dateModified\":\"2025-02-26T09:45:51+00:00\",\"description\":\"Unsere Leistungen f\u00fcr Leipzig und Umgebung: Laserschwei\u00dfen \u2705 Laserbohren \u2705 Lasergravieren \u2705 Laserschneiden \u2705 Reparaturschwei\u00dfen \u2705\",\"inLanguage\":\"de\",\"potentialAction\":[{\"@type\":\"ReadAction\",\"target\":[\"https:\/\/form-klar.de\/agnilaser2025\/laserschweissen-leipzig\/\"]}]},{\"@type\":\"ImageObject\",\"inLanguage\":\"de\",\"@id\":\"https:\/\/form-klar.de\/agnilaser2025\/laserschweissen-leipzig\/#primaryimage\",\"url\":\"https:\/\/form-klar.de\/agnilaser2025\/wp-content\/uploads\/AdobeStock_53274620.jpeg\",\"contentUrl\":\"https:\/\/form-klar.de\/agnilaser2025\/wp-content\/uploads\/AdobeStock_53274620.jpeg\",\"width\":1920,\"height\":1278},{\"@type\":\"WebSite\",\"@id\":\"https:\/\/form-klar.de\/agnilaser2025\/#website\",\"url\":\"https:\/\/form-klar.de\/agnilaser2025\/\",\"name\":\"Laserzentrum Schorcht GmbH\",\"description\":\"\",\"potentialAction\":[{\"@type\":\"SearchAction\",\"target\":{\"@type\":\"EntryPoint\",\"urlTemplate\":\"https:\/\/form-klar.de\/agnilaser2025\/?s={search_term_string}\"},\"query-input\":{\"@type\":\"PropertyValueSpecification\",\"valueRequired\":true,\"valueName\":\"search_term_string\"}}],\"inLanguage\":\"de\"}]}<\/script>\n<!-- \/ Yoast SEO plugin. -->","yoast_head_json":{"title":"Laserschwei\u00dfen Leipzig von Laserzentrum Schorcht GmbH | Laserlohnfertigung","description":"Unsere Leistungen f\u00fcr Leipzig und Umgebung: Laserschwei\u00dfen \u2705 Laserbohren \u2705 Lasergravieren \u2705 Laserschneiden \u2705 Reparaturschwei\u00dfen \u2705","robots":{"index":"index","follow":"follow","max-snippet":"max-snippet:-1","max-image-preview":"max-image-preview:large","max-video-preview":"max-video-preview:-1"},"canonical":"https:\/\/form-klar.de\/agnilaser2025\/laserschweissen-leipzig\/","og_locale":"de_DE","og_type":"article","og_title":"Laserschwei\u00dfen Leipzig von Laserzentrum Schorcht GmbH | Laserlohnfertigung","og_description":"Unsere Leistungen f\u00fcr Leipzig und Umgebung: Laserschwei\u00dfen \u2705 Laserbohren \u2705 Lasergravieren \u2705 Laserschneiden \u2705 Reparaturschwei\u00dfen \u2705","og_url":"https:\/\/form-klar.de\/agnilaser2025\/laserschweissen-leipzig\/","og_site_name":"Laserzentrum Schorcht GmbH","article_modified_time":"2025-02-26T09:45:51+00:00","og_image":[{"url":"https:\/\/form-klar.de\/agnilaser2025\/wp-content\/uploads\/AdobeStock_53274620-300x200.jpeg","type":"","width":"","height":""}],"twitter_misc":{"Gesch\u00e4tzte Lesezeit":"2\u00a0Minuten"},"schema":{"@context":"https:\/\/schema.org","@graph":[{"@type":"WebPage","@id":"https:\/\/form-klar.de\/agnilaser2025\/laserschweissen-leipzig\/","url":"https:\/\/form-klar.de\/agnilaser2025\/laserschweissen-leipzig\/","name":"Laserschwei\u00dfen Leipzig von Laserzentrum Schorcht GmbH | Laserlohnfertigung","isPartOf":{"@id":"https:\/\/form-klar.de\/agnilaser2025\/#website"},"primaryImageOfPage":{"@id":"https:\/\/form-klar.de\/agnilaser2025\/laserschweissen-leipzig\/#primaryimage"},"image":{"@id":"https:\/\/form-klar.de\/agnilaser2025\/laserschweissen-leipzig\/#primaryimage"},"thumbnailUrl":"https:\/\/form-klar.de\/agnilaser2025\/wp-content\/uploads\/AdobeStock_53274620-300x200.jpeg","datePublished":"2021-03-11T16:49:40+00:00","dateModified":"2025-02-26T09:45:51+00:00","description":"Unsere Leistungen f\u00fcr Leipzig und Umgebung: Laserschwei\u00dfen \u2705 Laserbohren \u2705 Lasergravieren \u2705 Laserschneiden \u2705 Reparaturschwei\u00dfen \u2705","inLanguage":"de","potentialAction":[{"@type":"ReadAction","target":["https:\/\/form-klar.de\/agnilaser2025\/laserschweissen-leipzig\/"]}]},{"@type":"ImageObject","inLanguage":"de","@id":"https:\/\/form-klar.de\/agnilaser2025\/laserschweissen-leipzig\/#primaryimage","url":"https:\/\/form-klar.de\/agnilaser2025\/wp-content\/uploads\/AdobeStock_53274620.jpeg","contentUrl":"https:\/\/form-klar.de\/agnilaser2025\/wp-content\/uploads\/AdobeStock_53274620.jpeg","width":1920,"height":1278},{"@type":"WebSite","@id":"https:\/\/form-klar.de\/agnilaser2025\/#website","url":"https:\/\/form-klar.de\/agnilaser2025\/","name":"Laserzentrum Schorcht GmbH","description":"","potentialAction":[{"@type":"SearchAction","target":{"@type":"EntryPoint","urlTemplate":"https:\/\/form-klar.de\/agnilaser2025\/?s={search_term_string}"},"query-input":{"@type":"PropertyValueSpecification","valueRequired":true,"valueName":"search_term_string"}}],"inLanguage":"de"}]}},"_links":{"self":[{"href":"https:\/\/form-klar.de\/agnilaser2025\/wp-json\/wp\/v2\/pages\/1618","targetHints":{"allow":["GET"]}}],"collection":[{"href":"https:\/\/form-klar.de\/agnilaser2025\/wp-json\/wp\/v2\/pages"}],"about":[{"href":"https:\/\/form-klar.de\/agnilaser2025\/wp-json\/wp\/v2\/types\/page"}],"author":[{"embeddable":true,"href":"https:\/\/form-klar.de\/agnilaser2025\/wp-json\/wp\/v2\/users\/10"}],"replies":[{"embeddable":true,"href":"https:\/\/form-klar.de\/agnilaser2025\/wp-json\/wp\/v2\/comments?post=1618"}],"version-history":[{"count":1,"href":"https:\/\/form-klar.de\/agnilaser2025\/wp-json\/wp\/v2\/pages\/1618\/revisions"}],"predecessor-version":[{"id":4439,"href":"https:\/\/form-klar.de\/agnilaser2025\/wp-json\/wp\/v2\/pages\/1618\/revisions\/4439"}],"wp:attachment":[{"href":"https:\/\/form-klar.de\/agnilaser2025\/wp-json\/wp\/v2\/media?parent=1618"}],"curies":[{"name":"wp","href":"https:\/\/api.w.org\/{rel}","templated":true}]}}