{"id":1611,"date":"2021-02-01T10:31:04","date_gmt":"2021-02-01T10:31:04","guid":{"rendered":"http:\/\/www.agnilaser.de\/?page_id=1611"},"modified":"2021-02-01T10:31:04","modified_gmt":"2021-02-01T10:31:04","slug":"laserschneiden-gera","status":"publish","type":"page","link":"https:\/\/form-klar.de\/agnilaser2025\/laserschneiden-gera\/","title":{"rendered":"Laserschneiden Gera"},"content":{"rendered":"<h2>Laserschneiden \u2013 mehr Informationen vom Experten f\u00fcr die Region Gera<\/h2>\n<div id=\"attachment_1221\" style=\"width: 310px\" class=\"wp-caption alignright\"><img decoding=\"async\" aria-describedby=\"caption-attachment-1221\" class=\"lazyload wp-image-1221 size-medium\" src=\"data:image\/svg+xml,%3Csvg%20xmlns%3D%27http%3A%2F%2Fwww.w3.org%2F2000%2Fsvg%27%20width%3D%27300%27%20height%3D%27200%27%20viewBox%3D%270%200%20300%20200%27%3E%3Crect%20width%3D%27300%27%20height%3D%27200%27%20fill-opacity%3D%220%22%2F%3E%3C%2Fsvg%3E\" data-orig-src=\"https:\/\/form-klar.de\/agnilaser2025\/wp-content\/uploads\/AdobeStock_27451579-300x200.jpeg\" alt=\"Laserschneiden Metall, Laserschneiden Erfurt, Laserschneiden Jena, Laserschneiden Gera\" width=\"300\" height=\"200\"><p id=\"caption-attachment-1221\" class=\"wp-caption-text\">Laserschneiden Gera<\/p><\/div>\n<p>Sie suchen einen zuverl\u00e4ssigen Experten f\u00fcr Laserlohnfertigung? Wir bei Laserzentrum Schorcht GmbH bieten Ihnen <a title=\"Kompetenz im Laserschneiden Gera\" href=\"https:\/\/form-klar.de\/agnilaser2025\/\/lohnfertigung\/\"><strong>kompetente Beratung<\/strong><\/a> sowie einen umfangreichen Service. Unsere langj\u00e4hrige Erfahrung in der Materialbearbeitung und unsere hochmoderne Ausstattung machen uns zu Ihrem idealen Partner. Erfahren Sie hier, warum Sie auf Laserzentrum Schorcht GmbH setzen sollten und welche Leistungen wir Ihnen bieten.<\/p>\n<h3>Laserzentrum Schorcht GmbH als kompetenter Partner in der Laserlohnfertigung<\/h3>\n<p>Laserzentrum Schorcht GmbH arbeitet bereits seit 2006 als eigenst\u00e4ndiges Unternehmen im Bereich der Laserlohnfertigung. Da wir aber bereits vorher Teil des Laserzentrums Schorcht in Gera waren, blicken wir auf eine erfolgreiche Geschichte von mehr als 20 Jahren zur\u00fcck. Nicht nur der dadurch gewonnene Erfahrungsschatz hilft uns bis heute bei der kompetenten Umsetzung von Auftr\u00e4gen aller Art. Durch die nach wie vor enge Zusammenarbeit mit dem Laserzentrum Schorcht haben wir Zugriff auf zahlreiche <strong>leistungsstarke Laseranlagen<\/strong>. Als Ihr erfahrener Partner im Bereich der Laserlohnfertigung garantieren wir stets h\u00f6chste Qualit\u00e4t und realisieren Ihr Vorhaben ganz nach Ihren Vorstellungen.<\/p>\n<h3>F\u00fcr Gera und Umgebung: Hochpr\u00e4zises Laserschneiden ganz nach Ihren W\u00fcnschen<\/h3>\n<p>In erster Linie gelten wir in Gera als ausgewiesener <strong>Experte f\u00fcr das Laserschneiden<\/strong>. Unsere Kunden sch\u00e4tzen sowohl die Qualit\u00e4t als auch die Wirtschaftlichkeit unserer Arbeit. So beherrschen wir das Laserschneideverfahren sowohl f\u00fcr 2D- als auch 3D-Modelle auf h\u00f6chstem Niveau. Der Einsatz hochmoderner Technik erlaubt es uns, <a title=\"Laserschneiden - wir beraten Sie gern\" href=\"https:\/\/form-klar.de\/agnilaser2025\/\/kontakt\/ansprechpartner-Laserzentrum Schorcht GmbH\/\" class=\"broken_link\"><strong>qualitativ hochwertige Zuschnitte<\/strong><\/a> zu g\u00fcnstigen Preisen anzubieten. Unter anderem kommen dabei unsere CO2- Hochleistungslaser zum Einsatz. Ferner verf\u00fcgen wir \u00fcber die neuesten Faserlaser. Zudem bedienen wir auch Kleinstformate. Beim sogenannten Mikroschneiden setzen unsere Ingenieure Nd: YAG-Laser ein.<\/p>\n<h3>Weitere Leistungen von Laserzentrum Schorcht GmbH<\/h3>\n<p>Neben dem Laserschneiden f\u00fcr unterschiedliche Metalle umfasst unser Service im Bereich der Laserlohnfertigung noch zahlreiche weitere Leistungen. Zum Beispiel bieten wir Ihnen<strong>Lasergravuren f\u00fcr f\u00e4lschungssichere Beschriftungen<\/strong> und Markierungen an. Sollten Sie komplexe Konstruktionen ben\u00f6tigen, sind wir in der Lage einzelne Bauteile mittels <strong>Laserschwei\u00dfen<\/strong> qualitativ hochwertig zusammenzusetzen. Auch <strong>hochpr\u00e4zise Bohrungen<\/strong> ohne direkten Kontakt zum jeweiligen Bauteil f\u00fchren wir aus. Hierf\u00fcr setzen wir auf die sogenannte Laserbohrung, mit der selbst h\u00e4rteste Metalle bearbeitet werden k\u00f6nnen.<\/p>\n<p><strong>Ihr Kontakt zu Laserzentrum Schorcht GmbH:<\/strong>&nbsp;\u260e\ufe0f <a title=\"Telefon: Laserzentrum Schorcht\" href=\"tel:+493669186010\"><strong>+49 (0)36691 8601-0<\/strong><\/a><\/p>\n","protected":false},"excerpt":{"rendered":"<p>Laserschneiden \u2013 mehr Informationen vom Experten f\u00fcr die Region Gera Sie suchen einen zuverl\u00e4ssigen Experten f\u00fcr Laserlohnfertigung? Wir bei Laserzentrum Schorcht GmbH bieten Ihnen kompetente [&hellip;]<\/p>\n","protected":false},"author":10,"featured_media":0,"parent":0,"menu_order":0,"comment_status":"closed","ping_status":"closed","template":"","meta":{"ngg_post_thumbnail":0,"footnotes":"","_links_to":"","_links_to_target":""},"class_list":["post-1611","page","type-page","status-publish","hentry"],"yoast_head":"<!-- This site is optimized with the Yoast SEO plugin v24.6 - https:\/\/yoast.com\/wordpress\/plugins\/seo\/ -->\n<title>Laserschneiden Gera | Laserlohnfertigung | Laserbeschriftung<\/title>\n<meta name=\"description\" content=\"Wir sind Ihre Experten f\u00fcr Laserlohnfertigung. \u2705 Sie suchen ein Unternehmen f\u00fcr Laserschneiden in der Region um Gera. \u2705 Wir sind f\u00fcr Sie da! \u2705\" \/>\n<meta name=\"robots\" content=\"index, follow, max-snippet:-1, max-image-preview:large, max-video-preview:-1\" \/>\n<link rel=\"canonical\" href=\"https:\/\/form-klar.de\/agnilaser2025\/laserschneiden-gera\/\" \/>\n<meta property=\"og:locale\" content=\"de_DE\" \/>\n<meta property=\"og:type\" content=\"article\" \/>\n<meta property=\"og:title\" content=\"Laserschneiden Gera | Laserlohnfertigung | Laserbeschriftung\" \/>\n<meta property=\"og:description\" content=\"Wir sind Ihre Experten f\u00fcr Laserlohnfertigung. \u2705 Sie suchen ein Unternehmen f\u00fcr Laserschneiden in der Region um Gera. \u2705 Wir sind f\u00fcr Sie da! \u2705\" \/>\n<meta property=\"og:url\" content=\"https:\/\/form-klar.de\/agnilaser2025\/laserschneiden-gera\/\" \/>\n<meta property=\"og:site_name\" content=\"Laserzentrum Schorcht GmbH\" \/>\n<meta property=\"og:image\" content=\"https:\/\/form-klar.de\/agnilaser2025\/wp-content\/uploads\/AdobeStock_27451579-300x200.jpeg\" \/>\n<meta name=\"twitter:label1\" content=\"Gesch\u00e4tzte Lesezeit\" \/>\n\t<meta name=\"twitter:data1\" content=\"2\u00a0Minuten\" \/>\n<script type=\"application\/ld+json\" class=\"yoast-schema-graph\">{\"@context\":\"https:\/\/schema.org\",\"@graph\":[{\"@type\":\"WebPage\",\"@id\":\"https:\/\/form-klar.de\/agnilaser2025\/laserschneiden-gera\/\",\"url\":\"https:\/\/form-klar.de\/agnilaser2025\/laserschneiden-gera\/\",\"name\":\"Laserschneiden Gera | Laserlohnfertigung | Laserbeschriftung\",\"isPartOf\":{\"@id\":\"https:\/\/form-klar.de\/agnilaser2025\/#website\"},\"primaryImageOfPage\":{\"@id\":\"https:\/\/form-klar.de\/agnilaser2025\/laserschneiden-gera\/#primaryimage\"},\"image\":{\"@id\":\"https:\/\/form-klar.de\/agnilaser2025\/laserschneiden-gera\/#primaryimage\"},\"thumbnailUrl\":\"https:\/\/form-klar.de\/agnilaser2025\/wp-content\/uploads\/AdobeStock_27451579-300x200.jpeg\",\"datePublished\":\"2021-02-01T10:31:04+00:00\",\"description\":\"Wir sind Ihre Experten f\u00fcr Laserlohnfertigung. \u2705 Sie suchen ein Unternehmen f\u00fcr Laserschneiden in der Region um Gera. \u2705 Wir sind f\u00fcr Sie da! \u2705\",\"inLanguage\":\"de\",\"potentialAction\":[{\"@type\":\"ReadAction\",\"target\":[\"https:\/\/form-klar.de\/agnilaser2025\/laserschneiden-gera\/\"]}]},{\"@type\":\"ImageObject\",\"inLanguage\":\"de\",\"@id\":\"https:\/\/form-klar.de\/agnilaser2025\/laserschneiden-gera\/#primaryimage\",\"url\":\"https:\/\/form-klar.de\/agnilaser2025\/wp-content\/uploads\/AdobeStock_27451579.jpeg\",\"contentUrl\":\"https:\/\/form-klar.de\/agnilaser2025\/wp-content\/uploads\/AdobeStock_27451579.jpeg\",\"width\":1920,\"height\":1280,\"caption\":\"Laserschneiden Metall, Laserschneiden Erfurt, Laserschneiden Jena, v\"},{\"@type\":\"WebSite\",\"@id\":\"https:\/\/form-klar.de\/agnilaser2025\/#website\",\"url\":\"https:\/\/form-klar.de\/agnilaser2025\/\",\"name\":\"Laserzentrum Schorcht GmbH\",\"description\":\"\",\"potentialAction\":[{\"@type\":\"SearchAction\",\"target\":{\"@type\":\"EntryPoint\",\"urlTemplate\":\"https:\/\/form-klar.de\/agnilaser2025\/?s={search_term_string}\"},\"query-input\":{\"@type\":\"PropertyValueSpecification\",\"valueRequired\":true,\"valueName\":\"search_term_string\"}}],\"inLanguage\":\"de\"}]}<\/script>\n<!-- \/ Yoast SEO plugin. -->","yoast_head_json":{"title":"Laserschneiden Gera | Laserlohnfertigung | Laserbeschriftung","description":"Wir sind Ihre Experten f\u00fcr Laserlohnfertigung. \u2705 Sie suchen ein Unternehmen f\u00fcr Laserschneiden in der Region um Gera. \u2705 Wir sind f\u00fcr Sie da! \u2705","robots":{"index":"index","follow":"follow","max-snippet":"max-snippet:-1","max-image-preview":"max-image-preview:large","max-video-preview":"max-video-preview:-1"},"canonical":"https:\/\/form-klar.de\/agnilaser2025\/laserschneiden-gera\/","og_locale":"de_DE","og_type":"article","og_title":"Laserschneiden Gera | Laserlohnfertigung | Laserbeschriftung","og_description":"Wir sind Ihre Experten f\u00fcr Laserlohnfertigung. \u2705 Sie suchen ein Unternehmen f\u00fcr Laserschneiden in der Region um Gera. \u2705 Wir sind f\u00fcr Sie da! \u2705","og_url":"https:\/\/form-klar.de\/agnilaser2025\/laserschneiden-gera\/","og_site_name":"Laserzentrum Schorcht GmbH","og_image":[{"url":"https:\/\/form-klar.de\/agnilaser2025\/wp-content\/uploads\/AdobeStock_27451579-300x200.jpeg","type":"","width":"","height":""}],"twitter_misc":{"Gesch\u00e4tzte Lesezeit":"2\u00a0Minuten"},"schema":{"@context":"https:\/\/schema.org","@graph":[{"@type":"WebPage","@id":"https:\/\/form-klar.de\/agnilaser2025\/laserschneiden-gera\/","url":"https:\/\/form-klar.de\/agnilaser2025\/laserschneiden-gera\/","name":"Laserschneiden Gera | Laserlohnfertigung | Laserbeschriftung","isPartOf":{"@id":"https:\/\/form-klar.de\/agnilaser2025\/#website"},"primaryImageOfPage":{"@id":"https:\/\/form-klar.de\/agnilaser2025\/laserschneiden-gera\/#primaryimage"},"image":{"@id":"https:\/\/form-klar.de\/agnilaser2025\/laserschneiden-gera\/#primaryimage"},"thumbnailUrl":"https:\/\/form-klar.de\/agnilaser2025\/wp-content\/uploads\/AdobeStock_27451579-300x200.jpeg","datePublished":"2021-02-01T10:31:04+00:00","description":"Wir sind Ihre Experten f\u00fcr Laserlohnfertigung. \u2705 Sie suchen ein Unternehmen f\u00fcr Laserschneiden in der Region um Gera. \u2705 Wir sind f\u00fcr Sie da! \u2705","inLanguage":"de","potentialAction":[{"@type":"ReadAction","target":["https:\/\/form-klar.de\/agnilaser2025\/laserschneiden-gera\/"]}]},{"@type":"ImageObject","inLanguage":"de","@id":"https:\/\/form-klar.de\/agnilaser2025\/laserschneiden-gera\/#primaryimage","url":"https:\/\/form-klar.de\/agnilaser2025\/wp-content\/uploads\/AdobeStock_27451579.jpeg","contentUrl":"https:\/\/form-klar.de\/agnilaser2025\/wp-content\/uploads\/AdobeStock_27451579.jpeg","width":1920,"height":1280,"caption":"Laserschneiden Metall, Laserschneiden Erfurt, Laserschneiden Jena, v"},{"@type":"WebSite","@id":"https:\/\/form-klar.de\/agnilaser2025\/#website","url":"https:\/\/form-klar.de\/agnilaser2025\/","name":"Laserzentrum Schorcht GmbH","description":"","potentialAction":[{"@type":"SearchAction","target":{"@type":"EntryPoint","urlTemplate":"https:\/\/form-klar.de\/agnilaser2025\/?s={search_term_string}"},"query-input":{"@type":"PropertyValueSpecification","valueRequired":true,"valueName":"search_term_string"}}],"inLanguage":"de"}]}},"_links":{"self":[{"href":"https:\/\/form-klar.de\/agnilaser2025\/wp-json\/wp\/v2\/pages\/1611","targetHints":{"allow":["GET"]}}],"collection":[{"href":"https:\/\/form-klar.de\/agnilaser2025\/wp-json\/wp\/v2\/pages"}],"about":[{"href":"https:\/\/form-klar.de\/agnilaser2025\/wp-json\/wp\/v2\/types\/page"}],"author":[{"embeddable":true,"href":"https:\/\/form-klar.de\/agnilaser2025\/wp-json\/wp\/v2\/users\/10"}],"replies":[{"embeddable":true,"href":"https:\/\/form-klar.de\/agnilaser2025\/wp-json\/wp\/v2\/comments?post=1611"}],"version-history":[{"count":0,"href":"https:\/\/form-klar.de\/agnilaser2025\/wp-json\/wp\/v2\/pages\/1611\/revisions"}],"wp:attachment":[{"href":"https:\/\/form-klar.de\/agnilaser2025\/wp-json\/wp\/v2\/media?parent=1611"}],"curies":[{"name":"wp","href":"https:\/\/api.w.org\/{rel}","templated":true}]}}