{"id":1600,"date":"2020-11-26T09:35:04","date_gmt":"2020-11-26T09:35:04","guid":{"rendered":"http:\/\/www.agnilaser.de\/?page_id=1600"},"modified":"2020-11-26T09:35:04","modified_gmt":"2020-11-26T09:35:04","slug":"laserschneiden-erfurt","status":"publish","type":"page","link":"https:\/\/form-klar.de\/agnilaser2025\/laserschneiden-erfurt\/","title":{"rendered":"Laserschneiden Erfurt"},"content":{"rendered":"<h2>Dienstleistungen Laserschneiden in der N\u00e4he von Erfurt<\/h2>\n<div id=\"attachment_1221\" style=\"width: 310px\" class=\"wp-caption alignright\"><img decoding=\"async\" aria-describedby=\"caption-attachment-1221\" class=\"lazyload size-medium wp-image-1221\" src=\"data:image\/svg+xml,%3Csvg%20xmlns%3D%27http%3A%2F%2Fwww.w3.org%2F2000%2Fsvg%27%20width%3D%27300%27%20height%3D%27200%27%20viewBox%3D%270%200%20300%20200%27%3E%3Crect%20width%3D%27300%27%20height%3D%27200%27%20fill-opacity%3D%220%22%2F%3E%3C%2Fsvg%3E\" data-orig-src=\"https:\/\/form-klar.de\/agnilaser2025\/wp-content\/uploads\/AdobeStock_27451579-300x200.jpeg\" alt=\"Laserschneiden Metall, Laserschneiden Erfurt\" width=\"300\" height=\"200\"><p id=\"caption-attachment-1221\" class=\"wp-caption-text\"><strong>Laserschneiden Erfurt<\/strong><\/p><\/div>\n<p>Sie suchen einen Partner f\u00fcr Laser-Anwendungen in und um Erfurt? Wir haben das Wissen und die Kompetenz f\u00fcr eine optimale <a title=\"Laserschneiden Erfurt\" href=\"https:\/\/form-klar.de\/agnilaser2025\/\/lohnfertigung\/\"><strong> Lohnfertigung im Bereich Laserschneiden<\/strong><\/a>. Nutzen Sie unsere Erfahrung, damit Ihr Produkt erstklassige Qualit\u00e4t erh\u00e4lt. Ob Werkzeugreparatur oder eine spezielle Markieraufgabe \u2013 wir stehen Ihnen zur Verf\u00fcgung. Als regionaler Partner finden Sie zudem in Ihrer Region um Erfurt. Unser Unternehmen befindet sich ganz in der N\u00e4he der Hermsdorfer Kreuzes an der Schnittstelle zwischen A4 und A9. Im gesamten Bereich Laseranwendungen sind wir Ihnen ein zuverl\u00e4ssiger Dienstleister. Beauftragen Sie doch uns beim Thema Laserschneiden. &nbsp;<\/p>\n<h3>Ob Laserschneiden oder Beschriften \u2013 wir bearbeiten ein breites Spektrum von Materialien<\/h3>\n<p>Wir sind Ihr Partner hier in der Region. <strong>14 Anlagen zum Laserschneiden<\/strong> stehen Ihnen zur Verf\u00fcgung. Die Gesamtleistung betr\u00e4gt etwa 20.000 Watt \u2013 Lasersysteme f\u00fcr jede Anforderung. Wir liefern zudem zuverl\u00e4ssig und schnell in der gesamten Region um Erfurt und weit dar\u00fcber hinaus. Ob <a title=\"Laserbeschriften Erfurt\" href=\"https:\/\/form-klar.de\/agnilaser2025\/\/lohnfertigung\/laserbeschriften-markieren\/\"><strong>Markieraufgaben<\/strong><\/a>, Laseranwendungen, Laserlohnfertigung oder unser Applikationslabor \u2013 bestellen Sie Leistungen einzeln oder f\u00fcr Ihr Vorhaben komplett von der Produktentwicklung bis zur Serie.<\/p>\n<h3>Leistungsf\u00e4higkeit unserer Laser: Setzen Sie auf unsere Power in der Laserlohnfertigung<\/h3>\n<p>Die Leistung Laserschneiden bieten wir Ihnen so an, wie es die Aufgabe erfordert. Wir schneiden also <strong>komplexe Umrisse in 2 D oder auch 3 D<\/strong>. Dabei arbeiten wir in jedem Fall hochpr\u00e4zise. Zudem setzen Sie mit uns auch auf hohe Schnelligkeit. \u00dcbrigens: Wir arbeiten bereits ab der Losgr\u00f6\u00dfe 1 wirtschaftlich und effektiv. Mit unseren Hochleistungslasern sind wir gut vorbereitet. Besonderes Augenmerk richten wir auf das <strong>Microschneiden<\/strong>.<\/p>\n<h3>Ob Laserschneiden oder Lasermarkierungen \u2013 f\u00fcr die Region Erfurt sind wir Ihr zuverl\u00e4ssiger Partner<\/h3>\n<p>Auch bei Markierungen und Beschriftungen k\u00f6nnen wir unsere Laser zielgenau einsetzen. Sie sind als Unternehmen im Maschinenbau oder in der Medizintechnik t\u00e4tig? Dann setzen Sie auf eine zielgenaue Unterst\u00fctzung Ihrer <strong>Serienfertigung<\/strong> oder Ihrer <strong>Produktentwicklung<\/strong>. Unser Labor hat sich besonders auf Beschriftungen aller Art spezialisiert. Wir erm\u00f6glichen Markierungen auf fast allen Materialien in jeder Gr\u00f6\u00dfe. Gern beantworten wir Ihre Fragen detailliert im Bereich <strong>Laserschneiden und Lasermarkierungen<\/strong>.<\/p>\n<p><strong>Ihr Kontakt zu Laserzentrum Schorcht GmbH:<\/strong>&nbsp;\u260e\ufe0f <a title=\"Telefon: Laserzentrum Schorcht\" href=\"tel:+493669186010\"><strong>+49 (0)36691 8601-0<\/strong><\/a><\/p>\n","protected":false},"excerpt":{"rendered":"<p>Dienstleistungen Laserschneiden in der N\u00e4he von Erfurt Sie suchen einen Partner f\u00fcr Laser-Anwendungen in und um Erfurt? Wir haben das Wissen und die Kompetenz f\u00fcr [&hellip;]<\/p>\n","protected":false},"author":10,"featured_media":0,"parent":0,"menu_order":0,"comment_status":"closed","ping_status":"closed","template":"","meta":{"ngg_post_thumbnail":0,"footnotes":"","_links_to":"","_links_to_target":""},"class_list":["post-1600","page","type-page","status-publish","hentry"],"yoast_head":"<!-- This site is optimized with the Yoast SEO plugin v24.6 - https:\/\/yoast.com\/wordpress\/plugins\/seo\/ -->\n<title>Laserschneiden Erfurt by Laserzentrum Schorcht GmbH | Kompetenz und Qualit\u00e4t<\/title>\n<meta name=\"description\" content=\"Laserschneiden Erfurt: Nutzen Sie die Laserkompetenz von Laserzentrum Schorcht GmbH \u2705 20 Jahre Erfahrung in der Laserlohnfertigung \u2705 Laseranwendungen \u2705 Applikationslabor \u2705\" \/>\n<meta name=\"robots\" content=\"index, follow, max-snippet:-1, max-image-preview:large, max-video-preview:-1\" \/>\n<link rel=\"canonical\" href=\"https:\/\/form-klar.de\/agnilaser2025\/laserschneiden-erfurt\/\" \/>\n<meta property=\"og:locale\" content=\"de_DE\" \/>\n<meta property=\"og:type\" content=\"article\" \/>\n<meta property=\"og:title\" content=\"Laserschneiden Erfurt by Laserzentrum Schorcht GmbH | Kompetenz und Qualit\u00e4t\" \/>\n<meta property=\"og:description\" content=\"Laserschneiden Erfurt: Nutzen Sie die Laserkompetenz von Laserzentrum Schorcht GmbH \u2705 20 Jahre Erfahrung in der Laserlohnfertigung \u2705 Laseranwendungen \u2705 Applikationslabor \u2705\" \/>\n<meta property=\"og:url\" content=\"https:\/\/form-klar.de\/agnilaser2025\/laserschneiden-erfurt\/\" \/>\n<meta property=\"og:site_name\" content=\"Laserzentrum Schorcht GmbH\" \/>\n<meta property=\"og:image\" content=\"https:\/\/form-klar.de\/agnilaser2025\/wp-content\/uploads\/AdobeStock_27451579-300x200.jpeg\" \/>\n<meta name=\"twitter:label1\" content=\"Gesch\u00e4tzte Lesezeit\" \/>\n\t<meta name=\"twitter:data1\" content=\"2\u00a0Minuten\" \/>\n<script type=\"application\/ld+json\" class=\"yoast-schema-graph\">{\"@context\":\"https:\/\/schema.org\",\"@graph\":[{\"@type\":\"WebPage\",\"@id\":\"https:\/\/form-klar.de\/agnilaser2025\/laserschneiden-erfurt\/\",\"url\":\"https:\/\/form-klar.de\/agnilaser2025\/laserschneiden-erfurt\/\",\"name\":\"Laserschneiden Erfurt by Laserzentrum Schorcht GmbH | Kompetenz und Qualit\u00e4t\",\"isPartOf\":{\"@id\":\"https:\/\/form-klar.de\/agnilaser2025\/#website\"},\"primaryImageOfPage\":{\"@id\":\"https:\/\/form-klar.de\/agnilaser2025\/laserschneiden-erfurt\/#primaryimage\"},\"image\":{\"@id\":\"https:\/\/form-klar.de\/agnilaser2025\/laserschneiden-erfurt\/#primaryimage\"},\"thumbnailUrl\":\"https:\/\/form-klar.de\/agnilaser2025\/wp-content\/uploads\/AdobeStock_27451579-300x200.jpeg\",\"datePublished\":\"2020-11-26T09:35:04+00:00\",\"description\":\"Laserschneiden Erfurt: Nutzen Sie die Laserkompetenz von Laserzentrum Schorcht GmbH \u2705 20 Jahre Erfahrung in der Laserlohnfertigung \u2705 Laseranwendungen \u2705 Applikationslabor \u2705\",\"inLanguage\":\"de\",\"potentialAction\":[{\"@type\":\"ReadAction\",\"target\":[\"https:\/\/form-klar.de\/agnilaser2025\/laserschneiden-erfurt\/\"]}]},{\"@type\":\"ImageObject\",\"inLanguage\":\"de\",\"@id\":\"https:\/\/form-klar.de\/agnilaser2025\/laserschneiden-erfurt\/#primaryimage\",\"url\":\"https:\/\/form-klar.de\/agnilaser2025\/wp-content\/uploads\/AdobeStock_27451579.jpeg\",\"contentUrl\":\"https:\/\/form-klar.de\/agnilaser2025\/wp-content\/uploads\/AdobeStock_27451579.jpeg\",\"width\":1920,\"height\":1280,\"caption\":\"Laserschneiden Metall, Laserschneiden Erfurt, Laserschneiden Jena, v\"},{\"@type\":\"WebSite\",\"@id\":\"https:\/\/form-klar.de\/agnilaser2025\/#website\",\"url\":\"https:\/\/form-klar.de\/agnilaser2025\/\",\"name\":\"Laserzentrum Schorcht GmbH\",\"description\":\"\",\"potentialAction\":[{\"@type\":\"SearchAction\",\"target\":{\"@type\":\"EntryPoint\",\"urlTemplate\":\"https:\/\/form-klar.de\/agnilaser2025\/?s={search_term_string}\"},\"query-input\":{\"@type\":\"PropertyValueSpecification\",\"valueRequired\":true,\"valueName\":\"search_term_string\"}}],\"inLanguage\":\"de\"}]}<\/script>\n<!-- \/ Yoast SEO plugin. -->","yoast_head_json":{"title":"Laserschneiden Erfurt by Laserzentrum Schorcht GmbH | Kompetenz und Qualit\u00e4t","description":"Laserschneiden Erfurt: Nutzen Sie die Laserkompetenz von Laserzentrum Schorcht GmbH \u2705 20 Jahre Erfahrung in der Laserlohnfertigung \u2705 Laseranwendungen \u2705 Applikationslabor \u2705","robots":{"index":"index","follow":"follow","max-snippet":"max-snippet:-1","max-image-preview":"max-image-preview:large","max-video-preview":"max-video-preview:-1"},"canonical":"https:\/\/form-klar.de\/agnilaser2025\/laserschneiden-erfurt\/","og_locale":"de_DE","og_type":"article","og_title":"Laserschneiden Erfurt by Laserzentrum Schorcht GmbH | Kompetenz und Qualit\u00e4t","og_description":"Laserschneiden Erfurt: Nutzen Sie die Laserkompetenz von Laserzentrum Schorcht GmbH \u2705 20 Jahre Erfahrung in der Laserlohnfertigung \u2705 Laseranwendungen \u2705 Applikationslabor \u2705","og_url":"https:\/\/form-klar.de\/agnilaser2025\/laserschneiden-erfurt\/","og_site_name":"Laserzentrum Schorcht GmbH","og_image":[{"url":"https:\/\/form-klar.de\/agnilaser2025\/wp-content\/uploads\/AdobeStock_27451579-300x200.jpeg","type":"","width":"","height":""}],"twitter_misc":{"Gesch\u00e4tzte Lesezeit":"2\u00a0Minuten"},"schema":{"@context":"https:\/\/schema.org","@graph":[{"@type":"WebPage","@id":"https:\/\/form-klar.de\/agnilaser2025\/laserschneiden-erfurt\/","url":"https:\/\/form-klar.de\/agnilaser2025\/laserschneiden-erfurt\/","name":"Laserschneiden Erfurt by Laserzentrum Schorcht GmbH | Kompetenz und Qualit\u00e4t","isPartOf":{"@id":"https:\/\/form-klar.de\/agnilaser2025\/#website"},"primaryImageOfPage":{"@id":"https:\/\/form-klar.de\/agnilaser2025\/laserschneiden-erfurt\/#primaryimage"},"image":{"@id":"https:\/\/form-klar.de\/agnilaser2025\/laserschneiden-erfurt\/#primaryimage"},"thumbnailUrl":"https:\/\/form-klar.de\/agnilaser2025\/wp-content\/uploads\/AdobeStock_27451579-300x200.jpeg","datePublished":"2020-11-26T09:35:04+00:00","description":"Laserschneiden Erfurt: Nutzen Sie die Laserkompetenz von Laserzentrum Schorcht GmbH \u2705 20 Jahre Erfahrung in der Laserlohnfertigung \u2705 Laseranwendungen \u2705 Applikationslabor \u2705","inLanguage":"de","potentialAction":[{"@type":"ReadAction","target":["https:\/\/form-klar.de\/agnilaser2025\/laserschneiden-erfurt\/"]}]},{"@type":"ImageObject","inLanguage":"de","@id":"https:\/\/form-klar.de\/agnilaser2025\/laserschneiden-erfurt\/#primaryimage","url":"https:\/\/form-klar.de\/agnilaser2025\/wp-content\/uploads\/AdobeStock_27451579.jpeg","contentUrl":"https:\/\/form-klar.de\/agnilaser2025\/wp-content\/uploads\/AdobeStock_27451579.jpeg","width":1920,"height":1280,"caption":"Laserschneiden Metall, Laserschneiden Erfurt, Laserschneiden Jena, v"},{"@type":"WebSite","@id":"https:\/\/form-klar.de\/agnilaser2025\/#website","url":"https:\/\/form-klar.de\/agnilaser2025\/","name":"Laserzentrum Schorcht GmbH","description":"","potentialAction":[{"@type":"SearchAction","target":{"@type":"EntryPoint","urlTemplate":"https:\/\/form-klar.de\/agnilaser2025\/?s={search_term_string}"},"query-input":{"@type":"PropertyValueSpecification","valueRequired":true,"valueName":"search_term_string"}}],"inLanguage":"de"}]}},"_links":{"self":[{"href":"https:\/\/form-klar.de\/agnilaser2025\/wp-json\/wp\/v2\/pages\/1600","targetHints":{"allow":["GET"]}}],"collection":[{"href":"https:\/\/form-klar.de\/agnilaser2025\/wp-json\/wp\/v2\/pages"}],"about":[{"href":"https:\/\/form-klar.de\/agnilaser2025\/wp-json\/wp\/v2\/types\/page"}],"author":[{"embeddable":true,"href":"https:\/\/form-klar.de\/agnilaser2025\/wp-json\/wp\/v2\/users\/10"}],"replies":[{"embeddable":true,"href":"https:\/\/form-klar.de\/agnilaser2025\/wp-json\/wp\/v2\/comments?post=1600"}],"version-history":[{"count":0,"href":"https:\/\/form-klar.de\/agnilaser2025\/wp-json\/wp\/v2\/pages\/1600\/revisions"}],"wp:attachment":[{"href":"https:\/\/form-klar.de\/agnilaser2025\/wp-json\/wp\/v2\/media?parent=1600"}],"curies":[{"name":"wp","href":"https:\/\/api.w.org\/{rel}","templated":true}]}}