{"id":1548,"date":"2020-04-21T14:51:43","date_gmt":"2020-04-21T14:51:43","guid":{"rendered":"http:\/\/www.agnilaser.de\/?page_id=1548"},"modified":"2020-04-21T14:51:43","modified_gmt":"2020-04-21T14:51:43","slug":"dienstleister-fuer-lohnfertigung","status":"publish","type":"page","link":"https:\/\/form-klar.de\/agnilaser2025\/dienstleister-fuer-lohnfertigung\/","title":{"rendered":"Dienstleister f\u00fcr Lohnfertigung"},"content":{"rendered":"<h2>Zuverl\u00e4ssiger Dienstleister f\u00fcr Lohnfertigung \u2013 Laserzentrum Schorcht GmbH stellt seine Leistungen vor<\/h2>\n<p><img decoding=\"async\" class=\"lazyload size-medium wp-image-941 alignright\" src=\"https:\/\/form-klar.de\/agnilaser2025\/wp-content\/uploads\/AdobeStock_74220171-300x200.jpeg\" data-orig-src=\"https:\/\/form-klar.de\/agnilaser2025\/wp-content\/uploads\/AdobeStock_74220171-300x200.jpeg\" alt=\"Lohnfertigung Laserschneiden, Dienstleister f\u00fcr Lohnfertigung\" width=\"300\" height=\"200\" srcset=\"data:image\/svg+xml,%3Csvg%20xmlns%3D%27http%3A%2F%2Fwww.w3.org%2F2000%2Fsvg%27%20width%3D%27300%27%20height%3D%27200%27%20viewBox%3D%270%200%20300%20200%27%3E%3Crect%20width%3D%27300%27%20height%3D%27200%27%20fill-opacity%3D%220%22%2F%3E%3C%2Fsvg%3E\" data-srcset=\"https:\/\/form-klar.de\/agnilaser2025\/wp-content\/uploads\/AdobeStock_74220171-200x133.jpeg 200w, https:\/\/form-klar.de\/agnilaser2025\/wp-content\/uploads\/AdobeStock_74220171-300x200.jpeg 300w, https:\/\/form-klar.de\/agnilaser2025\/wp-content\/uploads\/AdobeStock_74220171-400x267.jpeg 400w, https:\/\/form-klar.de\/agnilaser2025\/wp-content\/uploads\/AdobeStock_74220171-600x400.jpeg 600w, https:\/\/form-klar.de\/agnilaser2025\/wp-content\/uploads\/AdobeStock_74220171-768x512.jpeg 768w, https:\/\/form-klar.de\/agnilaser2025\/wp-content\/uploads\/AdobeStock_74220171-800x533.jpeg 800w, https:\/\/form-klar.de\/agnilaser2025\/wp-content\/uploads\/AdobeStock_74220171-1024x683.jpeg 1024w, https:\/\/form-klar.de\/agnilaser2025\/wp-content\/uploads\/AdobeStock_74220171-1200x800.jpeg 1200w, https:\/\/form-klar.de\/agnilaser2025\/wp-content\/uploads\/AdobeStock_74220171.jpeg 1920w\" data-sizes=\"auto\" data-orig-sizes=\"(max-width: 300px) 100vw, 300px\" \/><\/p>\n<p>Setzen Sie f\u00fcr Ihre Produktion und Entwicklungsarbeit einen zuverl\u00e4ssigen <a title=\"Lohnfertigung Laserzentrum Schorcht GmbH \u2013 Ihr Dienstleister\" href=\"https:\/\/form-klar.de\/agnilaser2025\/\/laserprogramm\/\"><strong>Dienstleister f\u00fcr Lohnfertigung<\/strong><\/a> ein. Wenn es um Markieraufgaben und andere Laseranwendungen geht ist das Team der Laserzentrum Schorcht GmbH Ihr Partner.<\/p>\n<h3>Dienstleister f\u00fcr Lohnfertigung: vom Schneiden \u00fcber das Bohren und Schwei\u00dfen bis hin zur Beschriftung<\/h3>\n<p>Gern stellen wir Ihnen Details zu unserer Laserlohnfertigung zur Verf\u00fcgung. Die industriell gepr\u00e4gte Blechbearbeitung ist stark von der Lohnfertigung gepr\u00e4gt. Das Unternehmen Laserzentrum Schorcht GmbH hat sich besonders auf die Lasermaterialbearbeitung konzentriert. Ob Reparaturschwei\u00dfen oder <a title=\"Laserzentrum f\u00fcr Markieraufgaben und Laserschwei\u00dfen\" href=\"https:\/\/form-klar.de\/agnilaser2025\/\/unternehmen-laserzentrum-thueringen\/\"><strong>Laserschwei\u00dfen<\/strong><\/a> \u2013 Laserzentrum Schorcht GmbH verf\u00fcgt hier \u00fcber die modernsten Anlagen.<\/p>\n<h3>F\u00fcr jede Aufgabe vorbereitet \u2013 wir arbeiten f\u00fcr sehr unterschiedliche Industriezweige<\/h3>\n<p>Gern m\u00f6chten wir uns Ihnen unser Leistungsspektrum vorstellen. Denn ob Laserschneiden, Laserbohren oder Laserbeschriften \u2013 14 Laseranlagen mit hoher Leistung stehen Ihnen zur Verf\u00fcgung. Ob CO2-Laser, Faserlaser oder Nd: YAG-Laser \u2013 wir beraten Sie zu allen Anwendungsbereichen unserer&nbsp;<strong>CNC-Laserautomaten<\/strong>. Denn f\u00fcr nahezu jede Anwendung haben wir ein dazu optimal passendes Lasersystem in unserem Maschinenpark.<\/p>\n<h3>F\u00fcr beste Ergebnisse in der Laserbearbeitung: Nicht nur auf einen Top-Maschinenpark, sondern auch auf eine gute Beratung kommt es an<\/h3>\n<p>Wir bieten Ihnen alles, was ein Dienstleister in der Lohnfertigung bieten kann: Schnelligkeit, Zuverl\u00e4ssigkeit und Pr\u00e4zision. Dazu kommt aber auch die gute Beratung. Denn im gesamten Bereich der individuellen Materialbearbeitung m\u00f6chten wir Ihnen mit unserem Fachwissen zur Seite stehen.<\/p>\n<h3>Dienstleister f\u00fcr Lohnfertigung: Wir beschriften und schneiden \u2013 pr\u00e4zise und mit Qualit\u00e4t<\/h3>\n<p>Besonders f\u00fcr&nbsp;<strong>Markieraufgaben oder Beschriftungen<\/strong> k\u00f6nnen wir unsere Lasersysteme hervorragend einsetzen. Hier bearbeiten wir viele unterschiedliche Materialien. So sind zum Beispiel Stahl oder Edelstahl als auch Aluminium und Edelmetalle zu beschriften. Aber auch Nichtmetalle wie beispielsweise Plastik, Glas und sogar organische Materialien beschriften wir professionell. Was sind die Vorteile einer professionellen Beschriftung mit dem Laser? Ihr Werkst\u00fcck erh\u00e4lt von uns eine f\u00e4lschungssichere Nummerierung, ein Logo oder eine Markierung \u2013 auch gern im Mikrobereich.<\/p>\n<p>Zudem sind wir ebenso f\u00fcr das Laserschneiden optimal aufgestellt. Egal, ob&nbsp;<strong>2-D oder 3D-Schneiden<\/strong> mit dem Laser \u2013 wir setzen pr\u00e4zise und schnell Ihre Anforderungen um. Auch weitere Leistungen und Services stellen wir Ihnen als unseren zuk\u00fcnftigen Kunden zur Verf\u00fcgung. Fragen Sie uns einfach an per E-Mail oder direkt am Telefon.<\/p>\n<p><strong>Ihr Kontakt zu Laserzentrum Schorcht GmbH:<\/strong>&nbsp;\u260e\ufe0f <a title=\"Telefon: Laserzentrum Schorcht\" href=\"tel:+493669186010\"><strong>+49 (0)36691 8601-0<\/strong><\/a><\/p>\n","protected":false},"excerpt":{"rendered":"<p>Zuverl\u00e4ssiger Dienstleister f\u00fcr Lohnfertigung \u2013 Laserzentrum Schorcht GmbH stellt seine Leistungen vor Setzen Sie f\u00fcr Ihre Produktion und Entwicklungsarbeit einen zuverl\u00e4ssigen Dienstleister f\u00fcr Lohnfertigung ein. [&hellip;]<\/p>\n","protected":false},"author":10,"featured_media":0,"parent":0,"menu_order":0,"comment_status":"closed","ping_status":"closed","template":"","meta":{"ngg_post_thumbnail":0,"footnotes":"","_links_to":"","_links_to_target":""},"class_list":["post-1548","page","type-page","status-publish","hentry"],"yoast_head":"<!-- This site is optimized with the Yoast SEO plugin v24.6 - https:\/\/yoast.com\/wordpress\/plugins\/seo\/ -->\n<title>Dienstleister f\u00fcr Lohnfertigung | form-klar.de\/agnilaser2025 garantiert Laserkompetenz<\/title>\n<meta name=\"description\" content=\"Laserzentrum Schorcht GmbH ist ein Dienstleister f\u00fcr Lohnfertigung im Bereich Laserbearbeitung wie Laserschneiden \u2705 Laserschwei\u00dfen \u2705 Laserbohren \u2705 und Laserbeschriften.\u2705\" \/>\n<meta name=\"robots\" content=\"index, follow, max-snippet:-1, max-image-preview:large, max-video-preview:-1\" \/>\n<link rel=\"canonical\" href=\"https:\/\/form-klar.de\/agnilaser2025\/dienstleister-fuer-lohnfertigung\/\" \/>\n<meta property=\"og:locale\" content=\"de_DE\" \/>\n<meta property=\"og:type\" content=\"article\" \/>\n<meta property=\"og:title\" content=\"Dienstleister f\u00fcr Lohnfertigung | form-klar.de\/agnilaser2025 garantiert Laserkompetenz\" \/>\n<meta property=\"og:description\" content=\"Laserzentrum Schorcht GmbH ist ein Dienstleister f\u00fcr Lohnfertigung im Bereich Laserbearbeitung wie Laserschneiden \u2705 Laserschwei\u00dfen \u2705 Laserbohren \u2705 und Laserbeschriften.\u2705\" \/>\n<meta property=\"og:url\" content=\"https:\/\/form-klar.de\/agnilaser2025\/dienstleister-fuer-lohnfertigung\/\" \/>\n<meta property=\"og:site_name\" content=\"Laserzentrum Schorcht GmbH\" \/>\n<meta property=\"og:image\" content=\"https:\/\/form-klar.de\/agnilaser2025\/wp-content\/uploads\/AdobeStock_74220171-300x200.jpeg\" \/>\n<meta name=\"twitter:label1\" content=\"Gesch\u00e4tzte Lesezeit\" \/>\n\t<meta name=\"twitter:data1\" content=\"2\u00a0Minuten\" \/>\n<script type=\"application\/ld+json\" class=\"yoast-schema-graph\">{\"@context\":\"https:\/\/schema.org\",\"@graph\":[{\"@type\":\"WebPage\",\"@id\":\"https:\/\/form-klar.de\/agnilaser2025\/dienstleister-fuer-lohnfertigung\/\",\"url\":\"https:\/\/form-klar.de\/agnilaser2025\/dienstleister-fuer-lohnfertigung\/\",\"name\":\"Dienstleister f\u00fcr Lohnfertigung | form-klar.de\/agnilaser2025 garantiert Laserkompetenz\",\"isPartOf\":{\"@id\":\"https:\/\/form-klar.de\/agnilaser2025\/#website\"},\"primaryImageOfPage\":{\"@id\":\"https:\/\/form-klar.de\/agnilaser2025\/dienstleister-fuer-lohnfertigung\/#primaryimage\"},\"image\":{\"@id\":\"https:\/\/form-klar.de\/agnilaser2025\/dienstleister-fuer-lohnfertigung\/#primaryimage\"},\"thumbnailUrl\":\"https:\/\/form-klar.de\/agnilaser2025\/wp-content\/uploads\/AdobeStock_74220171-300x200.jpeg\",\"datePublished\":\"2020-04-21T14:51:43+00:00\",\"description\":\"Laserzentrum Schorcht GmbH ist ein Dienstleister f\u00fcr Lohnfertigung im Bereich Laserbearbeitung wie Laserschneiden \u2705 Laserschwei\u00dfen \u2705 Laserbohren \u2705 und Laserbeschriften.\u2705\",\"inLanguage\":\"de\",\"potentialAction\":[{\"@type\":\"ReadAction\",\"target\":[\"https:\/\/form-klar.de\/agnilaser2025\/dienstleister-fuer-lohnfertigung\/\"]}]},{\"@type\":\"ImageObject\",\"inLanguage\":\"de\",\"@id\":\"https:\/\/form-klar.de\/agnilaser2025\/dienstleister-fuer-lohnfertigung\/#primaryimage\",\"url\":\"https:\/\/form-klar.de\/agnilaser2025\/wp-content\/uploads\/AdobeStock_74220171.jpeg\",\"contentUrl\":\"https:\/\/form-klar.de\/agnilaser2025\/wp-content\/uploads\/AdobeStock_74220171.jpeg\",\"width\":1920,\"height\":1280,\"caption\":\"Lohnfertigung Laserschneiden Industrial welding automotive in thailand | Dienstleister f\u00fcr Lohnfertigung\"},{\"@type\":\"WebSite\",\"@id\":\"https:\/\/form-klar.de\/agnilaser2025\/#website\",\"url\":\"https:\/\/form-klar.de\/agnilaser2025\/\",\"name\":\"Laserzentrum Schorcht GmbH\",\"description\":\"\",\"potentialAction\":[{\"@type\":\"SearchAction\",\"target\":{\"@type\":\"EntryPoint\",\"urlTemplate\":\"https:\/\/form-klar.de\/agnilaser2025\/?s={search_term_string}\"},\"query-input\":{\"@type\":\"PropertyValueSpecification\",\"valueRequired\":true,\"valueName\":\"search_term_string\"}}],\"inLanguage\":\"de\"}]}<\/script>\n<!-- \/ Yoast SEO plugin. -->","yoast_head_json":{"title":"Dienstleister f\u00fcr Lohnfertigung | form-klar.de\/agnilaser2025 garantiert Laserkompetenz","description":"Laserzentrum Schorcht GmbH ist ein Dienstleister f\u00fcr Lohnfertigung im Bereich Laserbearbeitung wie Laserschneiden \u2705 Laserschwei\u00dfen \u2705 Laserbohren \u2705 und Laserbeschriften.\u2705","robots":{"index":"index","follow":"follow","max-snippet":"max-snippet:-1","max-image-preview":"max-image-preview:large","max-video-preview":"max-video-preview:-1"},"canonical":"https:\/\/form-klar.de\/agnilaser2025\/dienstleister-fuer-lohnfertigung\/","og_locale":"de_DE","og_type":"article","og_title":"Dienstleister f\u00fcr Lohnfertigung | form-klar.de\/agnilaser2025 garantiert Laserkompetenz","og_description":"Laserzentrum Schorcht GmbH ist ein Dienstleister f\u00fcr Lohnfertigung im Bereich Laserbearbeitung wie Laserschneiden \u2705 Laserschwei\u00dfen \u2705 Laserbohren \u2705 und Laserbeschriften.\u2705","og_url":"https:\/\/form-klar.de\/agnilaser2025\/dienstleister-fuer-lohnfertigung\/","og_site_name":"Laserzentrum Schorcht GmbH","og_image":[{"url":"https:\/\/form-klar.de\/agnilaser2025\/wp-content\/uploads\/AdobeStock_74220171-300x200.jpeg","type":"","width":"","height":""}],"twitter_misc":{"Gesch\u00e4tzte Lesezeit":"2\u00a0Minuten"},"schema":{"@context":"https:\/\/schema.org","@graph":[{"@type":"WebPage","@id":"https:\/\/form-klar.de\/agnilaser2025\/dienstleister-fuer-lohnfertigung\/","url":"https:\/\/form-klar.de\/agnilaser2025\/dienstleister-fuer-lohnfertigung\/","name":"Dienstleister f\u00fcr Lohnfertigung | form-klar.de\/agnilaser2025 garantiert Laserkompetenz","isPartOf":{"@id":"https:\/\/form-klar.de\/agnilaser2025\/#website"},"primaryImageOfPage":{"@id":"https:\/\/form-klar.de\/agnilaser2025\/dienstleister-fuer-lohnfertigung\/#primaryimage"},"image":{"@id":"https:\/\/form-klar.de\/agnilaser2025\/dienstleister-fuer-lohnfertigung\/#primaryimage"},"thumbnailUrl":"https:\/\/form-klar.de\/agnilaser2025\/wp-content\/uploads\/AdobeStock_74220171-300x200.jpeg","datePublished":"2020-04-21T14:51:43+00:00","description":"Laserzentrum Schorcht GmbH ist ein Dienstleister f\u00fcr Lohnfertigung im Bereich Laserbearbeitung wie Laserschneiden \u2705 Laserschwei\u00dfen \u2705 Laserbohren \u2705 und Laserbeschriften.\u2705","inLanguage":"de","potentialAction":[{"@type":"ReadAction","target":["https:\/\/form-klar.de\/agnilaser2025\/dienstleister-fuer-lohnfertigung\/"]}]},{"@type":"ImageObject","inLanguage":"de","@id":"https:\/\/form-klar.de\/agnilaser2025\/dienstleister-fuer-lohnfertigung\/#primaryimage","url":"https:\/\/form-klar.de\/agnilaser2025\/wp-content\/uploads\/AdobeStock_74220171.jpeg","contentUrl":"https:\/\/form-klar.de\/agnilaser2025\/wp-content\/uploads\/AdobeStock_74220171.jpeg","width":1920,"height":1280,"caption":"Lohnfertigung Laserschneiden Industrial welding automotive in thailand | Dienstleister f\u00fcr Lohnfertigung"},{"@type":"WebSite","@id":"https:\/\/form-klar.de\/agnilaser2025\/#website","url":"https:\/\/form-klar.de\/agnilaser2025\/","name":"Laserzentrum Schorcht GmbH","description":"","potentialAction":[{"@type":"SearchAction","target":{"@type":"EntryPoint","urlTemplate":"https:\/\/form-klar.de\/agnilaser2025\/?s={search_term_string}"},"query-input":{"@type":"PropertyValueSpecification","valueRequired":true,"valueName":"search_term_string"}}],"inLanguage":"de"}]}},"_links":{"self":[{"href":"https:\/\/form-klar.de\/agnilaser2025\/wp-json\/wp\/v2\/pages\/1548","targetHints":{"allow":["GET"]}}],"collection":[{"href":"https:\/\/form-klar.de\/agnilaser2025\/wp-json\/wp\/v2\/pages"}],"about":[{"href":"https:\/\/form-klar.de\/agnilaser2025\/wp-json\/wp\/v2\/types\/page"}],"author":[{"embeddable":true,"href":"https:\/\/form-klar.de\/agnilaser2025\/wp-json\/wp\/v2\/users\/10"}],"replies":[{"embeddable":true,"href":"https:\/\/form-klar.de\/agnilaser2025\/wp-json\/wp\/v2\/comments?post=1548"}],"version-history":[{"count":0,"href":"https:\/\/form-klar.de\/agnilaser2025\/wp-json\/wp\/v2\/pages\/1548\/revisions"}],"wp:attachment":[{"href":"https:\/\/form-klar.de\/agnilaser2025\/wp-json\/wp\/v2\/media?parent=1548"}],"curies":[{"name":"wp","href":"https:\/\/api.w.org\/{rel}","templated":true}]}}