{"id":1496,"date":"2019-10-24T12:32:04","date_gmt":"2019-10-24T12:32:04","guid":{"rendered":"http:\/\/www.agnilaser.de\/?page_id=1496"},"modified":"2019-10-24T12:32:04","modified_gmt":"2019-10-24T12:32:04","slug":"dienstleister-fuer-laserbeschriftung","status":"publish","type":"page","link":"https:\/\/form-klar.de\/agnilaser2025\/dienstleister-fuer-laserbeschriftung\/","title":{"rendered":"Dienstleister f\u00fcr Laserbeschriftung"},"content":{"rendered":"<h2>Ihr Dienstleister f\u00fcr Laserbeschriftung<\/h2>\n<p>Sie suchen einen <strong>Dienstleister f\u00fcr Laserbeschriftung<\/strong>? Sprechen Sie die Ingenieure bei form-klar.de\/agnilaser2025 an. Wir freuen uns auf Ihr Interesse bei diesem Thema. F\u00fcr die Dienstleistung Laserbeschriftung sind wir Ihr kompetenter Ansprechpartner. Dabei machen wir alles was m\u00f6glich ist, m\u00f6glich.<\/p>\n<h3>Laserbeschriftung \u2013 der richtige Dienstleister ist entscheidend<\/h3>\n<p>Gerade bei diesem Arbeitsschritt kommt es auf hohe Vielseitigkeit und gro\u00dfe Flexibilit\u00e4t an. Sie m\u00f6chten Edelstahl oder Kunststoffe beschriften lassen? Dann begr\u00fc\u00dfen wir Sie beim <strong><a title=\"Das Unternehmen Laserzentrum Schorcht GmbH\" href=\"https:\/\/form-klar.de\/agnilaser2025\/\/unternehmen-laserzentrum-thueringen\/\">Service von Laserzentrum Schorcht GmbH<\/a><\/strong>. <strong>Laserbeschriftung kennt viele M\u00f6glichkeiten<\/strong>. Man bezeichnet unseren Service auch als Lasergravur oder Laserkennzeichnung. Zudem sagen viele in der Branche auch Lasermarkierung oder Lasercodierung zu unseren Verfahren.<\/p>\n<h3>Markierung von industriellen Teilen \u2013 ideal f\u00fcr die Produktkennzeichnung und eindeutigen Markierung von Teilen<\/h3>\n<p><img class=\"lazyload\" decoding=\"async\" src=\"https:\/\/form-klar.de\/agnilaser2025\/\/wp-content\/uploads\/AdobeStock_70530795-1024x576.jpeg\" data-orig-src=\"https:\/\/form-klar.de\/agnilaser2025\/\/wp-content\/uploads\/AdobeStock_70530795-1024x576.jpeg\" data-sizes=\"auto\" data-orig-sizes=\"(max-width: 1024px) 100vw, 1024px\" srcset=\"data:image\/svg+xml,%3Csvg%20xmlns%3D%27http%3A%2F%2Fwww.w3.org%2F2000%2Fsvg%27%20width%3D%271024%27%20height%3D%27576%27%20viewBox%3D%270%200%201024%20576%27%3E%3Crect%20width%3D%271024%27%20height%3D%27576%27%20fill-opacity%3D%220%22%2F%3E%3C%2Fsvg%3E\" data-srcset=\"https:\/\/form-klar.de\/agnilaser2025\/\/wp-content\/uploads\/AdobeStock_70530795-1024x576.jpeg 1024w, https:\/\/form-klar.de\/agnilaser2025\/\/wp-content\/uploads\/AdobeStock_70530795-300x169.jpeg 300w, https:\/\/form-klar.de\/agnilaser2025\/\/wp-content\/uploads\/AdobeStock_70530795-768x432.jpeg 768w, https:\/\/form-klar.de\/agnilaser2025\/\/wp-content\/uploads\/AdobeStock_70530795.jpeg 1920w\" alt=\"Dienstleister f\u00fcr Laserbeschriftung Laserschneidanlage\" width=\"1024\" height=\"576\"><\/p>\n<p>Nun n\u00e4her zum Thema \u201eBeschriftung mit dem Laser\u201c. Um zu definieren, welcher Laser eingesetzt wird, m\u00fcssen wir wissen, welches Material Sie beschriften m\u00f6chten. Beispielsweise setzen wir bei Beschriftungen oder Gravuren CO2-Laser oder auch Nd:YAG-Laser ein. Auch mit dem Faserlaser kann eine breite Vielfalt von Materialien beschriftet werden.<\/p>\n<h3>Verschiedene Verfahren der Laserbeschriftung \u2013 individuell f\u00fcr Sie eingesetzt<\/h3>\n<p>Ob wir <strong>Anlassbeschriftungen<\/strong>, <a title=\"Gravuren\" href=\"https:\/\/form-klar.de\/agnilaser2025\/\/lasergravur\/\"><strong>Gravuren<\/strong><\/a>, <strong>Aufsch\u00e4umen<\/strong> oder ein <strong>Karbonisierungsverfahren<\/strong> einsetzen, h\u00e4ngt vom Material und von der Art der gew\u00fcnschten Beschriftung ab. Zudem setzen wir auch das Verfahren der Tiefbeschriftung ein, wenn es um h\u00f6here Gravurtiefen geht.<\/p>\n<h3>Erzeugen Sie mit der Laserbeschriftung verschiedene Hell-Dunkel und Farbeffekte<\/h3>\n<p>Wenn Sie einen bestimmten Farbeffekt erzeugen m\u00f6chten, zum Beispiel abh\u00e4ngig vom Blickwinkel, setzen wir das Verfahren eines laserinduzierten Beugungsgitters ein. Auch durch einen einfachen Materialabtrag k\u00f6nnen farbliche Unterschiede erreicht werden. Hier k\u00f6nnen wir insbesondere die Helligkeit \u2013 also dunkle oder helle Schrift \u2013 passend zu Ihrem Werkst\u00fccken anpassen. \u00dcbrigens ist auch eine Beschriftung organischer Materialien m\u00f6glich.<\/p>\n<p>Wir freuen uns auf eine f\u00fcr Sie nutzbringende Beratung! Fragen Sie uns doch einfach bei Laserzentrum Schorcht GmbH! Schicken Sie uns die Datei f\u00fcr die Beschriftung \u2013 und los geht\u2019s!<\/p>\n<p>Neben der <strong>Laserbeschriftung<\/strong> bieten wir auch andere <strong>Laseranwendungen<\/strong> an \u2013 gern auch in einem komplexen Verfahren.<\/p>\n<p><a title=\"Kontakt\" href=\"https:\/\/form-klar.de\/agnilaser2025\/\/kontakt\/\"><strong>Wir sind Ihr Dienstleister aber auch <\/strong><strong>Berater mit Laserkompetenz<\/strong><\/a>!<\/p>\n","protected":false},"excerpt":{"rendered":"<p>Ihr Dienstleister f\u00fcr Laserbeschriftung Sie suchen einen Dienstleister f\u00fcr Laserbeschriftung? Sprechen Sie die Ingenieure bei form-klar.de\/agnilaser2025 an. Wir freuen uns auf Ihr Interesse bei diesem [&hellip;]<\/p>\n","protected":false},"author":10,"featured_media":0,"parent":0,"menu_order":0,"comment_status":"closed","ping_status":"closed","template":"","meta":{"ngg_post_thumbnail":0,"footnotes":"","_links_to":"","_links_to_target":""},"class_list":["post-1496","page","type-page","status-publish","hentry"],"yoast_head":"<!-- This site is optimized with the Yoast SEO plugin v24.6 - https:\/\/yoast.com\/wordpress\/plugins\/seo\/ -->\n<title>Dienstleister f\u00fcr Laserbeschriftung | Laser Competence Center | Laserzentrum Schorcht GmbH<\/title>\n<meta name=\"description\" content=\"Sie suchen einen Dienstleister f\u00fcr Laserbeschriftung? \u2705 Laserzentrum Schorcht GmbH ist Ihr Competence Center f\u00fcr Markieraufgaben. \u2705 Nutzen Sie unser Applikationslabor! \u2705\" \/>\n<meta name=\"robots\" content=\"index, follow, max-snippet:-1, max-image-preview:large, max-video-preview:-1\" \/>\n<link rel=\"canonical\" href=\"https:\/\/form-klar.de\/agnilaser2025\/dienstleister-fuer-laserbeschriftung\/\" \/>\n<meta property=\"og:locale\" content=\"de_DE\" \/>\n<meta property=\"og:type\" content=\"article\" \/>\n<meta property=\"og:title\" content=\"Dienstleister f\u00fcr Laserbeschriftung | Laser Competence Center | Laserzentrum Schorcht GmbH\" \/>\n<meta property=\"og:description\" content=\"Sie suchen einen Dienstleister f\u00fcr Laserbeschriftung? \u2705 Laserzentrum Schorcht GmbH ist Ihr Competence Center f\u00fcr Markieraufgaben. \u2705 Nutzen Sie unser Applikationslabor! \u2705\" \/>\n<meta property=\"og:url\" content=\"https:\/\/form-klar.de\/agnilaser2025\/dienstleister-fuer-laserbeschriftung\/\" \/>\n<meta property=\"og:site_name\" content=\"Laserzentrum Schorcht GmbH\" \/>\n<meta property=\"og:image\" content=\"https:\/\/form-klar.de\/agnilaser2025\/\/wp-content\/uploads\/AdobeStock_70530795-1024x576.jpeg\" \/>\n<meta name=\"twitter:label1\" content=\"Gesch\u00e4tzte Lesezeit\" \/>\n\t<meta name=\"twitter:data1\" content=\"2\u00a0Minuten\" \/>\n<script type=\"application\/ld+json\" class=\"yoast-schema-graph\">{\"@context\":\"https:\/\/schema.org\",\"@graph\":[{\"@type\":\"WebPage\",\"@id\":\"https:\/\/form-klar.de\/agnilaser2025\/dienstleister-fuer-laserbeschriftung\/\",\"url\":\"https:\/\/form-klar.de\/agnilaser2025\/dienstleister-fuer-laserbeschriftung\/\",\"name\":\"Dienstleister f\u00fcr Laserbeschriftung | Laser Competence Center | Laserzentrum Schorcht GmbH\",\"isPartOf\":{\"@id\":\"https:\/\/form-klar.de\/agnilaser2025\/#website\"},\"primaryImageOfPage\":{\"@id\":\"https:\/\/form-klar.de\/agnilaser2025\/dienstleister-fuer-laserbeschriftung\/#primaryimage\"},\"image\":{\"@id\":\"https:\/\/form-klar.de\/agnilaser2025\/dienstleister-fuer-laserbeschriftung\/#primaryimage\"},\"thumbnailUrl\":\"https:\/\/form-klar.de\/agnilaser2025\/\/wp-content\/uploads\/AdobeStock_70530795-1024x576.jpeg\",\"datePublished\":\"2019-10-24T12:32:04+00:00\",\"description\":\"Sie suchen einen Dienstleister f\u00fcr Laserbeschriftung? \u2705 Laserzentrum Schorcht GmbH ist Ihr Competence Center f\u00fcr Markieraufgaben. \u2705 Nutzen Sie unser Applikationslabor! \u2705\",\"inLanguage\":\"de\",\"potentialAction\":[{\"@type\":\"ReadAction\",\"target\":[\"https:\/\/form-klar.de\/agnilaser2025\/dienstleister-fuer-laserbeschriftung\/\"]}]},{\"@type\":\"ImageObject\",\"inLanguage\":\"de\",\"@id\":\"https:\/\/form-klar.de\/agnilaser2025\/dienstleister-fuer-laserbeschriftung\/#primaryimage\",\"url\":\"https:\/\/form-klar.de\/agnilaser2025\/\/wp-content\/uploads\/AdobeStock_70530795-1024x576.jpeg\",\"contentUrl\":\"https:\/\/form-klar.de\/agnilaser2025\/\/wp-content\/uploads\/AdobeStock_70530795-1024x576.jpeg\"},{\"@type\":\"WebSite\",\"@id\":\"https:\/\/form-klar.de\/agnilaser2025\/#website\",\"url\":\"https:\/\/form-klar.de\/agnilaser2025\/\",\"name\":\"Laserzentrum Schorcht GmbH\",\"description\":\"\",\"potentialAction\":[{\"@type\":\"SearchAction\",\"target\":{\"@type\":\"EntryPoint\",\"urlTemplate\":\"https:\/\/form-klar.de\/agnilaser2025\/?s={search_term_string}\"},\"query-input\":{\"@type\":\"PropertyValueSpecification\",\"valueRequired\":true,\"valueName\":\"search_term_string\"}}],\"inLanguage\":\"de\"}]}<\/script>\n<!-- \/ Yoast SEO plugin. -->","yoast_head_json":{"title":"Dienstleister f\u00fcr Laserbeschriftung | Laser Competence Center | Laserzentrum Schorcht GmbH","description":"Sie suchen einen Dienstleister f\u00fcr Laserbeschriftung? \u2705 Laserzentrum Schorcht GmbH ist Ihr Competence Center f\u00fcr Markieraufgaben. \u2705 Nutzen Sie unser Applikationslabor! \u2705","robots":{"index":"index","follow":"follow","max-snippet":"max-snippet:-1","max-image-preview":"max-image-preview:large","max-video-preview":"max-video-preview:-1"},"canonical":"https:\/\/form-klar.de\/agnilaser2025\/dienstleister-fuer-laserbeschriftung\/","og_locale":"de_DE","og_type":"article","og_title":"Dienstleister f\u00fcr Laserbeschriftung | Laser Competence Center | Laserzentrum Schorcht GmbH","og_description":"Sie suchen einen Dienstleister f\u00fcr Laserbeschriftung? \u2705 Laserzentrum Schorcht GmbH ist Ihr Competence Center f\u00fcr Markieraufgaben. \u2705 Nutzen Sie unser Applikationslabor! \u2705","og_url":"https:\/\/form-klar.de\/agnilaser2025\/dienstleister-fuer-laserbeschriftung\/","og_site_name":"Laserzentrum Schorcht GmbH","og_image":[{"url":"https:\/\/form-klar.de\/agnilaser2025\/\/wp-content\/uploads\/AdobeStock_70530795-1024x576.jpeg","type":"","width":"","height":""}],"twitter_misc":{"Gesch\u00e4tzte Lesezeit":"2\u00a0Minuten"},"schema":{"@context":"https:\/\/schema.org","@graph":[{"@type":"WebPage","@id":"https:\/\/form-klar.de\/agnilaser2025\/dienstleister-fuer-laserbeschriftung\/","url":"https:\/\/form-klar.de\/agnilaser2025\/dienstleister-fuer-laserbeschriftung\/","name":"Dienstleister f\u00fcr Laserbeschriftung | Laser Competence Center | Laserzentrum Schorcht GmbH","isPartOf":{"@id":"https:\/\/form-klar.de\/agnilaser2025\/#website"},"primaryImageOfPage":{"@id":"https:\/\/form-klar.de\/agnilaser2025\/dienstleister-fuer-laserbeschriftung\/#primaryimage"},"image":{"@id":"https:\/\/form-klar.de\/agnilaser2025\/dienstleister-fuer-laserbeschriftung\/#primaryimage"},"thumbnailUrl":"https:\/\/form-klar.de\/agnilaser2025\/\/wp-content\/uploads\/AdobeStock_70530795-1024x576.jpeg","datePublished":"2019-10-24T12:32:04+00:00","description":"Sie suchen einen Dienstleister f\u00fcr Laserbeschriftung? \u2705 Laserzentrum Schorcht GmbH ist Ihr Competence Center f\u00fcr Markieraufgaben. \u2705 Nutzen Sie unser Applikationslabor! \u2705","inLanguage":"de","potentialAction":[{"@type":"ReadAction","target":["https:\/\/form-klar.de\/agnilaser2025\/dienstleister-fuer-laserbeschriftung\/"]}]},{"@type":"ImageObject","inLanguage":"de","@id":"https:\/\/form-klar.de\/agnilaser2025\/dienstleister-fuer-laserbeschriftung\/#primaryimage","url":"https:\/\/form-klar.de\/agnilaser2025\/\/wp-content\/uploads\/AdobeStock_70530795-1024x576.jpeg","contentUrl":"https:\/\/form-klar.de\/agnilaser2025\/\/wp-content\/uploads\/AdobeStock_70530795-1024x576.jpeg"},{"@type":"WebSite","@id":"https:\/\/form-klar.de\/agnilaser2025\/#website","url":"https:\/\/form-klar.de\/agnilaser2025\/","name":"Laserzentrum Schorcht GmbH","description":"","potentialAction":[{"@type":"SearchAction","target":{"@type":"EntryPoint","urlTemplate":"https:\/\/form-klar.de\/agnilaser2025\/?s={search_term_string}"},"query-input":{"@type":"PropertyValueSpecification","valueRequired":true,"valueName":"search_term_string"}}],"inLanguage":"de"}]}},"_links":{"self":[{"href":"https:\/\/form-klar.de\/agnilaser2025\/wp-json\/wp\/v2\/pages\/1496","targetHints":{"allow":["GET"]}}],"collection":[{"href":"https:\/\/form-klar.de\/agnilaser2025\/wp-json\/wp\/v2\/pages"}],"about":[{"href":"https:\/\/form-klar.de\/agnilaser2025\/wp-json\/wp\/v2\/types\/page"}],"author":[{"embeddable":true,"href":"https:\/\/form-klar.de\/agnilaser2025\/wp-json\/wp\/v2\/users\/10"}],"replies":[{"embeddable":true,"href":"https:\/\/form-klar.de\/agnilaser2025\/wp-json\/wp\/v2\/comments?post=1496"}],"version-history":[{"count":0,"href":"https:\/\/form-klar.de\/agnilaser2025\/wp-json\/wp\/v2\/pages\/1496\/revisions"}],"wp:attachment":[{"href":"https:\/\/form-klar.de\/agnilaser2025\/wp-json\/wp\/v2\/media?parent=1496"}],"curies":[{"name":"wp","href":"https:\/\/api.w.org\/{rel}","templated":true}]}}