{"id":1430,"date":"2019-04-17T11:35:31","date_gmt":"2019-04-17T11:35:31","guid":{"rendered":"http:\/\/www.agnilaser.de\/?page_id=1430"},"modified":"2025-02-26T09:45:51","modified_gmt":"2025-02-26T09:45:51","slug":"laserschneiden-von-kupfer","status":"publish","type":"page","link":"https:\/\/form-klar.de\/agnilaser2025\/laserschneiden-von-kupfer\/","title":{"rendered":"Laserschneiden von Kupfer"},"content":{"rendered":"<h2>Laserschneiden von Kupfer in Lohnfertigung<\/h2>\n<p><strong>Laserschneiden von Kupfer im Lohn<\/strong> \u2013 das ist die Kompetenz von Laserzentrum Schorcht GmbH. Wir haben uns auf die Anforderung in der Lohnfertigung seit einigen Jahren optimal eingestellt. Sie sind auf der Suche nach einem neuen <strong>Partner f\u00fcr Ihre Lohnfertigung<\/strong>? Wir schneiden <strong>Kupferrohre<\/strong> und <strong>Kupferbleche<\/strong>. Beispielsweise schneiden wir in Serie \u2013 <a href=\"https:\/\/form-klar.de\/agnilaser2025\/\/aktuelles\/tuev-zertifizierungen\/\"><strong>effektiv mit unserem zuverl\u00e4ssigen Service<\/strong><\/a>.<\/p>\n<h3>Laserschneiden von Kupfer: Liefern Sie uns Ihre Vorgaben \u2013 Dateien oder auch Skizzen!<\/h3>\n<p>Wir halten f\u00fcr unsere Kunden immer einen modernen <strong>Maschinenpark<\/strong> vor. Ebenso<strong> schneiden wir Kupferrohre<\/strong> oder <strong>Kupferbleche<\/strong> mit <a href=\"https:\/\/form-klar.de\/agnilaser2025\/\/laserzuschnitt\/\"><strong>modernster Lasertechnik<\/strong><\/a>. Wie gehen wir dabei vor? Beim <strong>CNC-Laserschneiden<\/strong> schneiden wir nach Ihren Vorgaben. <strong>Sie liefern Ihre Dateien<\/strong>. Und schon kann es losgehen. Aber auch nach Ihren <strong>Zeichnungen und Skizzen<\/strong> fertigen wir. Als Dienstleister geht es uns um ein <strong>perfektes Produkt<\/strong> f\u00fcr unsere Kunden.<\/p>\n<h3>Weitere Leistungen als Lohnfertiger f\u00fcr Kupfer<\/h3>\n<p>Zur <strong>Fertigung im Lohn<\/strong> stehen Ihnen <strong>14 Laseranlagen<\/strong> mit einer <strong>Gesamtleistung von 20.000 Watt<\/strong> zur Verf\u00fcgung. Neben dem <strong>Laserschneiden<\/strong> bieten wir Ihnen \u00fcbrigens weitere Leistungen an. Ob <strong>Beschriften<\/strong>, <strong>Reparaturschwei\u00dfen<\/strong> oder <strong>Laserbohren<\/strong> \u2013 <a href=\"https:\/\/form-klar.de\/agnilaser2025\/kontakt\/\"><strong>nehmen Sie mit uns Kontakt auf<\/strong><\/a>.<\/p>\n<h3>Laserschnitt \u2013 Material wie Kupfer schneiden<\/h3>\n<p><strong>Laserschneiden ist Ihre kosteng\u00fcnstige Alternative<\/strong>. Denn in der <strong>Metallverarbeitung<\/strong> spielt <strong>Kosteneffizienz<\/strong> eine gro\u00dfe Rolle. Wir richten uns streng nach Ihren W\u00fcnschen. Zudem bieten wir Ihnen aber auch eine <a href=\"https:\/\/form-klar.de\/agnilaser2025\/\/aktuelles\/zertifizierung-2017\/\"><strong>zertifizierte Beratung<\/strong><\/a> an. Denn seit <strong>mehr als 20 Jahren<\/strong> arbeiten wir mit <strong>CNC-Laser<\/strong>. Sie m\u00f6chten vor der Serienreife <strong>Erstmuster herstellen<\/strong> lassen? Auch f\u00fcr diese Leistungen stehen wir Ihnen gern zur Verf\u00fcgung. Wir liefern ihnen das <strong>komplette Paket mit Qualit\u00e4tspr\u00fcfung<\/strong> und <strong>Pr\u00fcfprotokoll<\/strong>. Mit unserem <strong>Applikationslabor<\/strong> stehen wir bereit. Denn f\u00fcr unterschiedliche <strong>Ziele und Muster<\/strong> brauchen Sie unser Wissen.<\/p>\n<p>Gern beantworten wir Ihre Fragen rund um <a href=\"https:\/\/form-klar.de\/agnilaser2025\/\/blechbearbeitung\/\"><strong>Kupferbleche<\/strong><\/a> und <strong>Kupferrohre<\/strong>. Beim <strong>Laserschneiden von Kupfer<\/strong> m\u00fcssen bestimmte <strong>Laser zum Einsatz<\/strong> kommen. Wir achten darauf, dass der W\u00e4rmeeintrag beim <strong>Laserschneiden optimal niedrig<\/strong> bleibt. <strong>Ob gepulste Laser oder Micro-Laserschneiden<\/strong> \u2013 wir sind dabei. Ob <strong>Bleche<\/strong> oder <strong>Rohre<\/strong> \u2013 <strong>Laserzentrum Schorcht GmbH ist Ihr Partner<\/strong>. Sie haben Interesse?<\/p>\n<p>Wir stehen bereit f\u00fcr das <strong>Laserschneiden von Kupfer<\/strong> \u2013 <a href=\"https:\/\/form-klar.de\/agnilaser2025\/\/edelstahl-lasern\/\"><strong>mit unseren leistungsstarken &amp; modernen Lasern<\/strong><\/a>.<\/p>\n","protected":false},"excerpt":{"rendered":"<p>Laserschneiden von Kupfer in Lohnfertigung Laserschneiden von Kupfer im Lohn \u2013 das ist die Kompetenz von Laserzentrum Schorcht GmbH. Wir haben uns auf die Anforderung [&hellip;]<\/p>\n","protected":false},"author":10,"featured_media":0,"parent":0,"menu_order":0,"comment_status":"closed","ping_status":"closed","template":"","meta":{"ngg_post_thumbnail":0,"footnotes":"","_links_to":"","_links_to_target":""},"class_list":["post-1430","page","type-page","status-publish","hentry"],"yoast_head":"<!-- This site is optimized with the Yoast SEO plugin v24.6 - https:\/\/yoast.com\/wordpress\/plugins\/seo\/ -->\n<title>Laserschneiden von Kupfer | Top Qualit\u00e4t im Lohn | Laserzentrum Schorcht GmbH<\/title>\n<meta name=\"description\" content=\"Laserschneiden von Kupfer und Kupferblechen \u2705 Lohnfertiger \u2705 modernste Laserschneidanlagen \u2705 Zuverl\u00e4ssig und individuell in Serie Schneiden! \u2705\" \/>\n<meta name=\"robots\" content=\"index, follow, max-snippet:-1, max-image-preview:large, max-video-preview:-1\" \/>\n<link rel=\"canonical\" href=\"https:\/\/form-klar.de\/agnilaser2025\/laserschneiden-von-kupfer\/\" \/>\n<meta property=\"og:locale\" content=\"de_DE\" \/>\n<meta property=\"og:type\" content=\"article\" \/>\n<meta property=\"og:title\" content=\"Laserschneiden von Kupfer | Top Qualit\u00e4t im Lohn | Laserzentrum Schorcht GmbH\" \/>\n<meta property=\"og:description\" content=\"Laserschneiden von Kupfer und Kupferblechen \u2705 Lohnfertiger \u2705 modernste Laserschneidanlagen \u2705 Zuverl\u00e4ssig und individuell in Serie Schneiden! \u2705\" \/>\n<meta property=\"og:url\" content=\"https:\/\/form-klar.de\/agnilaser2025\/laserschneiden-von-kupfer\/\" \/>\n<meta property=\"og:site_name\" content=\"Laserzentrum Schorcht GmbH\" \/>\n<meta property=\"article:modified_time\" content=\"2025-02-26T09:45:51+00:00\" \/>\n<meta name=\"twitter:label1\" content=\"Gesch\u00e4tzte Lesezeit\" \/>\n\t<meta name=\"twitter:data1\" content=\"2\u00a0Minuten\" \/>\n<script type=\"application\/ld+json\" class=\"yoast-schema-graph\">{\"@context\":\"https:\/\/schema.org\",\"@graph\":[{\"@type\":\"WebPage\",\"@id\":\"https:\/\/form-klar.de\/agnilaser2025\/laserschneiden-von-kupfer\/\",\"url\":\"https:\/\/form-klar.de\/agnilaser2025\/laserschneiden-von-kupfer\/\",\"name\":\"Laserschneiden von Kupfer | Top Qualit\u00e4t im Lohn | Laserzentrum Schorcht GmbH\",\"isPartOf\":{\"@id\":\"https:\/\/form-klar.de\/agnilaser2025\/#website\"},\"datePublished\":\"2019-04-17T11:35:31+00:00\",\"dateModified\":\"2025-02-26T09:45:51+00:00\",\"description\":\"Laserschneiden von Kupfer und Kupferblechen \u2705 Lohnfertiger \u2705 modernste Laserschneidanlagen \u2705 Zuverl\u00e4ssig und individuell in Serie Schneiden! \u2705\",\"inLanguage\":\"de\",\"potentialAction\":[{\"@type\":\"ReadAction\",\"target\":[\"https:\/\/form-klar.de\/agnilaser2025\/laserschneiden-von-kupfer\/\"]}]},{\"@type\":\"WebSite\",\"@id\":\"https:\/\/form-klar.de\/agnilaser2025\/#website\",\"url\":\"https:\/\/form-klar.de\/agnilaser2025\/\",\"name\":\"Laserzentrum Schorcht GmbH\",\"description\":\"\",\"potentialAction\":[{\"@type\":\"SearchAction\",\"target\":{\"@type\":\"EntryPoint\",\"urlTemplate\":\"https:\/\/form-klar.de\/agnilaser2025\/?s={search_term_string}\"},\"query-input\":{\"@type\":\"PropertyValueSpecification\",\"valueRequired\":true,\"valueName\":\"search_term_string\"}}],\"inLanguage\":\"de\"}]}<\/script>\n<!-- \/ Yoast SEO plugin. -->","yoast_head_json":{"title":"Laserschneiden von Kupfer | Top Qualit\u00e4t im Lohn | Laserzentrum Schorcht GmbH","description":"Laserschneiden von Kupfer und Kupferblechen \u2705 Lohnfertiger \u2705 modernste Laserschneidanlagen \u2705 Zuverl\u00e4ssig und individuell in Serie Schneiden! \u2705","robots":{"index":"index","follow":"follow","max-snippet":"max-snippet:-1","max-image-preview":"max-image-preview:large","max-video-preview":"max-video-preview:-1"},"canonical":"https:\/\/form-klar.de\/agnilaser2025\/laserschneiden-von-kupfer\/","og_locale":"de_DE","og_type":"article","og_title":"Laserschneiden von Kupfer | Top Qualit\u00e4t im Lohn | Laserzentrum Schorcht GmbH","og_description":"Laserschneiden von Kupfer und Kupferblechen \u2705 Lohnfertiger \u2705 modernste Laserschneidanlagen \u2705 Zuverl\u00e4ssig und individuell in Serie Schneiden! \u2705","og_url":"https:\/\/form-klar.de\/agnilaser2025\/laserschneiden-von-kupfer\/","og_site_name":"Laserzentrum Schorcht GmbH","article_modified_time":"2025-02-26T09:45:51+00:00","twitter_misc":{"Gesch\u00e4tzte Lesezeit":"2\u00a0Minuten"},"schema":{"@context":"https:\/\/schema.org","@graph":[{"@type":"WebPage","@id":"https:\/\/form-klar.de\/agnilaser2025\/laserschneiden-von-kupfer\/","url":"https:\/\/form-klar.de\/agnilaser2025\/laserschneiden-von-kupfer\/","name":"Laserschneiden von Kupfer | Top Qualit\u00e4t im Lohn | Laserzentrum Schorcht GmbH","isPartOf":{"@id":"https:\/\/form-klar.de\/agnilaser2025\/#website"},"datePublished":"2019-04-17T11:35:31+00:00","dateModified":"2025-02-26T09:45:51+00:00","description":"Laserschneiden von Kupfer und Kupferblechen \u2705 Lohnfertiger \u2705 modernste Laserschneidanlagen \u2705 Zuverl\u00e4ssig und individuell in Serie Schneiden! \u2705","inLanguage":"de","potentialAction":[{"@type":"ReadAction","target":["https:\/\/form-klar.de\/agnilaser2025\/laserschneiden-von-kupfer\/"]}]},{"@type":"WebSite","@id":"https:\/\/form-klar.de\/agnilaser2025\/#website","url":"https:\/\/form-klar.de\/agnilaser2025\/","name":"Laserzentrum Schorcht GmbH","description":"","potentialAction":[{"@type":"SearchAction","target":{"@type":"EntryPoint","urlTemplate":"https:\/\/form-klar.de\/agnilaser2025\/?s={search_term_string}"},"query-input":{"@type":"PropertyValueSpecification","valueRequired":true,"valueName":"search_term_string"}}],"inLanguage":"de"}]}},"_links":{"self":[{"href":"https:\/\/form-klar.de\/agnilaser2025\/wp-json\/wp\/v2\/pages\/1430","targetHints":{"allow":["GET"]}}],"collection":[{"href":"https:\/\/form-klar.de\/agnilaser2025\/wp-json\/wp\/v2\/pages"}],"about":[{"href":"https:\/\/form-klar.de\/agnilaser2025\/wp-json\/wp\/v2\/types\/page"}],"author":[{"embeddable":true,"href":"https:\/\/form-klar.de\/agnilaser2025\/wp-json\/wp\/v2\/users\/10"}],"replies":[{"embeddable":true,"href":"https:\/\/form-klar.de\/agnilaser2025\/wp-json\/wp\/v2\/comments?post=1430"}],"version-history":[{"count":1,"href":"https:\/\/form-klar.de\/agnilaser2025\/wp-json\/wp\/v2\/pages\/1430\/revisions"}],"predecessor-version":[{"id":4436,"href":"https:\/\/form-klar.de\/agnilaser2025\/wp-json\/wp\/v2\/pages\/1430\/revisions\/4436"}],"wp:attachment":[{"href":"https:\/\/form-klar.de\/agnilaser2025\/wp-json\/wp\/v2\/media?parent=1430"}],"curies":[{"name":"wp","href":"https:\/\/api.w.org\/{rel}","templated":true}]}}